{"id":3875,"date":"2019-04-25T10:23:33","date_gmt":"2019-04-25T10:23:33","guid":{"rendered":"https:\/\/www.szekelykapuk.ro\/?page_id=3875"},"modified":"2019-04-25T10:24:28","modified_gmt":"2019-04-25T10:24:28","slug":"59-2","status":"publish","type":"page","link":"https:\/\/www.szekelykapuk.ro\/index.php\/59-2\/","title":{"rendered":"59."},"content":{"rendered":"<p><span id=\"fbPhotoSnowliftCaption\" class=\"fbPhotosPhotoCaption\" tabindex=\"0\" aria-live=\"polite\" data-ft=\"{&quot;tn&quot;:&quot;K&quot;}\"><span class=\"hasCaption\">Bal\u00e1nb\u00e1nya, Kov\u00e1cspataka utca, 4.sz\u00e1m. \u00c9p\u00fclt 1983-ban. Felirat a kapu k\u00fcls\u0151 fel\u00e9n: &#8220;\u00c1ld\u00e1s a bel\u00e9p\u0151nek, b\u00e9ke a kil\u00e9p\u0151nek&#8221;. &#8220;\u00c9p\u00fclt 1983.&#8221; A kapu bels\u0151 fel\u00e9n: &#8220;K\u00c9SZ\u00cdTETTE \u00c9S \u00c1L\u00cdTOTTA BIRO TIBOR \u00c9S NEJE KURK\u00d3 MAGDOLNA&#8221;.<\/span><\/span><\/p>\n<div class=\"better-gallery-container\"><div id=\"gallery-2078350892\" class=\"better-gallery  better-gallery-img-publisher-lg\" data-gallery-id=\"2078350892\"> <div class=\"fotorama\" data-nav=\"thumbs\" data-auto=\"false\" data-ratio=\"16\/7\"><div data-thumb=\"https:\/\/www.szekelykapuk.ro\/wp-content\/uploads\/2019\/04\/58667599_1404417099700993_4982833328093659136_o-150x150.jpg\">\n                        <a href=\"https:\/\/www.szekelykapuk.ro\/wp-content\/uploads\/2019\/04\/58667599_1404417099700993_4982833328093659136_o.jpg\" class=\"slide-link\" data-not-rel=\"true\">\n                            <img decoding=\"async\"  data-id=\"3876\" src=\"https:\/\/www.szekelykapuk.ro\/wp-content\/uploads\/2019\/04\/58667599_1404417099700993_4982833328093659136_o-750x430.jpg\">\n                        <\/a>\n                    <div class=\"slide-title-wrap\"><\/div><\/div><div data-thumb=\"https:\/\/www.szekelykapuk.ro\/wp-content\/uploads\/2019\/04\/58570963_1404417209700982_7265260429012631552_o-150x150.jpg\">\n                        <a href=\"https:\/\/www.szekelykapuk.ro\/wp-content\/uploads\/2019\/04\/58570963_1404417209700982_7265260429012631552_o.jpg\" class=\"slide-link\" data-not-rel=\"true\">\n                            <img decoding=\"async\"  data-id=\"3877\" src=\"https:\/\/www.szekelykapuk.ro\/wp-content\/uploads\/2019\/04\/58570963_1404417209700982_7265260429012631552_o-750x430.jpg\">\n                        <\/a>\n                    <div class=\"slide-title-wrap\"><\/div><\/div><div data-thumb=\"https:\/\/www.szekelykapuk.ro\/wp-content\/uploads\/2019\/04\/57955776_1404417026367667_1737479236630872064_n-150x150.jpg\">\n                        <a href=\"https:\/\/www.szekelykapuk.ro\/wp-content\/uploads\/2019\/04\/57955776_1404417026367667_1737479236630872064_n.jpg\" class=\"slide-link\" data-not-rel=\"true\">\n                            <img decoding=\"async\"  data-id=\"3878\" src=\"https:\/\/www.szekelykapuk.ro\/wp-content\/uploads\/2019\/04\/57955776_1404417026367667_1737479236630872064_n-637x430.jpg\">\n                        <\/a>\n                    <div class=\"slide-title-wrap\"><\/div><\/div><div data-thumb=\"https:\/\/www.szekelykapuk.ro\/wp-content\/uploads\/2019\/04\/59203814_1404417049700998_5842687331236052992_n-150x150.jpg\">\n                        <a href=\"https:\/\/www.szekelykapuk.ro\/wp-content\/uploads\/2019\/04\/59203814_1404417049700998_5842687331236052992_n.jpg\" class=\"slide-link\" data-not-rel=\"true\">\n                            <img decoding=\"async\"  data-id=\"3879\" src=\"https:\/\/www.szekelykapuk.ro\/wp-content\/uploads\/2019\/04\/59203814_1404417049700998_5842687331236052992_n-637x430.jpg\">\n                        <\/a>\n                    <div class=\"slide-title-wrap\"><\/div><\/div><div data-thumb=\"https:\/\/www.szekelykapuk.ro\/wp-content\/uploads\/2019\/04\/57989044_1404417119700991_3187691084612370432_o-150x150.jpg\">\n                        <a href=\"https:\/\/www.szekelykapuk.ro\/wp-content\/uploads\/2019\/04\/57989044_1404417119700991_3187691084612370432_o.jpg\" class=\"slide-link\" data-not-rel=\"true\">\n                            <img decoding=\"async\"  data-id=\"3880\" src=\"https:\/\/www.szekelykapuk.ro\/wp-content\/uploads\/2019\/04\/57989044_1404417119700991_3187691084612370432_o-750x430.jpg\">\n                        <\/a>\n                    <div class=\"slide-title-wrap\"><\/div><\/div><div data-thumb=\"https:\/\/www.szekelykapuk.ro\/wp-content\/uploads\/2019\/04\/58382344_1404417233034313_9174233990331105280_o-150x150.jpg\">\n                        <a href=\"https:\/\/www.szekelykapuk.ro\/wp-content\/uploads\/2019\/04\/58382344_1404417233034313_9174233990331105280_o.jpg\" class=\"slide-link\" data-not-rel=\"true\">\n                            <img decoding=\"async\"  data-id=\"3881\" src=\"https:\/\/www.szekelykapuk.ro\/wp-content\/uploads\/2019\/04\/58382344_1404417233034313_9174233990331105280_o-750x430.jpg\">\n                        <\/a>\n                    <div class=\"slide-title-wrap\"><\/div><\/div><div data-thumb=\"https:\/\/www.szekelykapuk.ro\/wp-content\/uploads\/2019\/04\/58380732_1404417079700995_5495527358083366912_o-150x150.jpg\">\n                        <a href=\"https:\/\/www.szekelykapuk.ro\/wp-content\/uploads\/2019\/04\/58380732_1404417079700995_5495527358083366912_o.jpg\" class=\"slide-link\" data-not-rel=\"true\">\n                            <img decoding=\"async\"  data-id=\"3882\" src=\"https:\/\/www.szekelykapuk.ro\/wp-content\/uploads\/2019\/04\/58380732_1404417079700995_5495527358083366912_o-750x430.jpg\">\n                        <\/a>\n                    <div class=\"slide-title-wrap\"><\/div><\/div><div data-thumb=\"https:\/\/www.szekelykapuk.ro\/wp-content\/uploads\/2019\/04\/58659941_1404417136367656_4935514934659252224_o-150x150.jpg\">\n                        <a href=\"https:\/\/www.szekelykapuk.ro\/wp-content\/uploads\/2019\/04\/58659941_1404417136367656_4935514934659252224_o.jpg\" class=\"slide-link\" data-not-rel=\"true\">\n                            <img decoding=\"async\"  data-id=\"3883\" src=\"https:\/\/www.szekelykapuk.ro\/wp-content\/uploads\/2019\/04\/58659941_1404417136367656_4935514934659252224_o-750x430.jpg\">\n                        <\/a>\n                    <div class=\"slide-title-wrap\"><\/div><\/div><div data-thumb=\"https:\/\/www.szekelykapuk.ro\/wp-content\/uploads\/2019\/04\/58420189_1404417159700987_1198514278965968896_o-150x150.jpg\">\n                        <a href=\"https:\/\/www.szekelykapuk.ro\/wp-content\/uploads\/2019\/04\/58420189_1404417159700987_1198514278965968896_o.jpg\" class=\"slide-link\" data-not-rel=\"true\">\n                            <img decoding=\"async\"  data-id=\"3884\" src=\"https:\/\/www.szekelykapuk.ro\/wp-content\/uploads\/2019\/04\/58420189_1404417159700987_1198514278965968896_o-750x430.jpg\">\n                        <\/a>\n                    <div class=\"slide-title-wrap\"><\/div><\/div><div data-thumb=\"https:\/\/www.szekelykapuk.ro\/wp-content\/uploads\/2019\/04\/58379838_1404417193034317_8014102734577860608_o-150x150.jpg\">\n                        <a href=\"https:\/\/www.szekelykapuk.ro\/wp-content\/uploads\/2019\/04\/58379838_1404417193034317_8014102734577860608_o.jpg\" class=\"slide-link\" data-not-rel=\"true\">\n                            <img decoding=\"async\"  data-id=\"3885\" src=\"https:\/\/www.szekelykapuk.ro\/wp-content\/uploads\/2019\/04\/58379838_1404417193034317_8014102734577860608_o-750x430.jpg\">\n                        <\/a>\n                    <div class=\"slide-title-wrap\"><\/div><\/div><\/div><div class=\"gallery-title clearfix\">    <span class=\"prev\"><i class=\"fa fa-angle-left\"><\/i> El\u0151z\u0151<\/span>\n                    <span class=\"count\"><i class=\"current\">1<\/i> A <i class=\"total\">10<\/i><\/span>\n                    <span class=\"next\">K\u00f6vetkez\u0151 <i class=\"fa fa-angle-right\"><\/i><\/span>\n                <\/div><\/div><script>var prt_gal_img_2078350892 = [\"https:\\\/\\\/www.szekelykapuk.ro\\\/wp-content\\\/uploads\\\/2019\\\/04\\\/58667599_1404417099700993_4982833328093659136_o.jpg\",\"https:\\\/\\\/www.szekelykapuk.ro\\\/wp-content\\\/uploads\\\/2019\\\/04\\\/58570963_1404417209700982_7265260429012631552_o.jpg\",\"https:\\\/\\\/www.szekelykapuk.ro\\\/wp-content\\\/uploads\\\/2019\\\/04\\\/57955776_1404417026367667_1737479236630872064_n.jpg\",\"https:\\\/\\\/www.szekelykapuk.ro\\\/wp-content\\\/uploads\\\/2019\\\/04\\\/59203814_1404417049700998_5842687331236052992_n.jpg\",\"https:\\\/\\\/www.szekelykapuk.ro\\\/wp-content\\\/uploads\\\/2019\\\/04\\\/57989044_1404417119700991_3187691084612370432_o.jpg\",\"https:\\\/\\\/www.szekelykapuk.ro\\\/wp-content\\\/uploads\\\/2019\\\/04\\\/58382344_1404417233034313_9174233990331105280_o.jpg\",\"https:\\\/\\\/www.szekelykapuk.ro\\\/wp-content\\\/uploads\\\/2019\\\/04\\\/58380732_1404417079700995_5495527358083366912_o.jpg\",\"https:\\\/\\\/www.szekelykapuk.ro\\\/wp-content\\\/uploads\\\/2019\\\/04\\\/58659941_1404417136367656_4935514934659252224_o.jpg\",\"https:\\\/\\\/www.szekelykapuk.ro\\\/wp-content\\\/uploads\\\/2019\\\/04\\\/58420189_1404417159700987_1198514278965968896_o.jpg\",\"https:\\\/\\\/www.szekelykapuk.ro\\\/wp-content\\\/uploads\\\/2019\\\/04\\\/58379838_1404417193034317_8014102734577860608_o.jpg\"]; var prt_gal_cap_2078350892 = [\"\",\"\",\"\",\"\",\"\",\"\",\"\",\"\",\"\",\"\"]; <\/script><\/div>\n","protected":false},"excerpt":{"rendered":"<p>Bal\u00e1nb\u00e1nya, Kov\u00e1cspataka utca, 4.sz\u00e1m. \u00c9p\u00fclt 1983-ban. Felirat a kapu k\u00fcls\u0151 fel\u00e9n: &#8220;\u00c1ld\u00e1s a bel\u00e9p\u0151nek, b\u00e9ke a kil\u00e9p\u0151nek&#8221;. &#8220;\u00c9p\u00fclt 1983.&#8221; A kapu bels\u0151 fel\u00e9n: &#8220;K\u00c9SZ\u00cdTETTE \u00c9S \u00c1L\u00cdTOTTA BIRO TIBOR \u00c9S NEJE KURK\u00d3 MAGDOLNA&#8221;.<\/p>\n","protected":false},"author":1,"featured_media":0,"parent":0,"menu_order":0,"comment_status":"closed","ping_status":"closed","template":"","meta":{"_bbp_topic_count":0,"_bbp_reply_count":0,"_bbp_total_topic_count":0,"_bbp_total_reply_count":0,"_bbp_voice_count":0,"_bbp_anonymous_reply_count":0,"_bbp_topic_count_hidden":0,"_bbp_reply_count_hidden":0,"_bbp_forum_subforum_count":0,"footnotes":""},"class_list":["post-3875","page","type-page","status-publish","hentry"],"_links":{"self":[{"href":"https:\/\/www.szekelykapuk.ro\/index.php\/wp-json\/wp\/v2\/pages\/3875","targetHints":{"allow":["GET"]}}],"collection":[{"href":"https:\/\/www.szekelykapuk.ro\/index.php\/wp-json\/wp\/v2\/pages"}],"about":[{"href":"https:\/\/www.szekelykapuk.ro\/index.php\/wp-json\/wp\/v2\/types\/page"}],"author":[{"embeddable":true,"href":"https:\/\/www.szekelykapuk.ro\/index.php\/wp-json\/wp\/v2\/users\/1"}],"replies":[{"embeddable":true,"href":"https:\/\/www.szekelykapuk.ro\/index.php\/wp-json\/wp\/v2\/comments?post=3875"}],"version-history":[{"count":1,"href":"https:\/\/www.szekelykapuk.ro\/index.php\/wp-json\/wp\/v2\/pages\/3875\/revisions"}],"predecessor-version":[{"id":3886,"href":"https:\/\/www.szekelykapuk.ro\/index.php\/wp-json\/wp\/v2\/pages\/3875\/revisions\/3886"}],"wp:attachment":[{"href":"https:\/\/www.szekelykapuk.ro\/index.php\/wp-json\/wp\/v2\/media?parent=3875"}],"curies":[{"name":"wp","href":"https:\/\/api.w.org\/{rel}","templated":true}]}}