{"id":3871,"date":"2019-04-25T09:38:33","date_gmt":"2019-04-25T09:38:33","guid":{"rendered":"https:\/\/www.szekelykapuk.ro\/?page_id=3871"},"modified":"2019-04-25T09:39:43","modified_gmt":"2019-04-25T09:39:43","slug":"58-2","status":"publish","type":"page","link":"https:\/\/www.szekelykapuk.ro\/index.php\/58-2\/","title":{"rendered":"58."},"content":{"rendered":"<p>Feny\u00e9d, 463.sz\u00e1m. K\u00e9sz\u00edtette Gergely Szabolcs Oroszhegyen, 2018-ban.<\/p>\n<p><img fetchpriority=\"high\" decoding=\"async\" class=\"aligncenter size-full wp-image-3872\" src=\"https:\/\/www.szekelykapuk.ro\/wp-content\/uploads\/2019\/04\/58379855_1404411986368171_7046213141251751936_n.jpg\" alt=\"\" width=\"473\" height=\"960\" srcset=\"https:\/\/www.szekelykapuk.ro\/wp-content\/uploads\/2019\/04\/58379855_1404411986368171_7046213141251751936_n.jpg 473w, https:\/\/www.szekelykapuk.ro\/wp-content\/uploads\/2019\/04\/58379855_1404411986368171_7046213141251751936_n-148x300.jpg 148w, https:\/\/www.szekelykapuk.ro\/wp-content\/uploads\/2019\/04\/58379855_1404411986368171_7046213141251751936_n-99x200.jpg 99w\" sizes=\"(max-width: 473px) 100vw, 473px\" \/><\/p>\n","protected":false},"excerpt":{"rendered":"<p>Feny\u00e9d, 463.sz\u00e1m. K\u00e9sz\u00edtette Gergely Szabolcs Oroszhegyen, 2018-ban.<\/p>\n","protected":false},"author":1,"featured_media":0,"parent":0,"menu_order":0,"comment_status":"closed","ping_status":"closed","template":"","meta":{"_bbp_topic_count":0,"_bbp_reply_count":0,"_bbp_total_topic_count":0,"_bbp_total_reply_count":0,"_bbp_voice_count":0,"_bbp_anonymous_reply_count":0,"_bbp_topic_count_hidden":0,"_bbp_reply_count_hidden":0,"_bbp_forum_subforum_count":0,"footnotes":""},"class_list":["post-3871","page","type-page","status-publish","hentry"],"_links":{"self":[{"href":"https:\/\/www.szekelykapuk.ro\/index.php\/wp-json\/wp\/v2\/pages\/3871","targetHints":{"allow":["GET"]}}],"collection":[{"href":"https:\/\/www.szekelykapuk.ro\/index.php\/wp-json\/wp\/v2\/pages"}],"about":[{"href":"https:\/\/www.szekelykapuk.ro\/index.php\/wp-json\/wp\/v2\/types\/page"}],"author":[{"embeddable":true,"href":"https:\/\/www.szekelykapuk.ro\/index.php\/wp-json\/wp\/v2\/users\/1"}],"replies":[{"embeddable":true,"href":"https:\/\/www.szekelykapuk.ro\/index.php\/wp-json\/wp\/v2\/comments?post=3871"}],"version-history":[{"count":1,"href":"https:\/\/www.szekelykapuk.ro\/index.php\/wp-json\/wp\/v2\/pages\/3871\/revisions"}],"predecessor-version":[{"id":3873,"href":"https:\/\/www.szekelykapuk.ro\/index.php\/wp-json\/wp\/v2\/pages\/3871\/revisions\/3873"}],"wp:attachment":[{"href":"https:\/\/www.szekelykapuk.ro\/index.php\/wp-json\/wp\/v2\/media?parent=3871"}],"curies":[{"name":"wp","href":"https:\/\/api.w.org\/{rel}","templated":true}]}}