{"id":3855,"date":"2019-04-25T09:31:26","date_gmt":"2019-04-25T09:31:26","guid":{"rendered":"https:\/\/www.szekelykapuk.ro\/?page_id=3855"},"modified":"2019-04-25T09:31:26","modified_gmt":"2019-04-25T09:31:26","slug":"56-2","status":"publish","type":"page","link":"https:\/\/www.szekelykapuk.ro\/index.php\/56-2\/","title":{"rendered":"56."},"content":{"rendered":"<p>Cs\u00edkszentimre, S\u00e1ndorszeg utca 396.sz\u00e1m. Felirat: M\u00e9g \u00e9l a gy\u00f6k\u00e9r \u00e9s kihajt a f\u00e1ja e gy\u00f6k\u00e9r t\u00e1pl\u00e1l szebb magyar j\u00f6v\u0151t. \u00c9p\u00edtette Jakab K\u00e1roly tulajdonos.<\/p>\n<div class=\"better-gallery-container\"><div id=\"gallery-1524886206\" class=\"better-gallery  better-gallery-img-publisher-lg\" data-gallery-id=\"1524886206\"> <div class=\"fotorama\" data-nav=\"thumbs\" data-auto=\"false\" data-ratio=\"16\/7\"><div data-thumb=\"https:\/\/www.szekelykapuk.ro\/wp-content\/uploads\/2019\/04\/58377121_1404409199701783_3127055702695084032_o-150x150.jpg\">\n                        <a href=\"https:\/\/www.szekelykapuk.ro\/wp-content\/uploads\/2019\/04\/58377121_1404409199701783_3127055702695084032_o.jpg\" class=\"slide-link\" data-not-rel=\"true\">\n                            <img decoding=\"async\"  data-id=\"3856\" src=\"https:\/\/www.szekelykapuk.ro\/wp-content\/uploads\/2019\/04\/58377121_1404409199701783_3127055702695084032_o-750x430.jpg\">\n                        <\/a>\n                    <div class=\"slide-title-wrap\"><\/div><\/div><div data-thumb=\"https:\/\/www.szekelykapuk.ro\/wp-content\/uploads\/2019\/04\/58377716_1404409233035113_1354690022971801600_o-150x150.jpg\">\n                        <a href=\"https:\/\/www.szekelykapuk.ro\/wp-content\/uploads\/2019\/04\/58377716_1404409233035113_1354690022971801600_o.jpg\" class=\"slide-link\" data-not-rel=\"true\">\n                            <img decoding=\"async\"  data-id=\"3857\" src=\"https:\/\/www.szekelykapuk.ro\/wp-content\/uploads\/2019\/04\/58377716_1404409233035113_1354690022971801600_o-750x430.jpg\">\n                        <\/a>\n                    <div class=\"slide-title-wrap\"><\/div><\/div><div data-thumb=\"https:\/\/www.szekelykapuk.ro\/wp-content\/uploads\/2019\/04\/58114965_1404409273035109_6216235424541573120_o-150x150.jpg\">\n                        <a href=\"https:\/\/www.szekelykapuk.ro\/wp-content\/uploads\/2019\/04\/58114965_1404409273035109_6216235424541573120_o.jpg\" class=\"slide-link\" data-not-rel=\"true\">\n                            <img decoding=\"async\"  data-id=\"3858\" src=\"https:\/\/www.szekelykapuk.ro\/wp-content\/uploads\/2019\/04\/58114965_1404409273035109_6216235424541573120_o-750x430.jpg\">\n                        <\/a>\n                    <div class=\"slide-title-wrap\"><\/div><\/div><div data-thumb=\"https:\/\/www.szekelykapuk.ro\/wp-content\/uploads\/2019\/04\/59188991_1404409213035115_7700992390269501440_o-150x150.jpg\">\n                        <a href=\"https:\/\/www.szekelykapuk.ro\/wp-content\/uploads\/2019\/04\/59188991_1404409213035115_7700992390269501440_o.jpg\" class=\"slide-link\" data-not-rel=\"true\">\n                            <img decoding=\"async\"  data-id=\"3859\" src=\"https:\/\/www.szekelykapuk.ro\/wp-content\/uploads\/2019\/04\/59188991_1404409213035115_7700992390269501440_o-750x430.jpg\">\n                        <\/a>\n                    <div class=\"slide-title-wrap\"><\/div><\/div><div data-thumb=\"https:\/\/www.szekelykapuk.ro\/wp-content\/uploads\/2019\/04\/57652776_1404409319701771_7568861019942944768_o-150x150.jpg\">\n                        <a href=\"https:\/\/www.szekelykapuk.ro\/wp-content\/uploads\/2019\/04\/57652776_1404409319701771_7568861019942944768_o.jpg\" class=\"slide-link\" data-not-rel=\"true\">\n                            <img decoding=\"async\"  data-id=\"3860\" src=\"https:\/\/www.szekelykapuk.ro\/wp-content\/uploads\/2019\/04\/57652776_1404409319701771_7568861019942944768_o-750x430.jpg\">\n                        <\/a>\n                    <div class=\"slide-title-wrap\"><\/div><\/div><div data-thumb=\"https:\/\/www.szekelykapuk.ro\/wp-content\/uploads\/2019\/04\/57882620_1404409303035106_455798847327698944_n-150x150.jpg\">\n                        <a href=\"https:\/\/www.szekelykapuk.ro\/wp-content\/uploads\/2019\/04\/57882620_1404409303035106_455798847327698944_n.jpg\" class=\"slide-link\" data-not-rel=\"true\">\n                            <img decoding=\"async\"  data-id=\"3861\" src=\"https:\/\/www.szekelykapuk.ro\/wp-content\/uploads\/2019\/04\/57882620_1404409303035106_455798847327698944_n-720x430.jpg\">\n                        <\/a>\n                    <div class=\"slide-title-wrap\"><\/div><\/div><\/div><div class=\"gallery-title clearfix\">    <span class=\"prev\"><i class=\"fa fa-angle-left\"><\/i> El\u0151z\u0151<\/span>\n                    <span class=\"count\"><i class=\"current\">1<\/i> A <i class=\"total\">6<\/i><\/span>\n                    <span class=\"next\">K\u00f6vetkez\u0151 <i class=\"fa fa-angle-right\"><\/i><\/span>\n                <\/div><\/div><script>var prt_gal_img_1524886206 = [\"https:\\\/\\\/www.szekelykapuk.ro\\\/wp-content\\\/uploads\\\/2019\\\/04\\\/58377121_1404409199701783_3127055702695084032_o.jpg\",\"https:\\\/\\\/www.szekelykapuk.ro\\\/wp-content\\\/uploads\\\/2019\\\/04\\\/58377716_1404409233035113_1354690022971801600_o.jpg\",\"https:\\\/\\\/www.szekelykapuk.ro\\\/wp-content\\\/uploads\\\/2019\\\/04\\\/58114965_1404409273035109_6216235424541573120_o.jpg\",\"https:\\\/\\\/www.szekelykapuk.ro\\\/wp-content\\\/uploads\\\/2019\\\/04\\\/59188991_1404409213035115_7700992390269501440_o.jpg\",\"https:\\\/\\\/www.szekelykapuk.ro\\\/wp-content\\\/uploads\\\/2019\\\/04\\\/57652776_1404409319701771_7568861019942944768_o.jpg\",\"https:\\\/\\\/www.szekelykapuk.ro\\\/wp-content\\\/uploads\\\/2019\\\/04\\\/57882620_1404409303035106_455798847327698944_n.jpg\"]; var prt_gal_cap_1524886206 = [\"\",\"\",\"\",\"\",\"\",\"\"]; <\/script><\/div>\n","protected":false},"excerpt":{"rendered":"<p>Cs\u00edkszentimre, S\u00e1ndorszeg utca 396.sz\u00e1m. Felirat: M\u00e9g \u00e9l a gy\u00f6k\u00e9r \u00e9s kihajt a f\u00e1ja e gy\u00f6k\u00e9r t\u00e1pl\u00e1l szebb magyar j\u00f6v\u0151t. \u00c9p\u00edtette Jakab K\u00e1roly tulajdonos.<\/p>\n","protected":false},"author":1,"featured_media":0,"parent":0,"menu_order":0,"comment_status":"closed","ping_status":"closed","template":"","meta":{"_bbp_topic_count":0,"_bbp_reply_count":0,"_bbp_total_topic_count":0,"_bbp_total_reply_count":0,"_bbp_voice_count":0,"_bbp_anonymous_reply_count":0,"_bbp_topic_count_hidden":0,"_bbp_reply_count_hidden":0,"_bbp_forum_subforum_count":0,"footnotes":""},"class_list":["post-3855","page","type-page","status-publish","hentry"],"_links":{"self":[{"href":"https:\/\/www.szekelykapuk.ro\/index.php\/wp-json\/wp\/v2\/pages\/3855","targetHints":{"allow":["GET"]}}],"collection":[{"href":"https:\/\/www.szekelykapuk.ro\/index.php\/wp-json\/wp\/v2\/pages"}],"about":[{"href":"https:\/\/www.szekelykapuk.ro\/index.php\/wp-json\/wp\/v2\/types\/page"}],"author":[{"embeddable":true,"href":"https:\/\/www.szekelykapuk.ro\/index.php\/wp-json\/wp\/v2\/users\/1"}],"replies":[{"embeddable":true,"href":"https:\/\/www.szekelykapuk.ro\/index.php\/wp-json\/wp\/v2\/comments?post=3855"}],"version-history":[{"count":1,"href":"https:\/\/www.szekelykapuk.ro\/index.php\/wp-json\/wp\/v2\/pages\/3855\/revisions"}],"predecessor-version":[{"id":3862,"href":"https:\/\/www.szekelykapuk.ro\/index.php\/wp-json\/wp\/v2\/pages\/3855\/revisions\/3862"}],"wp:attachment":[{"href":"https:\/\/www.szekelykapuk.ro\/index.php\/wp-json\/wp\/v2\/media?parent=3855"}],"curies":[{"name":"wp","href":"https:\/\/api.w.org\/{rel}","templated":true}]}}