{"id":3824,"date":"2019-04-25T08:44:21","date_gmt":"2019-04-25T08:44:21","guid":{"rendered":"https:\/\/www.szekelykapuk.ro\/?page_id=3824"},"modified":"2019-04-25T08:44:21","modified_gmt":"2019-04-25T08:44:21","slug":"52-2","status":"publish","type":"page","link":"https:\/\/www.szekelykapuk.ro\/index.php\/52-2\/","title":{"rendered":"52."},"content":{"rendered":"<p>Cseh\u00e9tfalva, Hargita megye, 102-es sz\u00e1m, Sim\u00e9nfalva k\u00f6zs\u00e9g. \u00c9p\u00edt\u00e9s \u00e9ve: 1822. Fel\u00faj\u00edtva a ny\u00edl\u00f3k voltak, de azok is korabeli sz\u00e9kelykapur\u00f3l sz\u00e1rmaznak. Felirat: 1822. A kapu jelenleg fel\u00faj\u00edt\u00e1sra szorulna, mert az alapj\u00e1t t\u00f6nkretete a nedvess\u00e9g, ez\u00e9rt ki van t\u00e1masztva.<\/p>\n<div class=\"better-gallery-container\"><div id=\"gallery-492176512\" class=\"better-gallery  better-gallery-img-publisher-lg\" data-gallery-id=\"492176512\"> <div class=\"fotorama\" data-nav=\"thumbs\" data-auto=\"false\" data-ratio=\"16\/7\"><div data-thumb=\"https:\/\/www.szekelykapuk.ro\/wp-content\/uploads\/2019\/04\/58442337_1404386126370757_3378318410566860800_n-150x150.jpg\">\n                        <a href=\"https:\/\/www.szekelykapuk.ro\/wp-content\/uploads\/2019\/04\/58442337_1404386126370757_3378318410566860800_n.jpg\" class=\"slide-link\" data-not-rel=\"true\">\n                            <img decoding=\"async\"  data-id=\"3825\" src=\"https:\/\/www.szekelykapuk.ro\/wp-content\/uploads\/2019\/04\/58442337_1404386126370757_3378318410566860800_n-750x430.jpg\">\n                        <\/a>\n                    <div class=\"slide-title-wrap\"><\/div><\/div><div data-thumb=\"https:\/\/www.szekelykapuk.ro\/wp-content\/uploads\/2019\/04\/58376723_1404386216370748_343599745912012800_o-150x150.jpg\">\n                        <a href=\"https:\/\/www.szekelykapuk.ro\/wp-content\/uploads\/2019\/04\/58376723_1404386216370748_343599745912012800_o.jpg\" class=\"slide-link\" data-not-rel=\"true\">\n                            <img decoding=\"async\"  data-id=\"3826\" src=\"https:\/\/www.szekelykapuk.ro\/wp-content\/uploads\/2019\/04\/58376723_1404386216370748_343599745912012800_o-750x430.jpg\">\n                        <\/a>\n                    <div class=\"slide-title-wrap\"><\/div><\/div><div data-thumb=\"https:\/\/www.szekelykapuk.ro\/wp-content\/uploads\/2019\/04\/58793238_1404386256370744_8400472318874222592_o-150x150.jpg\">\n                        <a href=\"https:\/\/www.szekelykapuk.ro\/wp-content\/uploads\/2019\/04\/58793238_1404386256370744_8400472318874222592_o.jpg\" class=\"slide-link\" data-not-rel=\"true\">\n                            <img decoding=\"async\"  data-id=\"3827\" src=\"https:\/\/www.szekelykapuk.ro\/wp-content\/uploads\/2019\/04\/58793238_1404386256370744_8400472318874222592_o-750x430.jpg\">\n                        <\/a>\n                    <div class=\"slide-title-wrap\"><\/div><\/div><div data-thumb=\"https:\/\/www.szekelykapuk.ro\/wp-content\/uploads\/2019\/04\/58019474_1404386156370754_7832309271587979264_o-150x150.jpg\">\n                        <a href=\"https:\/\/www.szekelykapuk.ro\/wp-content\/uploads\/2019\/04\/58019474_1404386156370754_7832309271587979264_o.jpg\" class=\"slide-link\" data-not-rel=\"true\">\n                            <img decoding=\"async\"  data-id=\"3828\" src=\"https:\/\/www.szekelykapuk.ro\/wp-content\/uploads\/2019\/04\/58019474_1404386156370754_7832309271587979264_o-750x430.jpg\">\n                        <\/a>\n                    <div class=\"slide-title-wrap\"><\/div><\/div><div data-thumb=\"https:\/\/www.szekelykapuk.ro\/wp-content\/uploads\/2019\/04\/58379876_1404386179704085_28035785571696640_o-150x150.jpg\">\n                        <a href=\"https:\/\/www.szekelykapuk.ro\/wp-content\/uploads\/2019\/04\/58379876_1404386179704085_28035785571696640_o.jpg\" class=\"slide-link\" data-not-rel=\"true\">\n                            <img decoding=\"async\"  data-id=\"3829\" src=\"https:\/\/www.szekelykapuk.ro\/wp-content\/uploads\/2019\/04\/58379876_1404386179704085_28035785571696640_o-750x430.jpg\">\n                        <\/a>\n                    <div class=\"slide-title-wrap\"><\/div><\/div><div data-thumb=\"https:\/\/www.szekelykapuk.ro\/wp-content\/uploads\/2019\/04\/58462877_1404386269704076_2554012958380261376_n-150x150.jpg\">\n                        <a href=\"https:\/\/www.szekelykapuk.ro\/wp-content\/uploads\/2019\/04\/58462877_1404386269704076_2554012958380261376_n.jpg\" class=\"slide-link\" data-not-rel=\"true\">\n                            <img decoding=\"async\"  data-id=\"3830\" src=\"https:\/\/www.szekelykapuk.ro\/wp-content\/uploads\/2019\/04\/58462877_1404386269704076_2554012958380261376_n-720x430.jpg\">\n                        <\/a>\n                    <div class=\"slide-title-wrap\"><\/div><\/div><\/div><div class=\"gallery-title clearfix\">    <span class=\"prev\"><i class=\"fa fa-angle-left\"><\/i> El\u0151z\u0151<\/span>\n                    <span class=\"count\"><i class=\"current\">1<\/i> A <i class=\"total\">6<\/i><\/span>\n                    <span class=\"next\">K\u00f6vetkez\u0151 <i class=\"fa fa-angle-right\"><\/i><\/span>\n                <\/div><\/div><script>var prt_gal_img_492176512 = [\"https:\\\/\\\/www.szekelykapuk.ro\\\/wp-content\\\/uploads\\\/2019\\\/04\\\/58442337_1404386126370757_3378318410566860800_n.jpg\",\"https:\\\/\\\/www.szekelykapuk.ro\\\/wp-content\\\/uploads\\\/2019\\\/04\\\/58376723_1404386216370748_343599745912012800_o.jpg\",\"https:\\\/\\\/www.szekelykapuk.ro\\\/wp-content\\\/uploads\\\/2019\\\/04\\\/58793238_1404386256370744_8400472318874222592_o.jpg\",\"https:\\\/\\\/www.szekelykapuk.ro\\\/wp-content\\\/uploads\\\/2019\\\/04\\\/58019474_1404386156370754_7832309271587979264_o.jpg\",\"https:\\\/\\\/www.szekelykapuk.ro\\\/wp-content\\\/uploads\\\/2019\\\/04\\\/58379876_1404386179704085_28035785571696640_o.jpg\",\"https:\\\/\\\/www.szekelykapuk.ro\\\/wp-content\\\/uploads\\\/2019\\\/04\\\/58462877_1404386269704076_2554012958380261376_n.jpg\"]; var prt_gal_cap_492176512 = [\"\",\"\",\"\",\"\",\"\",\"\"]; <\/script><\/div>\n","protected":false},"excerpt":{"rendered":"<p>Cseh\u00e9tfalva, Hargita megye, 102-es sz\u00e1m, Sim\u00e9nfalva k\u00f6zs\u00e9g. \u00c9p\u00edt\u00e9s \u00e9ve: 1822. Fel\u00faj\u00edtva a ny\u00edl\u00f3k voltak, de azok is korabeli sz\u00e9kelykapur\u00f3l sz\u00e1rmaznak. Felirat: 1822. A kapu jelenleg fel\u00faj\u00edt\u00e1sra szorulna, mert az alapj\u00e1t t\u00f6nkretete a nedvess\u00e9g, ez\u00e9rt ki van t\u00e1masztva.<\/p>\n","protected":false},"author":1,"featured_media":0,"parent":0,"menu_order":0,"comment_status":"closed","ping_status":"closed","template":"","meta":{"_bbp_topic_count":0,"_bbp_reply_count":0,"_bbp_total_topic_count":0,"_bbp_total_reply_count":0,"_bbp_voice_count":0,"_bbp_anonymous_reply_count":0,"_bbp_topic_count_hidden":0,"_bbp_reply_count_hidden":0,"_bbp_forum_subforum_count":0,"footnotes":""},"class_list":["post-3824","page","type-page","status-publish","hentry"],"_links":{"self":[{"href":"https:\/\/www.szekelykapuk.ro\/index.php\/wp-json\/wp\/v2\/pages\/3824","targetHints":{"allow":["GET"]}}],"collection":[{"href":"https:\/\/www.szekelykapuk.ro\/index.php\/wp-json\/wp\/v2\/pages"}],"about":[{"href":"https:\/\/www.szekelykapuk.ro\/index.php\/wp-json\/wp\/v2\/types\/page"}],"author":[{"embeddable":true,"href":"https:\/\/www.szekelykapuk.ro\/index.php\/wp-json\/wp\/v2\/users\/1"}],"replies":[{"embeddable":true,"href":"https:\/\/www.szekelykapuk.ro\/index.php\/wp-json\/wp\/v2\/comments?post=3824"}],"version-history":[{"count":1,"href":"https:\/\/www.szekelykapuk.ro\/index.php\/wp-json\/wp\/v2\/pages\/3824\/revisions"}],"predecessor-version":[{"id":3831,"href":"https:\/\/www.szekelykapuk.ro\/index.php\/wp-json\/wp\/v2\/pages\/3824\/revisions\/3831"}],"wp:attachment":[{"href":"https:\/\/www.szekelykapuk.ro\/index.php\/wp-json\/wp\/v2\/media?parent=3824"}],"curies":[{"name":"wp","href":"https:\/\/api.w.org\/{rel}","templated":true}]}}