{"id":3773,"date":"2019-04-18T05:43:55","date_gmt":"2019-04-18T05:43:55","guid":{"rendered":"https:\/\/www.szekelykapuk.ro\/?page_id=3773"},"modified":"2019-04-18T05:48:12","modified_gmt":"2019-04-18T05:48:12","slug":"45-2","status":"publish","type":"page","link":"https:\/\/www.szekelykapuk.ro\/index.php\/45-2\/","title":{"rendered":"45."},"content":{"rendered":"<div id=\"js_1em\" class=\"_5pbx userContent _3576\" data-ft=\"{&quot;tn&quot;:&quot;K&quot;}\">\n<p>B\u00f6g\u00f6zi sz\u00e9kelykapu, \u00e9p\u00fclt 1865-ben.<\/p>\n<\/div>\n<div class=\"_3x-2\" data-ft=\"{&quot;tn&quot;:&quot;H&quot;}\">\n<div data-ft=\"{&quot;tn&quot;:&quot;H&quot;}\">\n<div class=\"mtm\">\n<div class=\"_2a2q _65sr\">\n<div class=\"_17zx\"><\/div>\n<\/div>\n<\/div>\n<\/div>\n<\/div>\n<div class=\"better-gallery-container\"><div id=\"gallery-83884551\" class=\"better-gallery  better-gallery-img-publisher-lg\" data-gallery-id=\"83884551\"> <div class=\"fotorama\" data-nav=\"thumbs\" data-auto=\"false\" data-ratio=\"16\/7\"><div data-thumb=\"https:\/\/www.szekelykapuk.ro\/wp-content\/uploads\/2019\/04\/20190412_121849-150x150.jpg\">\n                        <a href=\"https:\/\/www.szekelykapuk.ro\/wp-content\/uploads\/2019\/04\/20190412_121849.jpg\" class=\"slide-link\" data-not-rel=\"true\">\n                            <img decoding=\"async\"  data-id=\"3774\" src=\"https:\/\/www.szekelykapuk.ro\/wp-content\/uploads\/2019\/04\/20190412_121849-750x430.jpg\">\n                        <\/a>\n                    <div class=\"slide-title-wrap\"><\/div><\/div><div data-thumb=\"https:\/\/www.szekelykapuk.ro\/wp-content\/uploads\/2019\/04\/20190412_123120-150x150.jpg\">\n                        <a href=\"https:\/\/www.szekelykapuk.ro\/wp-content\/uploads\/2019\/04\/20190412_123120.jpg\" class=\"slide-link\" data-not-rel=\"true\">\n                            <img decoding=\"async\"  data-id=\"3775\" src=\"https:\/\/www.szekelykapuk.ro\/wp-content\/uploads\/2019\/04\/20190412_123120-750x430.jpg\">\n                        <\/a>\n                    <div class=\"slide-title-wrap\"><\/div><\/div><div data-thumb=\"https:\/\/www.szekelykapuk.ro\/wp-content\/uploads\/2019\/04\/20190412_123206-150x150.jpg\">\n                        <a href=\"https:\/\/www.szekelykapuk.ro\/wp-content\/uploads\/2019\/04\/20190412_123206.jpg\" class=\"slide-link\" data-not-rel=\"true\">\n                            <img decoding=\"async\"  data-id=\"3776\" src=\"https:\/\/www.szekelykapuk.ro\/wp-content\/uploads\/2019\/04\/20190412_123206-750x430.jpg\">\n                        <\/a>\n                    <div class=\"slide-title-wrap\"><\/div><\/div><div data-thumb=\"https:\/\/www.szekelykapuk.ro\/wp-content\/uploads\/2019\/04\/20190412_122032-150x150.jpg\">\n                        <a href=\"https:\/\/www.szekelykapuk.ro\/wp-content\/uploads\/2019\/04\/20190412_122032.jpg\" class=\"slide-link\" data-not-rel=\"true\">\n                            <img decoding=\"async\"  data-id=\"3777\" src=\"https:\/\/www.szekelykapuk.ro\/wp-content\/uploads\/2019\/04\/20190412_122032-750x430.jpg\">\n                        <\/a>\n                    <div class=\"slide-title-wrap\"><\/div><\/div><div data-thumb=\"https:\/\/www.szekelykapuk.ro\/wp-content\/uploads\/2019\/04\/20190412_121832-150x150.jpg\">\n                        <a href=\"https:\/\/www.szekelykapuk.ro\/wp-content\/uploads\/2019\/04\/20190412_121832.jpg\" class=\"slide-link\" data-not-rel=\"true\">\n                            <img decoding=\"async\"  data-id=\"3778\" src=\"https:\/\/www.szekelykapuk.ro\/wp-content\/uploads\/2019\/04\/20190412_121832-750x430.jpg\">\n                        <\/a>\n                    <div class=\"slide-title-wrap\"><\/div><\/div><\/div><div class=\"gallery-title clearfix\">    <span class=\"prev\"><i class=\"fa fa-angle-left\"><\/i> El\u0151z\u0151<\/span>\n                    <span class=\"count\"><i class=\"current\">1<\/i> A <i class=\"total\">5<\/i><\/span>\n                    <span class=\"next\">K\u00f6vetkez\u0151 <i class=\"fa fa-angle-right\"><\/i><\/span>\n                <\/div><\/div><script>var prt_gal_img_83884551 = [\"https:\\\/\\\/www.szekelykapuk.ro\\\/wp-content\\\/uploads\\\/2019\\\/04\\\/20190412_121849.jpg\",\"https:\\\/\\\/www.szekelykapuk.ro\\\/wp-content\\\/uploads\\\/2019\\\/04\\\/20190412_123120.jpg\",\"https:\\\/\\\/www.szekelykapuk.ro\\\/wp-content\\\/uploads\\\/2019\\\/04\\\/20190412_123206.jpg\",\"https:\\\/\\\/www.szekelykapuk.ro\\\/wp-content\\\/uploads\\\/2019\\\/04\\\/20190412_122032.jpg\",\"https:\\\/\\\/www.szekelykapuk.ro\\\/wp-content\\\/uploads\\\/2019\\\/04\\\/20190412_121832.jpg\"]; var prt_gal_cap_83884551 = [\"\",\"\",\"\",\"\",\"\"]; <\/script><\/div>\n","protected":false},"excerpt":{"rendered":"<p>B\u00f6g\u00f6zi sz\u00e9kelykapu, \u00e9p\u00fclt 1865-ben.<\/p>\n","protected":false},"author":1,"featured_media":0,"parent":0,"menu_order":0,"comment_status":"closed","ping_status":"closed","template":"","meta":{"_bbp_topic_count":0,"_bbp_reply_count":0,"_bbp_total_topic_count":0,"_bbp_total_reply_count":0,"_bbp_voice_count":0,"_bbp_anonymous_reply_count":0,"_bbp_topic_count_hidden":0,"_bbp_reply_count_hidden":0,"_bbp_forum_subforum_count":0,"footnotes":""},"class_list":["post-3773","page","type-page","status-publish","hentry"],"_links":{"self":[{"href":"https:\/\/www.szekelykapuk.ro\/index.php\/wp-json\/wp\/v2\/pages\/3773","targetHints":{"allow":["GET"]}}],"collection":[{"href":"https:\/\/www.szekelykapuk.ro\/index.php\/wp-json\/wp\/v2\/pages"}],"about":[{"href":"https:\/\/www.szekelykapuk.ro\/index.php\/wp-json\/wp\/v2\/types\/page"}],"author":[{"embeddable":true,"href":"https:\/\/www.szekelykapuk.ro\/index.php\/wp-json\/wp\/v2\/users\/1"}],"replies":[{"embeddable":true,"href":"https:\/\/www.szekelykapuk.ro\/index.php\/wp-json\/wp\/v2\/comments?post=3773"}],"version-history":[{"count":2,"href":"https:\/\/www.szekelykapuk.ro\/index.php\/wp-json\/wp\/v2\/pages\/3773\/revisions"}],"predecessor-version":[{"id":3781,"href":"https:\/\/www.szekelykapuk.ro\/index.php\/wp-json\/wp\/v2\/pages\/3773\/revisions\/3781"}],"wp:attachment":[{"href":"https:\/\/www.szekelykapuk.ro\/index.php\/wp-json\/wp\/v2\/media?parent=3773"}],"curies":[{"name":"wp","href":"https:\/\/api.w.org\/{rel}","templated":true}]}}