{"id":3764,"date":"2019-04-17T12:55:13","date_gmt":"2019-04-17T12:55:13","guid":{"rendered":"https:\/\/www.szekelykapuk.ro\/?page_id=3764"},"modified":"2019-04-17T12:55:13","modified_gmt":"2019-04-17T12:55:13","slug":"44-2","status":"publish","type":"page","link":"https:\/\/www.szekelykapuk.ro\/index.php\/44-2\/","title":{"rendered":"44."},"content":{"rendered":"<p>Tulajdonos neve:Tal\u00e1lt D\u00e9nes<br \/>\nA kapu mostani helye:Feny\u00e9d f\u0151\u00fat 313.<br \/>\n\u00c9p\u00edt\u00e9s \u00e9ve:1982<br \/>\nFel\u00faj\u00edt\u00e1s:\u00fajrafest\u00e9s<br \/>\nFelirat:\u00c9p\u00fclt 1982<\/p>\n<figure id=\"attachment_3765\" aria-describedby=\"caption-attachment-3765\" style=\"width: 1024px\" class=\"wp-caption aligncenter\"><img fetchpriority=\"high\" decoding=\"async\" class=\"size-large wp-image-3765\" src=\"https:\/\/www.szekelykapuk.ro\/wp-content\/uploads\/2019\/04\/IMG_20190416_155640-1024x768.jpg\" alt=\"\" width=\"1024\" height=\"768\" srcset=\"https:\/\/www.szekelykapuk.ro\/wp-content\/uploads\/2019\/04\/IMG_20190416_155640-1024x768.jpg 1024w, https:\/\/www.szekelykapuk.ro\/wp-content\/uploads\/2019\/04\/IMG_20190416_155640-300x225.jpg 300w, https:\/\/www.szekelykapuk.ro\/wp-content\/uploads\/2019\/04\/IMG_20190416_155640-768x576.jpg 768w, https:\/\/www.szekelykapuk.ro\/wp-content\/uploads\/2019\/04\/IMG_20190416_155640-86x64.jpg 86w, https:\/\/www.szekelykapuk.ro\/wp-content\/uploads\/2019\/04\/IMG_20190416_155640-200x150.jpg 200w\" sizes=\"(max-width: 1024px) 100vw, 1024px\" \/><figcaption id=\"caption-attachment-3765\" class=\"wp-caption-text\">dav<\/figcaption><\/figure>\n<figure id=\"attachment_3766\" aria-describedby=\"caption-attachment-3766\" style=\"width: 1024px\" class=\"wp-caption aligncenter\"><img decoding=\"async\" class=\"size-large wp-image-3766\" src=\"https:\/\/www.szekelykapuk.ro\/wp-content\/uploads\/2019\/04\/IMG_20190416_155620-1024x768.jpg\" alt=\"\" width=\"1024\" height=\"768\" srcset=\"https:\/\/www.szekelykapuk.ro\/wp-content\/uploads\/2019\/04\/IMG_20190416_155620-1024x768.jpg 1024w, https:\/\/www.szekelykapuk.ro\/wp-content\/uploads\/2019\/04\/IMG_20190416_155620-300x225.jpg 300w, https:\/\/www.szekelykapuk.ro\/wp-content\/uploads\/2019\/04\/IMG_20190416_155620-768x576.jpg 768w, https:\/\/www.szekelykapuk.ro\/wp-content\/uploads\/2019\/04\/IMG_20190416_155620-86x64.jpg 86w, https:\/\/www.szekelykapuk.ro\/wp-content\/uploads\/2019\/04\/IMG_20190416_155620-200x150.jpg 200w\" sizes=\"(max-width: 1024px) 100vw, 1024px\" \/><figcaption id=\"caption-attachment-3766\" class=\"wp-caption-text\">dav<\/figcaption><\/figure>\n","protected":false},"excerpt":{"rendered":"<p>Tulajdonos neve:Tal\u00e1lt D\u00e9nes A kapu mostani helye:Feny\u00e9d f\u0151\u00fat 313. \u00c9p\u00edt\u00e9s \u00e9ve:1982 Fel\u00faj\u00edt\u00e1s:\u00fajrafest\u00e9s Felirat:\u00c9p\u00fclt 1982<\/p>\n","protected":false},"author":1,"featured_media":0,"parent":0,"menu_order":0,"comment_status":"closed","ping_status":"closed","template":"","meta":{"_bbp_topic_count":0,"_bbp_reply_count":0,"_bbp_total_topic_count":0,"_bbp_total_reply_count":0,"_bbp_voice_count":0,"_bbp_anonymous_reply_count":0,"_bbp_topic_count_hidden":0,"_bbp_reply_count_hidden":0,"_bbp_forum_subforum_count":0,"footnotes":""},"class_list":["post-3764","page","type-page","status-publish","hentry"],"_links":{"self":[{"href":"https:\/\/www.szekelykapuk.ro\/index.php\/wp-json\/wp\/v2\/pages\/3764","targetHints":{"allow":["GET"]}}],"collection":[{"href":"https:\/\/www.szekelykapuk.ro\/index.php\/wp-json\/wp\/v2\/pages"}],"about":[{"href":"https:\/\/www.szekelykapuk.ro\/index.php\/wp-json\/wp\/v2\/types\/page"}],"author":[{"embeddable":true,"href":"https:\/\/www.szekelykapuk.ro\/index.php\/wp-json\/wp\/v2\/users\/1"}],"replies":[{"embeddable":true,"href":"https:\/\/www.szekelykapuk.ro\/index.php\/wp-json\/wp\/v2\/comments?post=3764"}],"version-history":[{"count":1,"href":"https:\/\/www.szekelykapuk.ro\/index.php\/wp-json\/wp\/v2\/pages\/3764\/revisions"}],"predecessor-version":[{"id":3767,"href":"https:\/\/www.szekelykapuk.ro\/index.php\/wp-json\/wp\/v2\/pages\/3764\/revisions\/3767"}],"wp:attachment":[{"href":"https:\/\/www.szekelykapuk.ro\/index.php\/wp-json\/wp\/v2\/media?parent=3764"}],"curies":[{"name":"wp","href":"https:\/\/api.w.org\/{rel}","templated":true}]}}