{"id":3736,"date":"2019-04-15T13:02:22","date_gmt":"2019-04-15T13:02:22","guid":{"rendered":"https:\/\/www.szekelykapuk.ro\/?page_id=3736"},"modified":"2019-04-15T13:02:22","modified_gmt":"2019-04-15T13:02:22","slug":"41-2","status":"publish","type":"page","link":"https:\/\/www.szekelykapuk.ro\/index.php\/41-2\/","title":{"rendered":"41."},"content":{"rendered":"<p>Sz\u00e9kelykereszt\u00far, Kertek utca 3 \/a sz\u00e1m. \u00c9p\u00edt\u00e9s \u00e9ve: 1978, faragta Pap Ferenc tan\u00edt\u00f3, Nyik\u00f3malomfalva. Fel\u00faj\u00edt\u00e1s \u00e9ve: 2017. Felirat: H\u00e1zat minden\u00fctt tal\u00e1lsz, de haz\u00e1t csak itthon.<\/p>\n<div class=\"better-gallery-container\"><div id=\"gallery-1427895187\" class=\"better-gallery  better-gallery-img-publisher-lg\" data-gallery-id=\"1427895187\"> <div class=\"fotorama\" data-nav=\"thumbs\" data-auto=\"false\" data-ratio=\"16\/7\"><div data-thumb=\"https:\/\/www.szekelykapuk.ro\/wp-content\/uploads\/2019\/04\/DSCN2721-150x150.jpg\">\n                        <a href=\"https:\/\/www.szekelykapuk.ro\/wp-content\/uploads\/2019\/04\/DSCN2721.jpg\" class=\"slide-link\" data-not-rel=\"true\">\n                            <img decoding=\"async\"  data-id=\"3737\" src=\"https:\/\/www.szekelykapuk.ro\/wp-content\/uploads\/2019\/04\/DSCN2721-750x430.jpg\">\n                        <\/a>\n                    <div class=\"slide-title-wrap\"><\/div><\/div><div data-thumb=\"https:\/\/www.szekelykapuk.ro\/wp-content\/uploads\/2019\/04\/DSCN2719-150x150.jpg\">\n                        <a href=\"https:\/\/www.szekelykapuk.ro\/wp-content\/uploads\/2019\/04\/DSCN2719.jpg\" class=\"slide-link\" data-not-rel=\"true\">\n                            <img decoding=\"async\"  data-id=\"3738\" src=\"https:\/\/www.szekelykapuk.ro\/wp-content\/uploads\/2019\/04\/DSCN2719-750x430.jpg\">\n                        <\/a>\n                    <div class=\"slide-title-wrap\"><\/div><\/div><div data-thumb=\"https:\/\/www.szekelykapuk.ro\/wp-content\/uploads\/2019\/04\/DSCN2726-150x150.jpg\">\n                        <a href=\"https:\/\/www.szekelykapuk.ro\/wp-content\/uploads\/2019\/04\/DSCN2726.jpg\" class=\"slide-link\" data-not-rel=\"true\">\n                            <img decoding=\"async\"  data-id=\"3739\" src=\"https:\/\/www.szekelykapuk.ro\/wp-content\/uploads\/2019\/04\/DSCN2726-750x430.jpg\">\n                        <\/a>\n                    <div class=\"slide-title-wrap\"><\/div><\/div><div data-thumb=\"https:\/\/www.szekelykapuk.ro\/wp-content\/uploads\/2019\/04\/DSCN2718-150x150.jpg\">\n                        <a href=\"https:\/\/www.szekelykapuk.ro\/wp-content\/uploads\/2019\/04\/DSCN2718.jpg\" class=\"slide-link\" data-not-rel=\"true\">\n                            <img decoding=\"async\"  data-id=\"3740\" src=\"https:\/\/www.szekelykapuk.ro\/wp-content\/uploads\/2019\/04\/DSCN2718-750x430.jpg\">\n                        <\/a>\n                    <div class=\"slide-title-wrap\"><\/div><\/div><\/div><div class=\"gallery-title clearfix\">    <span class=\"prev\"><i class=\"fa fa-angle-left\"><\/i> El\u0151z\u0151<\/span>\n                    <span class=\"count\"><i class=\"current\">1<\/i> A <i class=\"total\">4<\/i><\/span>\n                    <span class=\"next\">K\u00f6vetkez\u0151 <i class=\"fa fa-angle-right\"><\/i><\/span>\n                <\/div><\/div><script>var prt_gal_img_1427895187 = [\"https:\\\/\\\/www.szekelykapuk.ro\\\/wp-content\\\/uploads\\\/2019\\\/04\\\/DSCN2721.jpg\",\"https:\\\/\\\/www.szekelykapuk.ro\\\/wp-content\\\/uploads\\\/2019\\\/04\\\/DSCN2719.jpg\",\"https:\\\/\\\/www.szekelykapuk.ro\\\/wp-content\\\/uploads\\\/2019\\\/04\\\/DSCN2726.jpg\",\"https:\\\/\\\/www.szekelykapuk.ro\\\/wp-content\\\/uploads\\\/2019\\\/04\\\/DSCN2718.jpg\"]; var prt_gal_cap_1427895187 = [\"\",\"\",\"\",\"\"]; <\/script><\/div>\n","protected":false},"excerpt":{"rendered":"<p>Sz\u00e9kelykereszt\u00far, Kertek utca 3 \/a sz\u00e1m. \u00c9p\u00edt\u00e9s \u00e9ve: 1978, faragta Pap Ferenc tan\u00edt\u00f3, Nyik\u00f3malomfalva. Fel\u00faj\u00edt\u00e1s \u00e9ve: 2017. Felirat: H\u00e1zat minden\u00fctt tal\u00e1lsz, de haz\u00e1t csak itthon.<\/p>\n","protected":false},"author":1,"featured_media":0,"parent":0,"menu_order":0,"comment_status":"closed","ping_status":"closed","template":"","meta":{"_bbp_topic_count":0,"_bbp_reply_count":0,"_bbp_total_topic_count":0,"_bbp_total_reply_count":0,"_bbp_voice_count":0,"_bbp_anonymous_reply_count":0,"_bbp_topic_count_hidden":0,"_bbp_reply_count_hidden":0,"_bbp_forum_subforum_count":0,"footnotes":""},"class_list":["post-3736","page","type-page","status-publish","hentry"],"_links":{"self":[{"href":"https:\/\/www.szekelykapuk.ro\/index.php\/wp-json\/wp\/v2\/pages\/3736","targetHints":{"allow":["GET"]}}],"collection":[{"href":"https:\/\/www.szekelykapuk.ro\/index.php\/wp-json\/wp\/v2\/pages"}],"about":[{"href":"https:\/\/www.szekelykapuk.ro\/index.php\/wp-json\/wp\/v2\/types\/page"}],"author":[{"embeddable":true,"href":"https:\/\/www.szekelykapuk.ro\/index.php\/wp-json\/wp\/v2\/users\/1"}],"replies":[{"embeddable":true,"href":"https:\/\/www.szekelykapuk.ro\/index.php\/wp-json\/wp\/v2\/comments?post=3736"}],"version-history":[{"count":1,"href":"https:\/\/www.szekelykapuk.ro\/index.php\/wp-json\/wp\/v2\/pages\/3736\/revisions"}],"predecessor-version":[{"id":3741,"href":"https:\/\/www.szekelykapuk.ro\/index.php\/wp-json\/wp\/v2\/pages\/3736\/revisions\/3741"}],"wp:attachment":[{"href":"https:\/\/www.szekelykapuk.ro\/index.php\/wp-json\/wp\/v2\/media?parent=3736"}],"curies":[{"name":"wp","href":"https:\/\/api.w.org\/{rel}","templated":true}]}}