{"id":3732,"date":"2019-04-15T12:56:02","date_gmt":"2019-04-15T12:56:02","guid":{"rendered":"https:\/\/www.szekelykapuk.ro\/?page_id=3732"},"modified":"2019-04-15T12:56:39","modified_gmt":"2019-04-15T12:56:39","slug":"40-2","status":"publish","type":"page","link":"https:\/\/www.szekelykapuk.ro\/index.php\/40-2\/","title":{"rendered":"40."},"content":{"rendered":"<p>Borsz\u00e9k. \u00daj sz\u00e9kelykapu a templom el\u0151tt, 2008<\/p>\n<p><img fetchpriority=\"high\" decoding=\"async\" class=\"aligncenter size-large wp-image-3727\" src=\"https:\/\/www.szekelykapuk.ro\/wp-content\/uploads\/2019\/04\/\u00faj-sz\u00e9kelykapu-a-templom-el\u0151tt-2008-1024x768.jpg\" alt=\"\" width=\"1024\" height=\"768\" srcset=\"https:\/\/www.szekelykapuk.ro\/wp-content\/uploads\/2019\/04\/\u00faj-sz\u00e9kelykapu-a-templom-el\u0151tt-2008-1024x768.jpg 1024w, https:\/\/www.szekelykapuk.ro\/wp-content\/uploads\/2019\/04\/\u00faj-sz\u00e9kelykapu-a-templom-el\u0151tt-2008-300x225.jpg 300w, https:\/\/www.szekelykapuk.ro\/wp-content\/uploads\/2019\/04\/\u00faj-sz\u00e9kelykapu-a-templom-el\u0151tt-2008-768x576.jpg 768w, https:\/\/www.szekelykapuk.ro\/wp-content\/uploads\/2019\/04\/\u00faj-sz\u00e9kelykapu-a-templom-el\u0151tt-2008-86x64.jpg 86w, https:\/\/www.szekelykapuk.ro\/wp-content\/uploads\/2019\/04\/\u00faj-sz\u00e9kelykapu-a-templom-el\u0151tt-2008-200x150.jpg 200w, https:\/\/www.szekelykapuk.ro\/wp-content\/uploads\/2019\/04\/\u00faj-sz\u00e9kelykapu-a-templom-el\u0151tt-2008.jpg 1600w\" sizes=\"(max-width: 1024px) 100vw, 1024px\" \/><\/p>\n","protected":false},"excerpt":{"rendered":"<p>Borsz\u00e9k. \u00daj sz\u00e9kelykapu a templom el\u0151tt, 2008<\/p>\n","protected":false},"author":1,"featured_media":0,"parent":0,"menu_order":0,"comment_status":"closed","ping_status":"closed","template":"","meta":{"_bbp_topic_count":0,"_bbp_reply_count":0,"_bbp_total_topic_count":0,"_bbp_total_reply_count":0,"_bbp_voice_count":0,"_bbp_anonymous_reply_count":0,"_bbp_topic_count_hidden":0,"_bbp_reply_count_hidden":0,"_bbp_forum_subforum_count":0,"footnotes":""},"class_list":["post-3732","page","type-page","status-publish","hentry"],"_links":{"self":[{"href":"https:\/\/www.szekelykapuk.ro\/index.php\/wp-json\/wp\/v2\/pages\/3732","targetHints":{"allow":["GET"]}}],"collection":[{"href":"https:\/\/www.szekelykapuk.ro\/index.php\/wp-json\/wp\/v2\/pages"}],"about":[{"href":"https:\/\/www.szekelykapuk.ro\/index.php\/wp-json\/wp\/v2\/types\/page"}],"author":[{"embeddable":true,"href":"https:\/\/www.szekelykapuk.ro\/index.php\/wp-json\/wp\/v2\/users\/1"}],"replies":[{"embeddable":true,"href":"https:\/\/www.szekelykapuk.ro\/index.php\/wp-json\/wp\/v2\/comments?post=3732"}],"version-history":[{"count":1,"href":"https:\/\/www.szekelykapuk.ro\/index.php\/wp-json\/wp\/v2\/pages\/3732\/revisions"}],"predecessor-version":[{"id":3733,"href":"https:\/\/www.szekelykapuk.ro\/index.php\/wp-json\/wp\/v2\/pages\/3732\/revisions\/3733"}],"wp:attachment":[{"href":"https:\/\/www.szekelykapuk.ro\/index.php\/wp-json\/wp\/v2\/media?parent=3732"}],"curies":[{"name":"wp","href":"https:\/\/api.w.org\/{rel}","templated":true}]}}