{"id":3724,"date":"2019-04-15T12:51:02","date_gmt":"2019-04-15T12:51:02","guid":{"rendered":"https:\/\/www.szekelykapuk.ro\/?page_id=3724"},"modified":"2019-04-15T12:53:18","modified_gmt":"2019-04-15T12:53:18","slug":"39-2","status":"publish","type":"page","link":"https:\/\/www.szekelykapuk.ro\/index.php\/39-2\/","title":{"rendered":"39."},"content":{"rendered":"<p>Borsz\u00e9k, d\u00edszkapu a f\u00fcrd\u0151telep bej\u00e1rat\u00e1n\u00e1l, napjainkban.<\/p>\n<p><img fetchpriority=\"high\" decoding=\"async\" class=\"aligncenter wp-image-3726 size-large\" src=\"https:\/\/www.szekelykapuk.ro\/wp-content\/uploads\/2019\/04\/Sz\u00e9kelykapu-a-F\u00fcrd\u0151telep-bej\u00e1rat\u00e1n\u00e1l-1024x768.jpg\" alt=\"\" width=\"1024\" height=\"768\" srcset=\"https:\/\/www.szekelykapuk.ro\/wp-content\/uploads\/2019\/04\/Sz\u00e9kelykapu-a-F\u00fcrd\u0151telep-bej\u00e1rat\u00e1n\u00e1l-1024x768.jpg 1024w, https:\/\/www.szekelykapuk.ro\/wp-content\/uploads\/2019\/04\/Sz\u00e9kelykapu-a-F\u00fcrd\u0151telep-bej\u00e1rat\u00e1n\u00e1l-300x225.jpg 300w, https:\/\/www.szekelykapuk.ro\/wp-content\/uploads\/2019\/04\/Sz\u00e9kelykapu-a-F\u00fcrd\u0151telep-bej\u00e1rat\u00e1n\u00e1l-768x576.jpg 768w, https:\/\/www.szekelykapuk.ro\/wp-content\/uploads\/2019\/04\/Sz\u00e9kelykapu-a-F\u00fcrd\u0151telep-bej\u00e1rat\u00e1n\u00e1l-86x64.jpg 86w, https:\/\/www.szekelykapuk.ro\/wp-content\/uploads\/2019\/04\/Sz\u00e9kelykapu-a-F\u00fcrd\u0151telep-bej\u00e1rat\u00e1n\u00e1l-200x150.jpg 200w, https:\/\/www.szekelykapuk.ro\/wp-content\/uploads\/2019\/04\/Sz\u00e9kelykapu-a-F\u00fcrd\u0151telep-bej\u00e1rat\u00e1n\u00e1l.jpg 1600w\" sizes=\"(max-width: 1024px) 100vw, 1024px\" \/><\/p>\n<p>Borsz\u00e9k. D\u00edszkapu a f\u00fcrd\u0151telep bej\u00e1rat\u00e1n\u00e1l, 1941.<\/p>\n<p><img decoding=\"async\" class=\"aligncenter size-large wp-image-3725\" src=\"https:\/\/www.szekelykapuk.ro\/wp-content\/uploads\/2019\/04\/diszkapu-1941-1024x633.jpg\" alt=\"\" width=\"1024\" height=\"633\" srcset=\"https:\/\/www.szekelykapuk.ro\/wp-content\/uploads\/2019\/04\/diszkapu-1941-1024x633.jpg 1024w, https:\/\/www.szekelykapuk.ro\/wp-content\/uploads\/2019\/04\/diszkapu-1941-300x185.jpg 300w, https:\/\/www.szekelykapuk.ro\/wp-content\/uploads\/2019\/04\/diszkapu-1941-768x475.jpg 768w, https:\/\/www.szekelykapuk.ro\/wp-content\/uploads\/2019\/04\/diszkapu-1941-200x124.jpg 200w, https:\/\/www.szekelykapuk.ro\/wp-content\/uploads\/2019\/04\/diszkapu-1941.jpg 1252w\" sizes=\"(max-width: 1024px) 100vw, 1024px\" \/><\/p>\n<p>&nbsp;<\/p>\n","protected":false},"excerpt":{"rendered":"<p>Borsz\u00e9k, d\u00edszkapu a f\u00fcrd\u0151telep bej\u00e1rat\u00e1n\u00e1l, napjainkban. Borsz\u00e9k. D\u00edszkapu a f\u00fcrd\u0151telep bej\u00e1rat\u00e1n\u00e1l, 1941. &nbsp;<\/p>\n","protected":false},"author":1,"featured_media":0,"parent":0,"menu_order":0,"comment_status":"closed","ping_status":"closed","template":"","meta":{"_bbp_topic_count":0,"_bbp_reply_count":0,"_bbp_total_topic_count":0,"_bbp_total_reply_count":0,"_bbp_voice_count":0,"_bbp_anonymous_reply_count":0,"_bbp_topic_count_hidden":0,"_bbp_reply_count_hidden":0,"_bbp_forum_subforum_count":0,"footnotes":""},"class_list":["post-3724","page","type-page","status-publish","hentry"],"_links":{"self":[{"href":"https:\/\/www.szekelykapuk.ro\/index.php\/wp-json\/wp\/v2\/pages\/3724","targetHints":{"allow":["GET"]}}],"collection":[{"href":"https:\/\/www.szekelykapuk.ro\/index.php\/wp-json\/wp\/v2\/pages"}],"about":[{"href":"https:\/\/www.szekelykapuk.ro\/index.php\/wp-json\/wp\/v2\/types\/page"}],"author":[{"embeddable":true,"href":"https:\/\/www.szekelykapuk.ro\/index.php\/wp-json\/wp\/v2\/users\/1"}],"replies":[{"embeddable":true,"href":"https:\/\/www.szekelykapuk.ro\/index.php\/wp-json\/wp\/v2\/comments?post=3724"}],"version-history":[{"count":2,"href":"https:\/\/www.szekelykapuk.ro\/index.php\/wp-json\/wp\/v2\/pages\/3724\/revisions"}],"predecessor-version":[{"id":3729,"href":"https:\/\/www.szekelykapuk.ro\/index.php\/wp-json\/wp\/v2\/pages\/3724\/revisions\/3729"}],"wp:attachment":[{"href":"https:\/\/www.szekelykapuk.ro\/index.php\/wp-json\/wp\/v2\/media?parent=3724"}],"curies":[{"name":"wp","href":"https:\/\/api.w.org\/{rel}","templated":true}]}}