{"id":3718,"date":"2019-04-15T12:34:57","date_gmt":"2019-04-15T12:34:57","guid":{"rendered":"https:\/\/www.szekelykapuk.ro\/?page_id=3718"},"modified":"2019-04-15T12:34:57","modified_gmt":"2019-04-15T12:34:57","slug":"38-2","status":"publish","type":"page","link":"https:\/\/www.szekelykapuk.ro\/index.php\/38-2\/","title":{"rendered":"38."},"content":{"rendered":"<p>Cs\u00edkborzsova 64.sz\u00e1m. \u00c9p\u00edt\u00e9s: 1974 j\u00falius 1 (k\u00e9sz\u00fclt M\u00e1r\u00e9falv\u00e1n). Fest\u00e9s: 2014. Felirat: T\u00e9rj be hozz\u00e1nk v\u00e1ndor ha erre visz az utad ha j\u00f3 a sz\u00e1nd\u00e9kod itt szeretet fogad.<\/p>\n<div class=\"better-gallery-container\"><div id=\"gallery-56692660\" class=\"better-gallery  better-gallery-img-publisher-lg\" data-gallery-id=\"56692660\"> <div class=\"fotorama\" data-nav=\"thumbs\" data-auto=\"false\" data-ratio=\"16\/7\"><div data-thumb=\"https:\/\/www.szekelykapuk.ro\/wp-content\/uploads\/2019\/04\/DSC_5426-150x150.jpg\">\n                        <a href=\"https:\/\/www.szekelykapuk.ro\/wp-content\/uploads\/2019\/04\/DSC_5426.jpg\" class=\"slide-link\" data-not-rel=\"true\">\n                            <img decoding=\"async\"  data-id=\"3719\" src=\"https:\/\/www.szekelykapuk.ro\/wp-content\/uploads\/2019\/04\/DSC_5426-750x430.jpg\">\n                        <\/a>\n                    <div class=\"slide-title-wrap\"><\/div><\/div><div data-thumb=\"https:\/\/www.szekelykapuk.ro\/wp-content\/uploads\/2019\/04\/DSC_5422-150x150.jpg\">\n                        <a href=\"https:\/\/www.szekelykapuk.ro\/wp-content\/uploads\/2019\/04\/DSC_5422.jpg\" class=\"slide-link\" data-not-rel=\"true\">\n                            <img decoding=\"async\"  data-id=\"3720\" src=\"https:\/\/www.szekelykapuk.ro\/wp-content\/uploads\/2019\/04\/DSC_5422-750x430.jpg\">\n                        <\/a>\n                    <div class=\"slide-title-wrap\"><\/div><\/div><div data-thumb=\"https:\/\/www.szekelykapuk.ro\/wp-content\/uploads\/2019\/04\/DSC_5423-150x150.jpg\">\n                        <a href=\"https:\/\/www.szekelykapuk.ro\/wp-content\/uploads\/2019\/04\/DSC_5423.jpg\" class=\"slide-link\" data-not-rel=\"true\">\n                            <img decoding=\"async\"  data-id=\"3721\" src=\"https:\/\/www.szekelykapuk.ro\/wp-content\/uploads\/2019\/04\/DSC_5423-750x430.jpg\">\n                        <\/a>\n                    <div class=\"slide-title-wrap\"><\/div><\/div><\/div><div class=\"gallery-title clearfix\">    <span class=\"prev\"><i class=\"fa fa-angle-left\"><\/i> El\u0151z\u0151<\/span>\n                    <span class=\"count\"><i class=\"current\">1<\/i> A <i class=\"total\">3<\/i><\/span>\n                    <span class=\"next\">K\u00f6vetkez\u0151 <i class=\"fa fa-angle-right\"><\/i><\/span>\n                <\/div><\/div><script>var prt_gal_img_56692660 = [\"https:\\\/\\\/www.szekelykapuk.ro\\\/wp-content\\\/uploads\\\/2019\\\/04\\\/DSC_5426.jpg\",\"https:\\\/\\\/www.szekelykapuk.ro\\\/wp-content\\\/uploads\\\/2019\\\/04\\\/DSC_5422.jpg\",\"https:\\\/\\\/www.szekelykapuk.ro\\\/wp-content\\\/uploads\\\/2019\\\/04\\\/DSC_5423.jpg\"]; var prt_gal_cap_56692660 = [\"\",\"\",\"\"]; <\/script><\/div>\n","protected":false},"excerpt":{"rendered":"<p>Cs\u00edkborzsova 64.sz\u00e1m. \u00c9p\u00edt\u00e9s: 1974 j\u00falius 1 (k\u00e9sz\u00fclt M\u00e1r\u00e9falv\u00e1n). Fest\u00e9s: 2014. Felirat: T\u00e9rj be hozz\u00e1nk v\u00e1ndor ha erre visz az utad ha j\u00f3 a sz\u00e1nd\u00e9kod itt szeretet fogad.<\/p>\n","protected":false},"author":1,"featured_media":0,"parent":0,"menu_order":0,"comment_status":"closed","ping_status":"closed","template":"","meta":{"_bbp_topic_count":0,"_bbp_reply_count":0,"_bbp_total_topic_count":0,"_bbp_total_reply_count":0,"_bbp_voice_count":0,"_bbp_anonymous_reply_count":0,"_bbp_topic_count_hidden":0,"_bbp_reply_count_hidden":0,"_bbp_forum_subforum_count":0,"footnotes":""},"class_list":["post-3718","page","type-page","status-publish","hentry"],"_links":{"self":[{"href":"https:\/\/www.szekelykapuk.ro\/index.php\/wp-json\/wp\/v2\/pages\/3718","targetHints":{"allow":["GET"]}}],"collection":[{"href":"https:\/\/www.szekelykapuk.ro\/index.php\/wp-json\/wp\/v2\/pages"}],"about":[{"href":"https:\/\/www.szekelykapuk.ro\/index.php\/wp-json\/wp\/v2\/types\/page"}],"author":[{"embeddable":true,"href":"https:\/\/www.szekelykapuk.ro\/index.php\/wp-json\/wp\/v2\/users\/1"}],"replies":[{"embeddable":true,"href":"https:\/\/www.szekelykapuk.ro\/index.php\/wp-json\/wp\/v2\/comments?post=3718"}],"version-history":[{"count":1,"href":"https:\/\/www.szekelykapuk.ro\/index.php\/wp-json\/wp\/v2\/pages\/3718\/revisions"}],"predecessor-version":[{"id":3722,"href":"https:\/\/www.szekelykapuk.ro\/index.php\/wp-json\/wp\/v2\/pages\/3718\/revisions\/3722"}],"wp:attachment":[{"href":"https:\/\/www.szekelykapuk.ro\/index.php\/wp-json\/wp\/v2\/media?parent=3718"}],"curies":[{"name":"wp","href":"https:\/\/api.w.org\/{rel}","templated":true}]}}