{"id":3700,"date":"2019-04-15T12:09:23","date_gmt":"2019-04-15T12:09:23","guid":{"rendered":"https:\/\/www.szekelykapuk.ro\/?page_id=3700"},"modified":"2019-04-15T12:09:23","modified_gmt":"2019-04-15T12:09:23","slug":"36-2","status":"publish","type":"page","link":"https:\/\/www.szekelykapuk.ro\/index.php\/36-2\/","title":{"rendered":"36."},"content":{"rendered":"<p><span id=\"fbPhotoSnowliftCaption\" class=\"fbPhotosPhotoCaption\" tabindex=\"0\" aria-live=\"polite\" data-ft=\"{&quot;tn&quot;:&quot;K&quot;}\"><span class=\"hasCaption\">Feny\u00e9di kapu (F\u0151\u00fat, 309). \u00c9p\u00edt\u00e9s \u00e9ve:1988. Fel\u00faj\u00edt\u00e1s:\u00fajrafest\u00e9s. Faragta:Olosz S\u00e1ndor<\/span><\/span><span id=\"fbPhotoSnowliftTagList\" class=\"fbPhotoTagList\"><span class=\"fcg\">\u00a0\u2013 itt:<span class=\"fbPhotoTagListTag withTagItem tagItem\">Feny\u00e8d, Harghita, Romania<\/span><\/span><\/span><\/p>\n<div class=\"better-gallery-container\"><div id=\"gallery-572763413\" class=\"better-gallery  better-gallery-img-publisher-lg\" data-gallery-id=\"572763413\"> <div class=\"fotorama\" data-nav=\"thumbs\" data-auto=\"false\" data-ratio=\"16\/7\"><div data-thumb=\"https:\/\/www.szekelykapuk.ro\/wp-content\/uploads\/2019\/04\/IMG_20190330_132930-150x150.jpg\">\n                        <a href=\"https:\/\/www.szekelykapuk.ro\/wp-content\/uploads\/2019\/04\/IMG_20190330_132930.jpg\" class=\"slide-link\" data-not-rel=\"true\">\n                            <img decoding=\"async\"  data-id=\"3701\" src=\"https:\/\/www.szekelykapuk.ro\/wp-content\/uploads\/2019\/04\/IMG_20190330_132930-750x430.jpg\">\n                        <\/a>\n                    <div class=\"slide-title-wrap\"><span class=\"slide-title\">dav<\/span><\/div><\/div><div data-thumb=\"https:\/\/www.szekelykapuk.ro\/wp-content\/uploads\/2019\/04\/IMG_20190404_193919-150x150.jpg\">\n                        <a href=\"https:\/\/www.szekelykapuk.ro\/wp-content\/uploads\/2019\/04\/IMG_20190404_193919.jpg\" class=\"slide-link\" data-not-rel=\"true\">\n                            <img decoding=\"async\"  data-id=\"3702\" src=\"https:\/\/www.szekelykapuk.ro\/wp-content\/uploads\/2019\/04\/IMG_20190404_193919-750x430.jpg\">\n                        <\/a>\n                    <div class=\"slide-title-wrap\"><span class=\"slide-title\">dav<\/span><\/div><\/div><div data-thumb=\"https:\/\/www.szekelykapuk.ro\/wp-content\/uploads\/2019\/04\/IMG_20190330_132812-150x150.jpg\">\n                        <a href=\"https:\/\/www.szekelykapuk.ro\/wp-content\/uploads\/2019\/04\/IMG_20190330_132812.jpg\" class=\"slide-link\" data-not-rel=\"true\">\n                            <img decoding=\"async\"  data-id=\"3703\" src=\"https:\/\/www.szekelykapuk.ro\/wp-content\/uploads\/2019\/04\/IMG_20190330_132812-750x430.jpg\">\n                        <\/a>\n                    <div class=\"slide-title-wrap\"><span class=\"slide-title\">dig<\/span><\/div><\/div><div data-thumb=\"https:\/\/www.szekelykapuk.ro\/wp-content\/uploads\/2019\/04\/IMG_20190330_132947-150x150.jpg\">\n                        <a href=\"https:\/\/www.szekelykapuk.ro\/wp-content\/uploads\/2019\/04\/IMG_20190330_132947.jpg\" class=\"slide-link\" data-not-rel=\"true\">\n                            <img decoding=\"async\"  data-id=\"3704\" src=\"https:\/\/www.szekelykapuk.ro\/wp-content\/uploads\/2019\/04\/IMG_20190330_132947-750x430.jpg\">\n                        <\/a>\n                    <div class=\"slide-title-wrap\"><span class=\"slide-title\">dav<\/span><\/div><\/div><div data-thumb=\"https:\/\/www.szekelykapuk.ro\/wp-content\/uploads\/2019\/04\/IMG_20190404_193857-150x150.jpg\">\n                        <a href=\"https:\/\/www.szekelykapuk.ro\/wp-content\/uploads\/2019\/04\/IMG_20190404_193857.jpg\" class=\"slide-link\" data-not-rel=\"true\">\n                            <img decoding=\"async\"  data-id=\"3705\" src=\"https:\/\/www.szekelykapuk.ro\/wp-content\/uploads\/2019\/04\/IMG_20190404_193857-750x430.jpg\">\n                        <\/a>\n                    <div class=\"slide-title-wrap\"><span class=\"slide-title\">dav<\/span><\/div><\/div><div data-thumb=\"https:\/\/www.szekelykapuk.ro\/wp-content\/uploads\/2019\/04\/IMG_20190404_193816-150x150.jpg\">\n                        <a href=\"https:\/\/www.szekelykapuk.ro\/wp-content\/uploads\/2019\/04\/IMG_20190404_193816.jpg\" class=\"slide-link\" data-not-rel=\"true\">\n                            <img decoding=\"async\"  data-id=\"3706\" src=\"https:\/\/www.szekelykapuk.ro\/wp-content\/uploads\/2019\/04\/IMG_20190404_193816-750x430.jpg\">\n                        <\/a>\n                    <div class=\"slide-title-wrap\"><span class=\"slide-title\">dav<\/span><\/div><\/div><\/div><div class=\"gallery-title clearfix\">    <span class=\"prev\"><i class=\"fa fa-angle-left\"><\/i> El\u0151z\u0151<\/span>\n                    <span class=\"count\"><i class=\"current\">1<\/i> A <i class=\"total\">6<\/i><\/span>\n                    <span class=\"next\">K\u00f6vetkez\u0151 <i class=\"fa fa-angle-right\"><\/i><\/span>\n                <\/div><\/div><script>var prt_gal_img_572763413 = [\"https:\\\/\\\/www.szekelykapuk.ro\\\/wp-content\\\/uploads\\\/2019\\\/04\\\/IMG_20190330_132930.jpg\",\"https:\\\/\\\/www.szekelykapuk.ro\\\/wp-content\\\/uploads\\\/2019\\\/04\\\/IMG_20190404_193919.jpg\",\"https:\\\/\\\/www.szekelykapuk.ro\\\/wp-content\\\/uploads\\\/2019\\\/04\\\/IMG_20190330_132812.jpg\",\"https:\\\/\\\/www.szekelykapuk.ro\\\/wp-content\\\/uploads\\\/2019\\\/04\\\/IMG_20190330_132947.jpg\",\"https:\\\/\\\/www.szekelykapuk.ro\\\/wp-content\\\/uploads\\\/2019\\\/04\\\/IMG_20190404_193857.jpg\",\"https:\\\/\\\/www.szekelykapuk.ro\\\/wp-content\\\/uploads\\\/2019\\\/04\\\/IMG_20190404_193816.jpg\"]; var prt_gal_cap_572763413 = [\"dav\",\"dav\",\"dig\",\"dav\",\"dav\",\"dav\"]; <\/script><\/div>\n<p>&nbsp;<\/p>\n","protected":false},"excerpt":{"rendered":"<p>Feny\u00e9di kapu (F\u0151\u00fat, 309). \u00c9p\u00edt\u00e9s \u00e9ve:1988. Fel\u00faj\u00edt\u00e1s:\u00fajrafest\u00e9s. Faragta:Olosz S\u00e1ndor\u00a0\u2013 itt:Feny\u00e8d, Harghita, Romania &nbsp;<\/p>\n","protected":false},"author":1,"featured_media":0,"parent":0,"menu_order":0,"comment_status":"closed","ping_status":"closed","template":"","meta":{"_bbp_topic_count":0,"_bbp_reply_count":0,"_bbp_total_topic_count":0,"_bbp_total_reply_count":0,"_bbp_voice_count":0,"_bbp_anonymous_reply_count":0,"_bbp_topic_count_hidden":0,"_bbp_reply_count_hidden":0,"_bbp_forum_subforum_count":0,"footnotes":""},"class_list":["post-3700","page","type-page","status-publish","hentry"],"_links":{"self":[{"href":"https:\/\/www.szekelykapuk.ro\/index.php\/wp-json\/wp\/v2\/pages\/3700","targetHints":{"allow":["GET"]}}],"collection":[{"href":"https:\/\/www.szekelykapuk.ro\/index.php\/wp-json\/wp\/v2\/pages"}],"about":[{"href":"https:\/\/www.szekelykapuk.ro\/index.php\/wp-json\/wp\/v2\/types\/page"}],"author":[{"embeddable":true,"href":"https:\/\/www.szekelykapuk.ro\/index.php\/wp-json\/wp\/v2\/users\/1"}],"replies":[{"embeddable":true,"href":"https:\/\/www.szekelykapuk.ro\/index.php\/wp-json\/wp\/v2\/comments?post=3700"}],"version-history":[{"count":1,"href":"https:\/\/www.szekelykapuk.ro\/index.php\/wp-json\/wp\/v2\/pages\/3700\/revisions"}],"predecessor-version":[{"id":3707,"href":"https:\/\/www.szekelykapuk.ro\/index.php\/wp-json\/wp\/v2\/pages\/3700\/revisions\/3707"}],"wp:attachment":[{"href":"https:\/\/www.szekelykapuk.ro\/index.php\/wp-json\/wp\/v2\/media?parent=3700"}],"curies":[{"name":"wp","href":"https:\/\/api.w.org\/{rel}","templated":true}]}}