{"id":3694,"date":"2019-04-15T11:52:49","date_gmt":"2019-04-15T11:52:49","guid":{"rendered":"https:\/\/www.szekelykapuk.ro\/?page_id=3694"},"modified":"2019-04-15T11:52:49","modified_gmt":"2019-04-15T11:52:49","slug":"35-2","status":"publish","type":"page","link":"https:\/\/www.szekelykapuk.ro\/index.php\/35-2\/","title":{"rendered":"35."},"content":{"rendered":"<p>Cs\u00edkszentdomokosi gyalog kapu, Faluv\u00e9ge 96.sz\u00e1m alatt tal\u00e1lhat\u00f3. \u00c9p\u00edt\u00e9s \u00e9ve 2018, felirata: Isten hozott!\/Isten veled!<\/p>\n<div class=\"better-gallery-container\"><div id=\"gallery-1860033966\" class=\"better-gallery  better-gallery-img-publisher-lg\" data-gallery-id=\"1860033966\"> <div class=\"fotorama\" data-nav=\"thumbs\" data-auto=\"false\" data-ratio=\"16\/7\"><div data-thumb=\"https:\/\/www.szekelykapuk.ro\/wp-content\/uploads\/2019\/04\/57131053_1397197460422957_6128564305827725312_o-150x150.jpg\">\n                        <a href=\"https:\/\/www.szekelykapuk.ro\/wp-content\/uploads\/2019\/04\/57131053_1397197460422957_6128564305827725312_o.jpg\" class=\"slide-link\" data-not-rel=\"true\">\n                            <img decoding=\"async\"  data-id=\"3695\" src=\"https:\/\/www.szekelykapuk.ro\/wp-content\/uploads\/2019\/04\/57131053_1397197460422957_6128564305827725312_o-750x430.jpg\">\n                        <\/a>\n                    <div class=\"slide-title-wrap\"><\/div><\/div><div data-thumb=\"https:\/\/www.szekelykapuk.ro\/wp-content\/uploads\/2019\/04\/56954311_1397197473756289_8333874895284862976_o-150x150.jpg\">\n                        <a href=\"https:\/\/www.szekelykapuk.ro\/wp-content\/uploads\/2019\/04\/56954311_1397197473756289_8333874895284862976_o.jpg\" class=\"slide-link\" data-not-rel=\"true\">\n                            <img decoding=\"async\"  data-id=\"3696\" src=\"https:\/\/www.szekelykapuk.ro\/wp-content\/uploads\/2019\/04\/56954311_1397197473756289_8333874895284862976_o-750x430.jpg\">\n                        <\/a>\n                    <div class=\"slide-title-wrap\"><\/div><\/div><div data-thumb=\"https:\/\/www.szekelykapuk.ro\/wp-content\/uploads\/2019\/04\/56977054_1397197487089621_7041216535213375488_o-150x150.jpg\">\n                        <a href=\"https:\/\/www.szekelykapuk.ro\/wp-content\/uploads\/2019\/04\/56977054_1397197487089621_7041216535213375488_o.jpg\" class=\"slide-link\" data-not-rel=\"true\">\n                            <img decoding=\"async\"  data-id=\"3697\" src=\"https:\/\/www.szekelykapuk.ro\/wp-content\/uploads\/2019\/04\/56977054_1397197487089621_7041216535213375488_o-750x430.jpg\">\n                        <\/a>\n                    <div class=\"slide-title-wrap\"><\/div><\/div><\/div><div class=\"gallery-title clearfix\">    <span class=\"prev\"><i class=\"fa fa-angle-left\"><\/i> El\u0151z\u0151<\/span>\n                    <span class=\"count\"><i class=\"current\">1<\/i> A <i class=\"total\">3<\/i><\/span>\n                    <span class=\"next\">K\u00f6vetkez\u0151 <i class=\"fa fa-angle-right\"><\/i><\/span>\n                <\/div><\/div><script>var prt_gal_img_1860033966 = [\"https:\\\/\\\/www.szekelykapuk.ro\\\/wp-content\\\/uploads\\\/2019\\\/04\\\/57131053_1397197460422957_6128564305827725312_o.jpg\",\"https:\\\/\\\/www.szekelykapuk.ro\\\/wp-content\\\/uploads\\\/2019\\\/04\\\/56954311_1397197473756289_8333874895284862976_o.jpg\",\"https:\\\/\\\/www.szekelykapuk.ro\\\/wp-content\\\/uploads\\\/2019\\\/04\\\/56977054_1397197487089621_7041216535213375488_o.jpg\"]; var prt_gal_cap_1860033966 = [\"\",\"\",\"\"]; <\/script><\/div>\n","protected":false},"excerpt":{"rendered":"<p>Cs\u00edkszentdomokosi gyalog kapu, Faluv\u00e9ge 96.sz\u00e1m alatt tal\u00e1lhat\u00f3. \u00c9p\u00edt\u00e9s \u00e9ve 2018, felirata: Isten hozott!\/Isten veled!<\/p>\n","protected":false},"author":1,"featured_media":0,"parent":0,"menu_order":0,"comment_status":"closed","ping_status":"closed","template":"","meta":{"_bbp_topic_count":0,"_bbp_reply_count":0,"_bbp_total_topic_count":0,"_bbp_total_reply_count":0,"_bbp_voice_count":0,"_bbp_anonymous_reply_count":0,"_bbp_topic_count_hidden":0,"_bbp_reply_count_hidden":0,"_bbp_forum_subforum_count":0,"footnotes":""},"class_list":["post-3694","page","type-page","status-publish","hentry"],"_links":{"self":[{"href":"https:\/\/www.szekelykapuk.ro\/index.php\/wp-json\/wp\/v2\/pages\/3694","targetHints":{"allow":["GET"]}}],"collection":[{"href":"https:\/\/www.szekelykapuk.ro\/index.php\/wp-json\/wp\/v2\/pages"}],"about":[{"href":"https:\/\/www.szekelykapuk.ro\/index.php\/wp-json\/wp\/v2\/types\/page"}],"author":[{"embeddable":true,"href":"https:\/\/www.szekelykapuk.ro\/index.php\/wp-json\/wp\/v2\/users\/1"}],"replies":[{"embeddable":true,"href":"https:\/\/www.szekelykapuk.ro\/index.php\/wp-json\/wp\/v2\/comments?post=3694"}],"version-history":[{"count":1,"href":"https:\/\/www.szekelykapuk.ro\/index.php\/wp-json\/wp\/v2\/pages\/3694\/revisions"}],"predecessor-version":[{"id":3698,"href":"https:\/\/www.szekelykapuk.ro\/index.php\/wp-json\/wp\/v2\/pages\/3694\/revisions\/3698"}],"wp:attachment":[{"href":"https:\/\/www.szekelykapuk.ro\/index.php\/wp-json\/wp\/v2\/media?parent=3694"}],"curies":[{"name":"wp","href":"https:\/\/api.w.org\/{rel}","templated":true}]}}