{"id":3687,"date":"2019-04-15T11:48:12","date_gmt":"2019-04-15T11:48:12","guid":{"rendered":"https:\/\/www.szekelykapuk.ro\/?page_id=3687"},"modified":"2019-04-15T11:48:12","modified_gmt":"2019-04-15T11:48:12","slug":"34-2","status":"publish","type":"page","link":"https:\/\/www.szekelykapuk.ro\/index.php\/34-2\/","title":{"rendered":"34."},"content":{"rendered":"<p><span id=\"fbPhotoSnowliftCaption\" class=\"fbPhotosPhotoCaption\" tabindex=\"0\" aria-live=\"polite\" data-ft=\"{&quot;tn&quot;:&quot;K&quot;}\"><span class=\"hasCaption\">Cs\u00edkszentsimoni kapu, mostani helye: Cs\u00edkszentsimon, Malom utca 57. sz\u00e1m. \u00c9p\u00edt\u00e9s \u00e9ve: 2013. Felirat:utca fel\u0151l: Sz\u00e9kely, a m\u00faltat f\u00e9ltve \u0151rizd, hogy a j\u00f6v\u0151d megmaradjon! Udvar fel\u0151l: Isten segedelm\u00e9vel \u00e1ll\u00edtotta: Cseh Csaba \u00e9s Cseh Irma 2013. Megjegyz\u00e9s: a kiskapun a Cseh csal\u00e1d c\u00edmere l\u00e1that\u00f3<\/span><\/span><\/p>\n<div class=\"better-gallery-container\"><div id=\"gallery-1622914880\" class=\"better-gallery  better-gallery-img-publisher-lg\" data-gallery-id=\"1622914880\"> <div class=\"fotorama\" data-nav=\"thumbs\" data-auto=\"false\" data-ratio=\"16\/7\"><div data-thumb=\"https:\/\/www.szekelykapuk.ro\/wp-content\/uploads\/2019\/04\/57258297_1397195433756493_2274077164804505600_o-150x150.jpg\">\n                        <a href=\"https:\/\/www.szekelykapuk.ro\/wp-content\/uploads\/2019\/04\/57258297_1397195433756493_2274077164804505600_o.jpg\" class=\"slide-link\" data-not-rel=\"true\">\n                            <img decoding=\"async\"  data-id=\"3688\" src=\"https:\/\/www.szekelykapuk.ro\/wp-content\/uploads\/2019\/04\/57258297_1397195433756493_2274077164804505600_o-750x430.jpg\">\n                        <\/a>\n                    <div class=\"slide-title-wrap\"><\/div><\/div><div data-thumb=\"https:\/\/www.szekelykapuk.ro\/wp-content\/uploads\/2019\/04\/57319738_1397195443756492_964473715641286656_o-150x150.jpg\">\n                        <a href=\"https:\/\/www.szekelykapuk.ro\/wp-content\/uploads\/2019\/04\/57319738_1397195443756492_964473715641286656_o.jpg\" class=\"slide-link\" data-not-rel=\"true\">\n                            <img decoding=\"async\"  data-id=\"3689\" src=\"https:\/\/www.szekelykapuk.ro\/wp-content\/uploads\/2019\/04\/57319738_1397195443756492_964473715641286656_o-750x430.jpg\">\n                        <\/a>\n                    <div class=\"slide-title-wrap\"><\/div><\/div><div data-thumb=\"https:\/\/www.szekelykapuk.ro\/wp-content\/uploads\/2019\/04\/57164006_1397195463756490_1524311217932337152_o-150x150.jpg\">\n                        <a href=\"https:\/\/www.szekelykapuk.ro\/wp-content\/uploads\/2019\/04\/57164006_1397195463756490_1524311217932337152_o.jpg\" class=\"slide-link\" data-not-rel=\"true\">\n                            <img decoding=\"async\"  data-id=\"3690\" src=\"https:\/\/www.szekelykapuk.ro\/wp-content\/uploads\/2019\/04\/57164006_1397195463756490_1524311217932337152_o-750x430.jpg\">\n                        <\/a>\n                    <div class=\"slide-title-wrap\"><\/div><\/div><div data-thumb=\"https:\/\/www.szekelykapuk.ro\/wp-content\/uploads\/2019\/04\/56927279_1397195573756479_2987377666807562240_o-150x150.jpg\">\n                        <a href=\"https:\/\/www.szekelykapuk.ro\/wp-content\/uploads\/2019\/04\/56927279_1397195573756479_2987377666807562240_o.jpg\" class=\"slide-link\" data-not-rel=\"true\">\n                            <img decoding=\"async\"  data-id=\"3691\" src=\"https:\/\/www.szekelykapuk.ro\/wp-content\/uploads\/2019\/04\/56927279_1397195573756479_2987377666807562240_o-750x430.jpg\">\n                        <\/a>\n                    <div class=\"slide-title-wrap\"><\/div><\/div><div data-thumb=\"https:\/\/www.szekelykapuk.ro\/wp-content\/uploads\/2019\/04\/57106703_1397195560423147_2520906680447795200_o-150x150.jpg\">\n                        <a href=\"https:\/\/www.szekelykapuk.ro\/wp-content\/uploads\/2019\/04\/57106703_1397195560423147_2520906680447795200_o.jpg\" class=\"slide-link\" data-not-rel=\"true\">\n                            <img decoding=\"async\"  data-id=\"3692\" src=\"https:\/\/www.szekelykapuk.ro\/wp-content\/uploads\/2019\/04\/57106703_1397195560423147_2520906680447795200_o-750x430.jpg\">\n                        <\/a>\n                    <div class=\"slide-title-wrap\"><\/div><\/div><\/div><div class=\"gallery-title clearfix\">    <span class=\"prev\"><i class=\"fa fa-angle-left\"><\/i> El\u0151z\u0151<\/span>\n                    <span class=\"count\"><i class=\"current\">1<\/i> A <i class=\"total\">5<\/i><\/span>\n                    <span class=\"next\">K\u00f6vetkez\u0151 <i class=\"fa fa-angle-right\"><\/i><\/span>\n                <\/div><\/div><script>var prt_gal_img_1622914880 = [\"https:\\\/\\\/www.szekelykapuk.ro\\\/wp-content\\\/uploads\\\/2019\\\/04\\\/57258297_1397195433756493_2274077164804505600_o.jpg\",\"https:\\\/\\\/www.szekelykapuk.ro\\\/wp-content\\\/uploads\\\/2019\\\/04\\\/57319738_1397195443756492_964473715641286656_o.jpg\",\"https:\\\/\\\/www.szekelykapuk.ro\\\/wp-content\\\/uploads\\\/2019\\\/04\\\/57164006_1397195463756490_1524311217932337152_o.jpg\",\"https:\\\/\\\/www.szekelykapuk.ro\\\/wp-content\\\/uploads\\\/2019\\\/04\\\/56927279_1397195573756479_2987377666807562240_o.jpg\",\"https:\\\/\\\/www.szekelykapuk.ro\\\/wp-content\\\/uploads\\\/2019\\\/04\\\/57106703_1397195560423147_2520906680447795200_o.jpg\"]; var prt_gal_cap_1622914880 = [\"\",\"\",\"\",\"\",\"\"]; <\/script><\/div>\n","protected":false},"excerpt":{"rendered":"<p>Cs\u00edkszentsimoni kapu, mostani helye: Cs\u00edkszentsimon, Malom utca 57. sz\u00e1m. \u00c9p\u00edt\u00e9s \u00e9ve: 2013. Felirat:utca fel\u0151l: Sz\u00e9kely, a m\u00faltat f\u00e9ltve \u0151rizd, hogy a j\u00f6v\u0151d megmaradjon! Udvar fel\u0151l: Isten segedelm\u00e9vel \u00e1ll\u00edtotta: Cseh Csaba \u00e9s Cseh Irma 2013. Megjegyz\u00e9s: a kiskapun a Cseh csal\u00e1d c\u00edmere l\u00e1that\u00f3<\/p>\n","protected":false},"author":1,"featured_media":0,"parent":0,"menu_order":0,"comment_status":"closed","ping_status":"closed","template":"","meta":{"_bbp_topic_count":0,"_bbp_reply_count":0,"_bbp_total_topic_count":0,"_bbp_total_reply_count":0,"_bbp_voice_count":0,"_bbp_anonymous_reply_count":0,"_bbp_topic_count_hidden":0,"_bbp_reply_count_hidden":0,"_bbp_forum_subforum_count":0,"footnotes":""},"class_list":["post-3687","page","type-page","status-publish","hentry"],"_links":{"self":[{"href":"https:\/\/www.szekelykapuk.ro\/index.php\/wp-json\/wp\/v2\/pages\/3687","targetHints":{"allow":["GET"]}}],"collection":[{"href":"https:\/\/www.szekelykapuk.ro\/index.php\/wp-json\/wp\/v2\/pages"}],"about":[{"href":"https:\/\/www.szekelykapuk.ro\/index.php\/wp-json\/wp\/v2\/types\/page"}],"author":[{"embeddable":true,"href":"https:\/\/www.szekelykapuk.ro\/index.php\/wp-json\/wp\/v2\/users\/1"}],"replies":[{"embeddable":true,"href":"https:\/\/www.szekelykapuk.ro\/index.php\/wp-json\/wp\/v2\/comments?post=3687"}],"version-history":[{"count":1,"href":"https:\/\/www.szekelykapuk.ro\/index.php\/wp-json\/wp\/v2\/pages\/3687\/revisions"}],"predecessor-version":[{"id":3693,"href":"https:\/\/www.szekelykapuk.ro\/index.php\/wp-json\/wp\/v2\/pages\/3687\/revisions\/3693"}],"wp:attachment":[{"href":"https:\/\/www.szekelykapuk.ro\/index.php\/wp-json\/wp\/v2\/media?parent=3687"}],"curies":[{"name":"wp","href":"https:\/\/api.w.org\/{rel}","templated":true}]}}