{"id":3646,"date":"2019-04-08T11:16:24","date_gmt":"2019-04-08T11:16:24","guid":{"rendered":"https:\/\/www.szekelykapuk.ro\/?page_id=3646"},"modified":"2019-04-15T11:38:10","modified_gmt":"2019-04-15T11:38:10","slug":"32-2","status":"publish","type":"page","link":"https:\/\/www.szekelykapuk.ro\/index.php\/32-2\/","title":{"rendered":"32."},"content":{"rendered":"<p><span id=\"fbPhotoSnowliftCaption\" class=\"fbPhotosPhotoCaption\" tabindex=\"0\" aria-live=\"polite\" data-ft=\"{&quot;tn&quot;:&quot;K&quot;}\"><span class=\"hasCaption\">\u00a0Cs\u00edkszentdomokosi kapu. Felirata kiskapu f\u00f6l\u00f6tt: Gy A \u00e9s NJ KE 1963<\/span><\/span><\/p>\n<div class=\"better-gallery-container\"><div id=\"gallery-1245202572\" class=\"better-gallery  better-gallery-img-publisher-lg\" data-gallery-id=\"1245202572\"> <div class=\"fotorama\" data-nav=\"thumbs\" data-auto=\"false\" data-ratio=\"16\/7\"><div data-thumb=\"https:\/\/www.szekelykapuk.ro\/wp-content\/uploads\/2019\/04\/57311617_1397193337090036_2791423430354796544_o-150x150.jpg\">\n                        <a href=\"https:\/\/www.szekelykapuk.ro\/wp-content\/uploads\/2019\/04\/57311617_1397193337090036_2791423430354796544_o.jpg\" class=\"slide-link\" data-not-rel=\"true\">\n                            <img decoding=\"async\"  data-id=\"3680\" src=\"https:\/\/www.szekelykapuk.ro\/wp-content\/uploads\/2019\/04\/57311617_1397193337090036_2791423430354796544_o-750x430.jpg\">\n                        <\/a>\n                    <div class=\"slide-title-wrap\"><\/div><\/div><div data-thumb=\"https:\/\/www.szekelykapuk.ro\/wp-content\/uploads\/2019\/04\/57226272_1397193317090038_5650764166403719168_o-150x150.jpg\">\n                        <a href=\"https:\/\/www.szekelykapuk.ro\/wp-content\/uploads\/2019\/04\/57226272_1397193317090038_5650764166403719168_o.jpg\" class=\"slide-link\" data-not-rel=\"true\">\n                            <img decoding=\"async\"  data-id=\"3681\" src=\"https:\/\/www.szekelykapuk.ro\/wp-content\/uploads\/2019\/04\/57226272_1397193317090038_5650764166403719168_o-750x430.jpg\">\n                        <\/a>\n                    <div class=\"slide-title-wrap\"><\/div><\/div><\/div><div class=\"gallery-title clearfix\">    <span class=\"prev\"><i class=\"fa fa-angle-left\"><\/i> El\u0151z\u0151<\/span>\n                    <span class=\"count\"><i class=\"current\">1<\/i> A <i class=\"total\">2<\/i><\/span>\n                    <span class=\"next\">K\u00f6vetkez\u0151 <i class=\"fa fa-angle-right\"><\/i><\/span>\n                <\/div><\/div><script>var prt_gal_img_1245202572 = [\"https:\\\/\\\/www.szekelykapuk.ro\\\/wp-content\\\/uploads\\\/2019\\\/04\\\/57311617_1397193337090036_2791423430354796544_o.jpg\",\"https:\\\/\\\/www.szekelykapuk.ro\\\/wp-content\\\/uploads\\\/2019\\\/04\\\/57226272_1397193317090038_5650764166403719168_o.jpg\"]; var prt_gal_cap_1245202572 = [\"\",\"\"]; <\/script><\/div>\n","protected":false},"excerpt":{"rendered":"<p>\u00a0Cs\u00edkszentdomokosi kapu. Felirata kiskapu f\u00f6l\u00f6tt: Gy A \u00e9s NJ KE 1963<\/p>\n","protected":false},"author":1,"featured_media":0,"parent":0,"menu_order":0,"comment_status":"closed","ping_status":"closed","template":"","meta":{"_bbp_topic_count":0,"_bbp_reply_count":0,"_bbp_total_topic_count":0,"_bbp_total_reply_count":0,"_bbp_voice_count":0,"_bbp_anonymous_reply_count":0,"_bbp_topic_count_hidden":0,"_bbp_reply_count_hidden":0,"_bbp_forum_subforum_count":0,"footnotes":""},"class_list":["post-3646","page","type-page","status-publish","hentry"],"_links":{"self":[{"href":"https:\/\/www.szekelykapuk.ro\/index.php\/wp-json\/wp\/v2\/pages\/3646","targetHints":{"allow":["GET"]}}],"collection":[{"href":"https:\/\/www.szekelykapuk.ro\/index.php\/wp-json\/wp\/v2\/pages"}],"about":[{"href":"https:\/\/www.szekelykapuk.ro\/index.php\/wp-json\/wp\/v2\/types\/page"}],"author":[{"embeddable":true,"href":"https:\/\/www.szekelykapuk.ro\/index.php\/wp-json\/wp\/v2\/users\/1"}],"replies":[{"embeddable":true,"href":"https:\/\/www.szekelykapuk.ro\/index.php\/wp-json\/wp\/v2\/comments?post=3646"}],"version-history":[{"count":4,"href":"https:\/\/www.szekelykapuk.ro\/index.php\/wp-json\/wp\/v2\/pages\/3646\/revisions"}],"predecessor-version":[{"id":3682,"href":"https:\/\/www.szekelykapuk.ro\/index.php\/wp-json\/wp\/v2\/pages\/3646\/revisions\/3682"}],"wp:attachment":[{"href":"https:\/\/www.szekelykapuk.ro\/index.php\/wp-json\/wp\/v2\/media?parent=3646"}],"curies":[{"name":"wp","href":"https:\/\/api.w.org\/{rel}","templated":true}]}}