{"id":3639,"date":"2019-04-08T06:24:23","date_gmt":"2019-04-08T06:24:23","guid":{"rendered":"https:\/\/www.szekelykapuk.ro\/?page_id=3639"},"modified":"2019-04-15T11:34:46","modified_gmt":"2019-04-15T11:34:46","slug":"31-2","status":"publish","type":"page","link":"https:\/\/www.szekelykapuk.ro\/index.php\/31-2\/","title":{"rendered":"31."},"content":{"rendered":"<p style=\"font-weight: 400;\">Mad\u00e9falvi kapu. Felirata: Kiskapu f\u00f6l\u00f6tt: \u00c1ll\u00edttatta R\u00e9szeg Imre \u00e9s R\u00e9szeg Erzs\u00e9bet 05. 29. 2009. A kiskapu f\u00f6l\u00f6tt m\u00e9g magasabban: E kapu bizonylat &#8230; a sz\u00e9kelyek\u00e9 Sz\u00e9kelyorsz\u00e1g<\/p>\n<div class=\"better-gallery-container\"><div id=\"gallery-1648068260\" class=\"better-gallery  better-gallery-img-publisher-lg\" data-gallery-id=\"1648068260\"> <div class=\"fotorama\" data-nav=\"thumbs\" data-auto=\"false\" data-ratio=\"16\/7\"><div data-thumb=\"https:\/\/www.szekelykapuk.ro\/wp-content\/uploads\/2019\/04\/56935217_1397191330423570_7132840707466723328_o-150x150.jpg\">\n                        <a href=\"https:\/\/www.szekelykapuk.ro\/wp-content\/uploads\/2019\/04\/56935217_1397191330423570_7132840707466723328_o.jpg\" class=\"slide-link\" data-not-rel=\"true\">\n                            <img decoding=\"async\"  data-id=\"3676\" src=\"https:\/\/www.szekelykapuk.ro\/wp-content\/uploads\/2019\/04\/56935217_1397191330423570_7132840707466723328_o-750x430.jpg\">\n                        <\/a>\n                    <div class=\"slide-title-wrap\"><\/div><\/div><div data-thumb=\"https:\/\/www.szekelykapuk.ro\/wp-content\/uploads\/2019\/04\/56830098_1397191360423567_242804517106614272_n-150x150.jpg\">\n                        <a href=\"https:\/\/www.szekelykapuk.ro\/wp-content\/uploads\/2019\/04\/56830098_1397191360423567_242804517106614272_n.jpg\" class=\"slide-link\" data-not-rel=\"true\">\n                            <img decoding=\"async\"  data-id=\"3677\" src=\"https:\/\/www.szekelykapuk.ro\/wp-content\/uploads\/2019\/04\/56830098_1397191360423567_242804517106614272_n-720x430.jpg\">\n                        <\/a>\n                    <div class=\"slide-title-wrap\"><\/div><\/div><div data-thumb=\"https:\/\/www.szekelykapuk.ro\/wp-content\/uploads\/2019\/04\/57052297_1397191377090232_232526943835127808_o-150x150.jpg\">\n                        <a href=\"https:\/\/www.szekelykapuk.ro\/wp-content\/uploads\/2019\/04\/57052297_1397191377090232_232526943835127808_o.jpg\" class=\"slide-link\" data-not-rel=\"true\">\n                            <img decoding=\"async\"  data-id=\"3678\" src=\"https:\/\/www.szekelykapuk.ro\/wp-content\/uploads\/2019\/04\/57052297_1397191377090232_232526943835127808_o-750x430.jpg\">\n                        <\/a>\n                    <div class=\"slide-title-wrap\"><\/div><\/div><\/div><div class=\"gallery-title clearfix\">    <span class=\"prev\"><i class=\"fa fa-angle-left\"><\/i> El\u0151z\u0151<\/span>\n                    <span class=\"count\"><i class=\"current\">1<\/i> A <i class=\"total\">3<\/i><\/span>\n                    <span class=\"next\">K\u00f6vetkez\u0151 <i class=\"fa fa-angle-right\"><\/i><\/span>\n                <\/div><\/div><script>var prt_gal_img_1648068260 = [\"https:\\\/\\\/www.szekelykapuk.ro\\\/wp-content\\\/uploads\\\/2019\\\/04\\\/56935217_1397191330423570_7132840707466723328_o.jpg\",\"https:\\\/\\\/www.szekelykapuk.ro\\\/wp-content\\\/uploads\\\/2019\\\/04\\\/56830098_1397191360423567_242804517106614272_n.jpg\",\"https:\\\/\\\/www.szekelykapuk.ro\\\/wp-content\\\/uploads\\\/2019\\\/04\\\/57052297_1397191377090232_232526943835127808_o.jpg\"]; var prt_gal_cap_1648068260 = [\"\",\"\",\"\"]; <\/script><\/div>\n","protected":false},"excerpt":{"rendered":"<p>Mad\u00e9falvi kapu. Felirata: Kiskapu f\u00f6l\u00f6tt: \u00c1ll\u00edttatta R\u00e9szeg Imre \u00e9s R\u00e9szeg Erzs\u00e9bet 05. 29. 2009. A kiskapu f\u00f6l\u00f6tt m\u00e9g magasabban: E kapu bizonylat &#8230; a sz\u00e9kelyek\u00e9 Sz\u00e9kelyorsz\u00e1g<\/p>\n","protected":false},"author":1,"featured_media":0,"parent":0,"menu_order":0,"comment_status":"closed","ping_status":"closed","template":"","meta":{"_bbp_topic_count":0,"_bbp_reply_count":0,"_bbp_total_topic_count":0,"_bbp_total_reply_count":0,"_bbp_voice_count":0,"_bbp_anonymous_reply_count":0,"_bbp_topic_count_hidden":0,"_bbp_reply_count_hidden":0,"_bbp_forum_subforum_count":0,"footnotes":""},"class_list":["post-3639","page","type-page","status-publish","hentry"],"_links":{"self":[{"href":"https:\/\/www.szekelykapuk.ro\/index.php\/wp-json\/wp\/v2\/pages\/3639","targetHints":{"allow":["GET"]}}],"collection":[{"href":"https:\/\/www.szekelykapuk.ro\/index.php\/wp-json\/wp\/v2\/pages"}],"about":[{"href":"https:\/\/www.szekelykapuk.ro\/index.php\/wp-json\/wp\/v2\/types\/page"}],"author":[{"embeddable":true,"href":"https:\/\/www.szekelykapuk.ro\/index.php\/wp-json\/wp\/v2\/users\/1"}],"replies":[{"embeddable":true,"href":"https:\/\/www.szekelykapuk.ro\/index.php\/wp-json\/wp\/v2\/comments?post=3639"}],"version-history":[{"count":3,"href":"https:\/\/www.szekelykapuk.ro\/index.php\/wp-json\/wp\/v2\/pages\/3639\/revisions"}],"predecessor-version":[{"id":3679,"href":"https:\/\/www.szekelykapuk.ro\/index.php\/wp-json\/wp\/v2\/pages\/3639\/revisions\/3679"}],"wp:attachment":[{"href":"https:\/\/www.szekelykapuk.ro\/index.php\/wp-json\/wp\/v2\/media?parent=3639"}],"curies":[{"name":"wp","href":"https:\/\/api.w.org\/{rel}","templated":true}]}}