{"id":3617,"date":"2019-04-05T07:13:40","date_gmt":"2019-04-05T07:13:40","guid":{"rendered":"https:\/\/www.szekelykapuk.ro\/?page_id=3617"},"modified":"2019-04-15T10:42:47","modified_gmt":"2019-04-15T10:42:47","slug":"29-2","status":"publish","type":"page","link":"https:\/\/www.szekelykapuk.ro\/index.php\/29-2\/","title":{"rendered":"29."},"content":{"rendered":"<p style=\"font-weight: 400;\"><span id=\"fbPhotoSnowliftCaption\" class=\"fbPhotosPhotoCaption\" tabindex=\"0\" aria-live=\"polite\" data-ft=\"{&quot;tn&quot;:&quot;K&quot;}\"><span class=\"hasCaption\">Cs\u00edkszentmih\u00e1ly, katolikus templommal szemben l\u00e9v\u0151 iskola kapuja. Felirata: A tanul\u00e1s gy\u00f6kerei keser\u0171ek, de gy\u00fcm\u00f6lcsei \u00e9desek. K\u00e9sz\u00fclt 1989. V. 10.<\/span><\/span><\/p>\n<div class=\"better-gallery-container\"><div id=\"gallery-1573630168\" class=\"better-gallery  better-gallery-img-publisher-lg\" data-gallery-id=\"1573630168\"> <div class=\"fotorama\" data-nav=\"thumbs\" data-auto=\"false\" data-ratio=\"16\/7\"><div data-thumb=\"https:\/\/www.szekelykapuk.ro\/wp-content\/uploads\/2019\/04\/Csikszentmihaly_1d-150x150.jpg\">\n                        <a href=\"https:\/\/www.szekelykapuk.ro\/wp-content\/uploads\/2019\/04\/Csikszentmihaly_1d.jpg\" class=\"slide-link\" data-not-rel=\"true\">\n                            <img decoding=\"async\"  data-id=\"3622\" src=\"https:\/\/www.szekelykapuk.ro\/wp-content\/uploads\/2019\/04\/Csikszentmihaly_1d-750x430.jpg\">\n                        <\/a>\n                    <div class=\"slide-title-wrap\"><\/div><\/div><div data-thumb=\"https:\/\/www.szekelykapuk.ro\/wp-content\/uploads\/2019\/04\/Csikszentmihaly_1-c-150x150.jpg\">\n                        <a href=\"https:\/\/www.szekelykapuk.ro\/wp-content\/uploads\/2019\/04\/Csikszentmihaly_1-c.jpg\" class=\"slide-link\" data-not-rel=\"true\">\n                            <img decoding=\"async\"  data-id=\"3623\" src=\"https:\/\/www.szekelykapuk.ro\/wp-content\/uploads\/2019\/04\/Csikszentmihaly_1-c-750x430.jpg\">\n                        <\/a>\n                    <div class=\"slide-title-wrap\"><\/div><\/div><div data-thumb=\"https:\/\/www.szekelykapuk.ro\/wp-content\/uploads\/2019\/04\/Csikszentmihaly_1_b-150x150.jpg\">\n                        <a href=\"https:\/\/www.szekelykapuk.ro\/wp-content\/uploads\/2019\/04\/Csikszentmihaly_1_b.jpg\" class=\"slide-link\" data-not-rel=\"true\">\n                            <img decoding=\"async\"  data-id=\"3619\" src=\"https:\/\/www.szekelykapuk.ro\/wp-content\/uploads\/2019\/04\/Csikszentmihaly_1_b-750x430.jpg\">\n                        <\/a>\n                    <div class=\"slide-title-wrap\"><\/div><\/div><div data-thumb=\"https:\/\/www.szekelykapuk.ro\/wp-content\/uploads\/2019\/04\/Csikszentmihaly_1_a-150x150.jpg\">\n                        <a href=\"https:\/\/www.szekelykapuk.ro\/wp-content\/uploads\/2019\/04\/Csikszentmihaly_1_a.jpg\" class=\"slide-link\" data-not-rel=\"true\">\n                            <img decoding=\"async\"  data-id=\"3618\" src=\"https:\/\/www.szekelykapuk.ro\/wp-content\/uploads\/2019\/04\/Csikszentmihaly_1_a-750x430.jpg\">\n                        <\/a>\n                    <div class=\"slide-title-wrap\"><\/div><\/div><\/div><div class=\"gallery-title clearfix\">    <span class=\"prev\"><i class=\"fa fa-angle-left\"><\/i> El\u0151z\u0151<\/span>\n                    <span class=\"count\"><i class=\"current\">1<\/i> A <i class=\"total\">4<\/i><\/span>\n                    <span class=\"next\">K\u00f6vetkez\u0151 <i class=\"fa fa-angle-right\"><\/i><\/span>\n                <\/div><\/div><script>var prt_gal_img_1573630168 = [\"https:\\\/\\\/www.szekelykapuk.ro\\\/wp-content\\\/uploads\\\/2019\\\/04\\\/Csikszentmihaly_1d.jpg\",\"https:\\\/\\\/www.szekelykapuk.ro\\\/wp-content\\\/uploads\\\/2019\\\/04\\\/Csikszentmihaly_1-c.jpg\",\"https:\\\/\\\/www.szekelykapuk.ro\\\/wp-content\\\/uploads\\\/2019\\\/04\\\/Csikszentmihaly_1_b.jpg\",\"https:\\\/\\\/www.szekelykapuk.ro\\\/wp-content\\\/uploads\\\/2019\\\/04\\\/Csikszentmihaly_1_a.jpg\"]; var prt_gal_cap_1573630168 = [\"\",\"\",\"\",\"\"]; <\/script><\/div>\n","protected":false},"excerpt":{"rendered":"<p>Cs\u00edkszentmih\u00e1ly, katolikus templommal szemben l\u00e9v\u0151 iskola kapuja. Felirata: A tanul\u00e1s gy\u00f6kerei keser\u0171ek, de gy\u00fcm\u00f6lcsei \u00e9desek. K\u00e9sz\u00fclt 1989. V. 10.<\/p>\n","protected":false},"author":1,"featured_media":0,"parent":0,"menu_order":0,"comment_status":"closed","ping_status":"closed","template":"","meta":{"_bbp_topic_count":0,"_bbp_reply_count":0,"_bbp_total_topic_count":0,"_bbp_total_reply_count":0,"_bbp_voice_count":0,"_bbp_anonymous_reply_count":0,"_bbp_topic_count_hidden":0,"_bbp_reply_count_hidden":0,"_bbp_forum_subforum_count":0,"footnotes":""},"class_list":["post-3617","page","type-page","status-publish","hentry"],"_links":{"self":[{"href":"https:\/\/www.szekelykapuk.ro\/index.php\/wp-json\/wp\/v2\/pages\/3617","targetHints":{"allow":["GET"]}}],"collection":[{"href":"https:\/\/www.szekelykapuk.ro\/index.php\/wp-json\/wp\/v2\/pages"}],"about":[{"href":"https:\/\/www.szekelykapuk.ro\/index.php\/wp-json\/wp\/v2\/types\/page"}],"author":[{"embeddable":true,"href":"https:\/\/www.szekelykapuk.ro\/index.php\/wp-json\/wp\/v2\/users\/1"}],"replies":[{"embeddable":true,"href":"https:\/\/www.szekelykapuk.ro\/index.php\/wp-json\/wp\/v2\/comments?post=3617"}],"version-history":[{"count":2,"href":"https:\/\/www.szekelykapuk.ro\/index.php\/wp-json\/wp\/v2\/pages\/3617\/revisions"}],"predecessor-version":[{"id":3670,"href":"https:\/\/www.szekelykapuk.ro\/index.php\/wp-json\/wp\/v2\/pages\/3617\/revisions\/3670"}],"wp:attachment":[{"href":"https:\/\/www.szekelykapuk.ro\/index.php\/wp-json\/wp\/v2\/media?parent=3617"}],"curies":[{"name":"wp","href":"https:\/\/api.w.org\/{rel}","templated":true}]}}