{"id":3607,"date":"2019-04-05T07:00:06","date_gmt":"2019-04-05T07:00:06","guid":{"rendered":"https:\/\/www.szekelykapuk.ro\/?page_id=3607"},"modified":"2019-04-15T10:36:38","modified_gmt":"2019-04-15T10:36:38","slug":"28-2","status":"publish","type":"page","link":"https:\/\/www.szekelykapuk.ro\/index.php\/28-2\/","title":{"rendered":"28."},"content":{"rendered":"<p><span id=\"fbPhotoSnowliftCaption\" class=\"fbPhotosPhotoCaption\" tabindex=\"0\" aria-live=\"polite\" data-ft=\"{&quot;tn&quot;:&quot;K&quot;}\"><span class=\"hasCaption\">Sz\u00e9kelyvars\u00e1g, 532.sz\u00e1m.Felirat: kiskapu f\u00f6l\u00f6tt: Isten segedelb\u00e9b\u0151l \u00e9p\u00edtette ezen kaput Tam\u00e1s Gergelyn\u00e9 Kov\u00e1cs Julianna. \u00c9p\u00fclt 1917-ben.<\/span><\/span><\/p>\n<p>&nbsp;<\/p>\n<div class=\"better-gallery-container\"><div id=\"gallery-1802644398\" class=\"better-gallery  better-gallery-img-publisher-lg\" data-gallery-id=\"1802644398\"> <div class=\"fotorama\" data-nav=\"thumbs\" data-auto=\"false\" data-ratio=\"16\/7\"><div data-thumb=\"https:\/\/www.szekelykapuk.ro\/wp-content\/uploads\/2019\/04\/57045326_1397157290426974_5614429035137335296_o-150x150.jpg\">\n                        <a href=\"https:\/\/www.szekelykapuk.ro\/wp-content\/uploads\/2019\/04\/57045326_1397157290426974_5614429035137335296_o.jpg\" class=\"slide-link\" data-not-rel=\"true\">\n                            <img decoding=\"async\"  data-id=\"3668\" src=\"https:\/\/www.szekelykapuk.ro\/wp-content\/uploads\/2019\/04\/57045326_1397157290426974_5614429035137335296_o-750x430.jpg\">\n                        <\/a>\n                    <div class=\"slide-title-wrap\"><\/div><\/div><div data-thumb=\"https:\/\/www.szekelykapuk.ro\/wp-content\/uploads\/2019\/04\/57099072_1397157303760306_860421694739709952_n-150x150.jpg\">\n                        <a href=\"https:\/\/www.szekelykapuk.ro\/wp-content\/uploads\/2019\/04\/57099072_1397157303760306_860421694739709952_n.jpg\" class=\"slide-link\" data-not-rel=\"true\">\n                            <img decoding=\"async\"  data-id=\"3667\" src=\"https:\/\/www.szekelykapuk.ro\/wp-content\/uploads\/2019\/04\/57099072_1397157303760306_860421694739709952_n-720x430.jpg\">\n                        <\/a>\n                    <div class=\"slide-title-wrap\"><\/div><\/div><div data-thumb=\"https:\/\/www.szekelykapuk.ro\/wp-content\/uploads\/2019\/04\/57059795_1397157427093627_1992088823537860608_n-150x150.jpg\">\n                        <a href=\"https:\/\/www.szekelykapuk.ro\/wp-content\/uploads\/2019\/04\/57059795_1397157427093627_1992088823537860608_n.jpg\" class=\"slide-link\" data-not-rel=\"true\">\n                            <img decoding=\"async\"  data-id=\"3666\" src=\"https:\/\/www.szekelykapuk.ro\/wp-content\/uploads\/2019\/04\/57059795_1397157427093627_1992088823537860608_n-720x430.jpg\">\n                        <\/a>\n                    <div class=\"slide-title-wrap\"><\/div><\/div><div data-thumb=\"https:\/\/www.szekelykapuk.ro\/wp-content\/uploads\/2019\/04\/57261146_1397157457093624_537715031987453952_o-150x150.jpg\">\n                        <a href=\"https:\/\/www.szekelykapuk.ro\/wp-content\/uploads\/2019\/04\/57261146_1397157457093624_537715031987453952_o.jpg\" class=\"slide-link\" data-not-rel=\"true\">\n                            <img decoding=\"async\"  data-id=\"3665\" src=\"https:\/\/www.szekelykapuk.ro\/wp-content\/uploads\/2019\/04\/57261146_1397157457093624_537715031987453952_o-750x430.jpg\">\n                        <\/a>\n                    <div class=\"slide-title-wrap\"><\/div><\/div><div data-thumb=\"https:\/\/www.szekelykapuk.ro\/wp-content\/uploads\/2019\/04\/56972041_1397157270426976_578727361164345344_o-150x150.jpg\">\n                        <a href=\"https:\/\/www.szekelykapuk.ro\/wp-content\/uploads\/2019\/04\/56972041_1397157270426976_578727361164345344_o.jpg\" class=\"slide-link\" data-not-rel=\"true\">\n                            <img decoding=\"async\"  data-id=\"3664\" src=\"https:\/\/www.szekelykapuk.ro\/wp-content\/uploads\/2019\/04\/56972041_1397157270426976_578727361164345344_o-750x430.jpg\">\n                        <\/a>\n                    <div class=\"slide-title-wrap\"><\/div><\/div><div data-thumb=\"https:\/\/www.szekelykapuk.ro\/wp-content\/uploads\/2019\/04\/57484503_1397157450426958_5947564943636168704_n-150x150.jpg\">\n                        <a href=\"https:\/\/www.szekelykapuk.ro\/wp-content\/uploads\/2019\/04\/57484503_1397157450426958_5947564943636168704_n.jpg\" class=\"slide-link\" data-not-rel=\"true\">\n                            <img decoding=\"async\"  data-id=\"3663\" src=\"https:\/\/www.szekelykapuk.ro\/wp-content\/uploads\/2019\/04\/57484503_1397157450426958_5947564943636168704_n-720x430.jpg\">\n                        <\/a>\n                    <div class=\"slide-title-wrap\"><\/div><\/div><\/div><div class=\"gallery-title clearfix\">    <span class=\"prev\"><i class=\"fa fa-angle-left\"><\/i> El\u0151z\u0151<\/span>\n                    <span class=\"count\"><i class=\"current\">1<\/i> A <i class=\"total\">6<\/i><\/span>\n                    <span class=\"next\">K\u00f6vetkez\u0151 <i class=\"fa fa-angle-right\"><\/i><\/span>\n                <\/div><\/div><script>var prt_gal_img_1802644398 = [\"https:\\\/\\\/www.szekelykapuk.ro\\\/wp-content\\\/uploads\\\/2019\\\/04\\\/57045326_1397157290426974_5614429035137335296_o.jpg\",\"https:\\\/\\\/www.szekelykapuk.ro\\\/wp-content\\\/uploads\\\/2019\\\/04\\\/57099072_1397157303760306_860421694739709952_n.jpg\",\"https:\\\/\\\/www.szekelykapuk.ro\\\/wp-content\\\/uploads\\\/2019\\\/04\\\/57059795_1397157427093627_1992088823537860608_n.jpg\",\"https:\\\/\\\/www.szekelykapuk.ro\\\/wp-content\\\/uploads\\\/2019\\\/04\\\/57261146_1397157457093624_537715031987453952_o.jpg\",\"https:\\\/\\\/www.szekelykapuk.ro\\\/wp-content\\\/uploads\\\/2019\\\/04\\\/56972041_1397157270426976_578727361164345344_o.jpg\",\"https:\\\/\\\/www.szekelykapuk.ro\\\/wp-content\\\/uploads\\\/2019\\\/04\\\/57484503_1397157450426958_5947564943636168704_n.jpg\"]; var prt_gal_cap_1802644398 = [\"\",\"\",\"\",\"\",\"\",\"\"]; <\/script><\/div>\n<p>&nbsp;<\/p>\n","protected":false},"excerpt":{"rendered":"<p>Sz\u00e9kelyvars\u00e1g, 532.sz\u00e1m.Felirat: kiskapu f\u00f6l\u00f6tt: Isten segedelb\u00e9b\u0151l \u00e9p\u00edtette ezen kaput Tam\u00e1s Gergelyn\u00e9 Kov\u00e1cs Julianna. \u00c9p\u00fclt 1917-ben. &nbsp; &nbsp;<\/p>\n","protected":false},"author":1,"featured_media":0,"parent":0,"menu_order":0,"comment_status":"closed","ping_status":"closed","template":"","meta":{"_bbp_topic_count":0,"_bbp_reply_count":0,"_bbp_total_topic_count":0,"_bbp_total_reply_count":0,"_bbp_voice_count":0,"_bbp_anonymous_reply_count":0,"_bbp_topic_count_hidden":0,"_bbp_reply_count_hidden":0,"_bbp_forum_subforum_count":0,"footnotes":""},"class_list":["post-3607","page","type-page","status-publish","hentry"],"_links":{"self":[{"href":"https:\/\/www.szekelykapuk.ro\/index.php\/wp-json\/wp\/v2\/pages\/3607","targetHints":{"allow":["GET"]}}],"collection":[{"href":"https:\/\/www.szekelykapuk.ro\/index.php\/wp-json\/wp\/v2\/pages"}],"about":[{"href":"https:\/\/www.szekelykapuk.ro\/index.php\/wp-json\/wp\/v2\/types\/page"}],"author":[{"embeddable":true,"href":"https:\/\/www.szekelykapuk.ro\/index.php\/wp-json\/wp\/v2\/users\/1"}],"replies":[{"embeddable":true,"href":"https:\/\/www.szekelykapuk.ro\/index.php\/wp-json\/wp\/v2\/comments?post=3607"}],"version-history":[{"count":4,"href":"https:\/\/www.szekelykapuk.ro\/index.php\/wp-json\/wp\/v2\/pages\/3607\/revisions"}],"predecessor-version":[{"id":3669,"href":"https:\/\/www.szekelykapuk.ro\/index.php\/wp-json\/wp\/v2\/pages\/3607\/revisions\/3669"}],"wp:attachment":[{"href":"https:\/\/www.szekelykapuk.ro\/index.php\/wp-json\/wp\/v2\/media?parent=3607"}],"curies":[{"name":"wp","href":"https:\/\/api.w.org\/{rel}","templated":true}]}}