{"id":3599,"date":"2019-04-05T06:46:32","date_gmt":"2019-04-05T06:46:32","guid":{"rendered":"https:\/\/www.szekelykapuk.ro\/?page_id=3599"},"modified":"2019-04-15T10:22:39","modified_gmt":"2019-04-15T10:22:39","slug":"27-2","status":"publish","type":"page","link":"https:\/\/www.szekelykapuk.ro\/index.php\/27-2\/","title":{"rendered":"27."},"content":{"rendered":"<p>27. Cs\u00edkmenas\u00e1g: Felirat alig olvashat\u00f3: bal oldalt:&#8230; feles\u00e9ge Bakk Erzs\u00e9bet, f\u00f6nt: A bej\u00f6v\u0151nek sz\u00e1ll\u00e1s a kimen\u0151nek b\u00e9k\u00e9sebb &#8230;197?<\/p>\n<div class=\"better-gallery-container\"><div id=\"gallery-1201761206\" class=\"better-gallery  better-gallery-img-publisher-lg\" data-gallery-id=\"1201761206\"> <div class=\"fotorama\" data-nav=\"thumbs\" data-auto=\"false\" data-ratio=\"16\/7\"><div data-thumb=\"https:\/\/www.szekelykapuk.ro\/wp-content\/uploads\/2019\/04\/56940342_1397145277094842_5207968989694656512_n-150x150.jpg\">\n                        <a href=\"https:\/\/www.szekelykapuk.ro\/wp-content\/uploads\/2019\/04\/56940342_1397145277094842_5207968989694656512_n.jpg\" class=\"slide-link\" data-not-rel=\"true\">\n                            <img decoding=\"async\"  data-id=\"3659\" src=\"https:\/\/www.szekelykapuk.ro\/wp-content\/uploads\/2019\/04\/56940342_1397145277094842_5207968989694656512_n-720x430.jpg\">\n                        <\/a>\n                    <div class=\"slide-title-wrap\"><\/div><\/div><div data-thumb=\"https:\/\/www.szekelykapuk.ro\/wp-content\/uploads\/2019\/04\/56942477_1397145267094843_3448300895450693632_o-150x150.jpg\">\n                        <a href=\"https:\/\/www.szekelykapuk.ro\/wp-content\/uploads\/2019\/04\/56942477_1397145267094843_3448300895450693632_o.jpg\" class=\"slide-link\" data-not-rel=\"true\">\n                            <img decoding=\"async\"  data-id=\"3660\" src=\"https:\/\/www.szekelykapuk.ro\/wp-content\/uploads\/2019\/04\/56942477_1397145267094843_3448300895450693632_o-750x430.jpg\">\n                        <\/a>\n                    <div class=\"slide-title-wrap\"><\/div><\/div><div data-thumb=\"https:\/\/www.szekelykapuk.ro\/wp-content\/uploads\/2019\/04\/57053767_1397145253761511_2906752046805811200_o-150x150.jpg\">\n                        <a href=\"https:\/\/www.szekelykapuk.ro\/wp-content\/uploads\/2019\/04\/57053767_1397145253761511_2906752046805811200_o.jpg\" class=\"slide-link\" data-not-rel=\"true\">\n                            <img decoding=\"async\"  data-id=\"3661\" src=\"https:\/\/www.szekelykapuk.ro\/wp-content\/uploads\/2019\/04\/57053767_1397145253761511_2906752046805811200_o-750x430.jpg\">\n                        <\/a>\n                    <div class=\"slide-title-wrap\"><\/div><\/div><\/div><div class=\"gallery-title clearfix\">    <span class=\"prev\"><i class=\"fa fa-angle-left\"><\/i> El\u0151z\u0151<\/span>\n                    <span class=\"count\"><i class=\"current\">1<\/i> A <i class=\"total\">3<\/i><\/span>\n                    <span class=\"next\">K\u00f6vetkez\u0151 <i class=\"fa fa-angle-right\"><\/i><\/span>\n                <\/div><\/div><script>var prt_gal_img_1201761206 = [\"https:\\\/\\\/www.szekelykapuk.ro\\\/wp-content\\\/uploads\\\/2019\\\/04\\\/56940342_1397145277094842_5207968989694656512_n.jpg\",\"https:\\\/\\\/www.szekelykapuk.ro\\\/wp-content\\\/uploads\\\/2019\\\/04\\\/56942477_1397145267094843_3448300895450693632_o.jpg\",\"https:\\\/\\\/www.szekelykapuk.ro\\\/wp-content\\\/uploads\\\/2019\\\/04\\\/57053767_1397145253761511_2906752046805811200_o.jpg\"]; var prt_gal_cap_1201761206 = [\"\",\"\",\"\"]; <\/script><\/div>\n","protected":false},"excerpt":{"rendered":"<p>27. Cs\u00edkmenas\u00e1g: Felirat alig olvashat\u00f3: bal oldalt:&#8230; feles\u00e9ge Bakk Erzs\u00e9bet, f\u00f6nt: A bej\u00f6v\u0151nek sz\u00e1ll\u00e1s a kimen\u0151nek b\u00e9k\u00e9sebb &#8230;197?<\/p>\n","protected":false},"author":1,"featured_media":0,"parent":0,"menu_order":0,"comment_status":"closed","ping_status":"closed","template":"","meta":{"_bbp_topic_count":0,"_bbp_reply_count":0,"_bbp_total_topic_count":0,"_bbp_total_reply_count":0,"_bbp_voice_count":0,"_bbp_anonymous_reply_count":0,"_bbp_topic_count_hidden":0,"_bbp_reply_count_hidden":0,"_bbp_forum_subforum_count":0,"footnotes":""},"class_list":["post-3599","page","type-page","status-publish","hentry"],"_links":{"self":[{"href":"https:\/\/www.szekelykapuk.ro\/index.php\/wp-json\/wp\/v2\/pages\/3599","targetHints":{"allow":["GET"]}}],"collection":[{"href":"https:\/\/www.szekelykapuk.ro\/index.php\/wp-json\/wp\/v2\/pages"}],"about":[{"href":"https:\/\/www.szekelykapuk.ro\/index.php\/wp-json\/wp\/v2\/types\/page"}],"author":[{"embeddable":true,"href":"https:\/\/www.szekelykapuk.ro\/index.php\/wp-json\/wp\/v2\/users\/1"}],"replies":[{"embeddable":true,"href":"https:\/\/www.szekelykapuk.ro\/index.php\/wp-json\/wp\/v2\/comments?post=3599"}],"version-history":[{"count":3,"href":"https:\/\/www.szekelykapuk.ro\/index.php\/wp-json\/wp\/v2\/pages\/3599\/revisions"}],"predecessor-version":[{"id":3662,"href":"https:\/\/www.szekelykapuk.ro\/index.php\/wp-json\/wp\/v2\/pages\/3599\/revisions\/3662"}],"wp:attachment":[{"href":"https:\/\/www.szekelykapuk.ro\/index.php\/wp-json\/wp\/v2\/media?parent=3599"}],"curies":[{"name":"wp","href":"https:\/\/api.w.org\/{rel}","templated":true}]}}