{"id":3590,"date":"2019-04-05T06:31:35","date_gmt":"2019-04-05T06:31:35","guid":{"rendered":"https:\/\/www.szekelykapuk.ro\/?page_id=3590"},"modified":"2019-04-15T10:20:07","modified_gmt":"2019-04-15T10:20:07","slug":"26-2","status":"publish","type":"page","link":"https:\/\/www.szekelykapuk.ro\/index.php\/26-2\/","title":{"rendered":"26."},"content":{"rendered":"<p>Sz\u00e9kelyszentl\u00e9lek 147.sz\u00e1m. Fel\u00faj\u00edtva a Bethlen G\u00e1bor Alapkezel\u0151 Zrt. t\u00e1mogat\u00e1s\u00e1val, 2016-ban.<\/p>\n<div class=\"better-gallery-container\"><div id=\"gallery-421672293\" class=\"better-gallery  better-gallery-img-publisher-lg\" data-gallery-id=\"421672293\"> <div class=\"fotorama\" data-nav=\"thumbs\" data-auto=\"false\" data-ratio=\"16\/7\"><div data-thumb=\"https:\/\/www.szekelykapuk.ro\/wp-content\/uploads\/2019\/04\/56862194_1397138370428866_2440962658871017472_o-150x150.jpg\">\n                        <a href=\"https:\/\/www.szekelykapuk.ro\/wp-content\/uploads\/2019\/04\/56862194_1397138370428866_2440962658871017472_o.jpg\" class=\"slide-link\" data-not-rel=\"true\">\n                            <img decoding=\"async\"  data-id=\"3655\" src=\"https:\/\/www.szekelykapuk.ro\/wp-content\/uploads\/2019\/04\/56862194_1397138370428866_2440962658871017472_o-750x430.jpg\">\n                        <\/a>\n                    <div class=\"slide-title-wrap\"><\/div><\/div><div data-thumb=\"https:\/\/www.szekelykapuk.ro\/wp-content\/uploads\/2019\/04\/57232157_1397138340428869_3102013633882750976_o-150x150.jpg\">\n                        <a href=\"https:\/\/www.szekelykapuk.ro\/wp-content\/uploads\/2019\/04\/57232157_1397138340428869_3102013633882750976_o.jpg\" class=\"slide-link\" data-not-rel=\"true\">\n                            <img decoding=\"async\"  data-id=\"3656\" src=\"https:\/\/www.szekelykapuk.ro\/wp-content\/uploads\/2019\/04\/57232157_1397138340428869_3102013633882750976_o-750x430.jpg\">\n                        <\/a>\n                    <div class=\"slide-title-wrap\"><\/div><\/div><\/div><div class=\"gallery-title clearfix\">    <span class=\"prev\"><i class=\"fa fa-angle-left\"><\/i> El\u0151z\u0151<\/span>\n                    <span class=\"count\"><i class=\"current\">1<\/i> A <i class=\"total\">2<\/i><\/span>\n                    <span class=\"next\">K\u00f6vetkez\u0151 <i class=\"fa fa-angle-right\"><\/i><\/span>\n                <\/div><\/div><script>var prt_gal_img_421672293 = [\"https:\\\/\\\/www.szekelykapuk.ro\\\/wp-content\\\/uploads\\\/2019\\\/04\\\/56862194_1397138370428866_2440962658871017472_o.jpg\",\"https:\\\/\\\/www.szekelykapuk.ro\\\/wp-content\\\/uploads\\\/2019\\\/04\\\/57232157_1397138340428869_3102013633882750976_o.jpg\"]; var prt_gal_cap_421672293 = [\"\",\"\"]; <\/script><\/div>\n","protected":false},"excerpt":{"rendered":"<p>Sz\u00e9kelyszentl\u00e9lek 147.sz\u00e1m. Fel\u00faj\u00edtva a Bethlen G\u00e1bor Alapkezel\u0151 Zrt. t\u00e1mogat\u00e1s\u00e1val, 2016-ban.<\/p>\n","protected":false},"author":1,"featured_media":0,"parent":0,"menu_order":0,"comment_status":"closed","ping_status":"closed","template":"","meta":{"_bbp_topic_count":0,"_bbp_reply_count":0,"_bbp_total_topic_count":0,"_bbp_total_reply_count":0,"_bbp_voice_count":0,"_bbp_anonymous_reply_count":0,"_bbp_topic_count_hidden":0,"_bbp_reply_count_hidden":0,"_bbp_forum_subforum_count":0,"footnotes":""},"class_list":["post-3590","page","type-page","status-publish","hentry"],"_links":{"self":[{"href":"https:\/\/www.szekelykapuk.ro\/index.php\/wp-json\/wp\/v2\/pages\/3590","targetHints":{"allow":["GET"]}}],"collection":[{"href":"https:\/\/www.szekelykapuk.ro\/index.php\/wp-json\/wp\/v2\/pages"}],"about":[{"href":"https:\/\/www.szekelykapuk.ro\/index.php\/wp-json\/wp\/v2\/types\/page"}],"author":[{"embeddable":true,"href":"https:\/\/www.szekelykapuk.ro\/index.php\/wp-json\/wp\/v2\/users\/1"}],"replies":[{"embeddable":true,"href":"https:\/\/www.szekelykapuk.ro\/index.php\/wp-json\/wp\/v2\/comments?post=3590"}],"version-history":[{"count":3,"href":"https:\/\/www.szekelykapuk.ro\/index.php\/wp-json\/wp\/v2\/pages\/3590\/revisions"}],"predecessor-version":[{"id":3657,"href":"https:\/\/www.szekelykapuk.ro\/index.php\/wp-json\/wp\/v2\/pages\/3590\/revisions\/3657"}],"wp:attachment":[{"href":"https:\/\/www.szekelykapuk.ro\/index.php\/wp-json\/wp\/v2\/media?parent=3590"}],"curies":[{"name":"wp","href":"https:\/\/api.w.org\/{rel}","templated":true}]}}