{"id":3570,"date":"2019-04-03T07:47:35","date_gmt":"2019-04-03T07:47:35","guid":{"rendered":"https:\/\/www.szekelykapuk.ro\/?page_id=3570"},"modified":"2019-04-03T07:59:09","modified_gmt":"2019-04-03T07:59:09","slug":"23-2","status":"publish","type":"page","link":"https:\/\/www.szekelykapuk.ro\/index.php\/23-2\/","title":{"rendered":"23."},"content":{"rendered":"<p><span lang=\"HU\"><em>Cs\u00edkdelne<\/em><br \/>\nFel\u00faj\u00edtva a Bethlen G\u00e1bor Alapkezel\u0151 Zrt. t\u00e1mogat\u00e1s\u00e1val, 2<\/span><span lang=\"RO\">016-ban.<\/span><\/p>\n<p><img fetchpriority=\"high\" decoding=\"async\" class=\"aligncenter wp-image-3572 size-large\" src=\"https:\/\/www.szekelykapuk.ro\/wp-content\/uploads\/2019\/04\/csikdelne-1024x679.jpg\" alt=\"\" width=\"1024\" height=\"679\" srcset=\"https:\/\/www.szekelykapuk.ro\/wp-content\/uploads\/2019\/04\/csikdelne-1024x679.jpg 1024w, https:\/\/www.szekelykapuk.ro\/wp-content\/uploads\/2019\/04\/csikdelne-300x199.jpg 300w, https:\/\/www.szekelykapuk.ro\/wp-content\/uploads\/2019\/04\/csikdelne-768x509.jpg 768w, https:\/\/www.szekelykapuk.ro\/wp-content\/uploads\/2019\/04\/csikdelne-200x133.jpg 200w, https:\/\/www.szekelykapuk.ro\/wp-content\/uploads\/2019\/04\/csikdelne.jpg 1110w\" sizes=\"(max-width: 1024px) 100vw, 1024px\" \/><img decoding=\"async\" class=\"aligncenter wp-image-3573 size-full\" src=\"https:\/\/www.szekelykapuk.ro\/wp-content\/uploads\/2019\/04\/csikdelne1.jpg\" alt=\"\" width=\"826\" height=\"545\" srcset=\"https:\/\/www.szekelykapuk.ro\/wp-content\/uploads\/2019\/04\/csikdelne1.jpg 826w, https:\/\/www.szekelykapuk.ro\/wp-content\/uploads\/2019\/04\/csikdelne1-300x198.jpg 300w, https:\/\/www.szekelykapuk.ro\/wp-content\/uploads\/2019\/04\/csikdelne1-768x507.jpg 768w, https:\/\/www.szekelykapuk.ro\/wp-content\/uploads\/2019\/04\/csikdelne1-200x132.jpg 200w\" sizes=\"(max-width: 826px) 100vw, 826px\" \/><\/p>\n","protected":false},"excerpt":{"rendered":"<p>Cs\u00edkdelne Fel\u00faj\u00edtva a Bethlen G\u00e1bor Alapkezel\u0151 Zrt. t\u00e1mogat\u00e1s\u00e1val, 2016-ban.<\/p>\n","protected":false},"author":1,"featured_media":0,"parent":0,"menu_order":0,"comment_status":"closed","ping_status":"closed","template":"","meta":{"_bbp_topic_count":0,"_bbp_reply_count":0,"_bbp_total_topic_count":0,"_bbp_total_reply_count":0,"_bbp_voice_count":0,"_bbp_anonymous_reply_count":0,"_bbp_topic_count_hidden":0,"_bbp_reply_count_hidden":0,"_bbp_forum_subforum_count":0,"footnotes":""},"class_list":["post-3570","page","type-page","status-publish","hentry"],"_links":{"self":[{"href":"https:\/\/www.szekelykapuk.ro\/index.php\/wp-json\/wp\/v2\/pages\/3570","targetHints":{"allow":["GET"]}}],"collection":[{"href":"https:\/\/www.szekelykapuk.ro\/index.php\/wp-json\/wp\/v2\/pages"}],"about":[{"href":"https:\/\/www.szekelykapuk.ro\/index.php\/wp-json\/wp\/v2\/types\/page"}],"author":[{"embeddable":true,"href":"https:\/\/www.szekelykapuk.ro\/index.php\/wp-json\/wp\/v2\/users\/1"}],"replies":[{"embeddable":true,"href":"https:\/\/www.szekelykapuk.ro\/index.php\/wp-json\/wp\/v2\/comments?post=3570"}],"version-history":[{"count":3,"href":"https:\/\/www.szekelykapuk.ro\/index.php\/wp-json\/wp\/v2\/pages\/3570\/revisions"}],"predecessor-version":[{"id":3575,"href":"https:\/\/www.szekelykapuk.ro\/index.php\/wp-json\/wp\/v2\/pages\/3570\/revisions\/3575"}],"wp:attachment":[{"href":"https:\/\/www.szekelykapuk.ro\/index.php\/wp-json\/wp\/v2\/media?parent=3570"}],"curies":[{"name":"wp","href":"https:\/\/api.w.org\/{rel}","templated":true}]}}