{"id":3544,"date":"2019-04-03T07:10:17","date_gmt":"2019-04-03T07:10:17","guid":{"rendered":"https:\/\/www.szekelykapuk.ro\/?page_id=3544"},"modified":"2019-04-03T07:10:17","modified_gmt":"2019-04-03T07:10:17","slug":"19-2","status":"publish","type":"page","link":"https:\/\/www.szekelykapuk.ro\/index.php\/19-2\/","title":{"rendered":"19."},"content":{"rendered":"<table width=\"100%\">\n<tbody>\n<tr>\n<td width=\"50%\">Cs\u00edkmenas\u00e1g 400.sz\u00e1m<\/td>\n<\/tr>\n<\/tbody>\n<\/table>\n<p><span lang=\"HU\">Fel\u00faj\u00edtva a Bethlen G\u00e1bor Alapkezel\u0151 Zrt. t\u00e1mogat\u00e1s\u00e1val, 2<\/span><span lang=\"RO\">016-ban.<\/span><\/p>\n<p><img fetchpriority=\"high\" decoding=\"async\" class=\"aligncenter wp-image-3545 size-full\" src=\"https:\/\/www.szekelykapuk.ro\/wp-content\/uploads\/2019\/04\/csikmenasag2.jpg\" alt=\"\" width=\"826\" height=\"465\" srcset=\"https:\/\/www.szekelykapuk.ro\/wp-content\/uploads\/2019\/04\/csikmenasag2.jpg 826w, https:\/\/www.szekelykapuk.ro\/wp-content\/uploads\/2019\/04\/csikmenasag2-300x169.jpg 300w, https:\/\/www.szekelykapuk.ro\/wp-content\/uploads\/2019\/04\/csikmenasag2-768x432.jpg 768w, https:\/\/www.szekelykapuk.ro\/wp-content\/uploads\/2019\/04\/csikmenasag2-200x113.jpg 200w\" sizes=\"(max-width: 826px) 100vw, 826px\" \/><img decoding=\"async\" class=\"aligncenter wp-image-3546 size-large\" src=\"https:\/\/www.szekelykapuk.ro\/wp-content\/uploads\/2019\/04\/csikmenasag1-1024x679.jpg\" alt=\"\" width=\"1024\" height=\"679\" srcset=\"https:\/\/www.szekelykapuk.ro\/wp-content\/uploads\/2019\/04\/csikmenasag1-1024x679.jpg 1024w, https:\/\/www.szekelykapuk.ro\/wp-content\/uploads\/2019\/04\/csikmenasag1-300x199.jpg 300w, https:\/\/www.szekelykapuk.ro\/wp-content\/uploads\/2019\/04\/csikmenasag1-768x509.jpg 768w, https:\/\/www.szekelykapuk.ro\/wp-content\/uploads\/2019\/04\/csikmenasag1-200x133.jpg 200w, https:\/\/www.szekelykapuk.ro\/wp-content\/uploads\/2019\/04\/csikmenasag1.jpg 1110w\" sizes=\"(max-width: 1024px) 100vw, 1024px\" \/><\/p>\n","protected":false},"excerpt":{"rendered":"<p>Cs\u00edkmenas\u00e1g 400.sz\u00e1m Fel\u00faj\u00edtva a Bethlen G\u00e1bor Alapkezel\u0151 Zrt. t\u00e1mogat\u00e1s\u00e1val, 2016-ban.<\/p>\n","protected":false},"author":1,"featured_media":0,"parent":0,"menu_order":0,"comment_status":"closed","ping_status":"closed","template":"","meta":{"_bbp_topic_count":0,"_bbp_reply_count":0,"_bbp_total_topic_count":0,"_bbp_total_reply_count":0,"_bbp_voice_count":0,"_bbp_anonymous_reply_count":0,"_bbp_topic_count_hidden":0,"_bbp_reply_count_hidden":0,"_bbp_forum_subforum_count":0,"footnotes":""},"class_list":["post-3544","page","type-page","status-publish","hentry"],"_links":{"self":[{"href":"https:\/\/www.szekelykapuk.ro\/index.php\/wp-json\/wp\/v2\/pages\/3544","targetHints":{"allow":["GET"]}}],"collection":[{"href":"https:\/\/www.szekelykapuk.ro\/index.php\/wp-json\/wp\/v2\/pages"}],"about":[{"href":"https:\/\/www.szekelykapuk.ro\/index.php\/wp-json\/wp\/v2\/types\/page"}],"author":[{"embeddable":true,"href":"https:\/\/www.szekelykapuk.ro\/index.php\/wp-json\/wp\/v2\/users\/1"}],"replies":[{"embeddable":true,"href":"https:\/\/www.szekelykapuk.ro\/index.php\/wp-json\/wp\/v2\/comments?post=3544"}],"version-history":[{"count":1,"href":"https:\/\/www.szekelykapuk.ro\/index.php\/wp-json\/wp\/v2\/pages\/3544\/revisions"}],"predecessor-version":[{"id":3547,"href":"https:\/\/www.szekelykapuk.ro\/index.php\/wp-json\/wp\/v2\/pages\/3544\/revisions\/3547"}],"wp:attachment":[{"href":"https:\/\/www.szekelykapuk.ro\/index.php\/wp-json\/wp\/v2\/media?parent=3544"}],"curies":[{"name":"wp","href":"https:\/\/api.w.org\/{rel}","templated":true}]}}