{"id":3540,"date":"2019-04-03T07:02:19","date_gmt":"2019-04-03T07:02:19","guid":{"rendered":"https:\/\/www.szekelykapuk.ro\/?page_id=3540"},"modified":"2019-04-03T07:02:19","modified_gmt":"2019-04-03T07:02:19","slug":"18-2","status":"publish","type":"page","link":"https:\/\/www.szekelykapuk.ro\/index.php\/18-2\/","title":{"rendered":"18."},"content":{"rendered":"<table width=\"100%\">\n<tbody>\n<tr>\n<td width=\"50%\"><strong>Cs<\/strong><strong>\u00edkszentkir\u00e1ly 617.sz\u00e1m <\/strong><\/td>\n<\/tr>\n<\/tbody>\n<\/table>\n<p><span lang=\"HU\">Fel\u00faj\u00edtva a Bethlen G\u00e1bor Alapkezel\u0151 Zrt. t\u00e1mogat\u00e1s\u00e1val, 2<\/span><span lang=\"RO\">016-ban.<\/span><\/p>\n<p><img fetchpriority=\"high\" decoding=\"async\" class=\"aligncenter wp-image-3541 size-large\" src=\"https:\/\/www.szekelykapuk.ro\/wp-content\/uploads\/2019\/04\/szentkiraly1-1024x680.jpg\" alt=\"\" width=\"1024\" height=\"680\" srcset=\"https:\/\/www.szekelykapuk.ro\/wp-content\/uploads\/2019\/04\/szentkiraly1-1024x680.jpg 1024w, https:\/\/www.szekelykapuk.ro\/wp-content\/uploads\/2019\/04\/szentkiraly1-300x199.jpg 300w, https:\/\/www.szekelykapuk.ro\/wp-content\/uploads\/2019\/04\/szentkiraly1-768x510.jpg 768w, https:\/\/www.szekelykapuk.ro\/wp-content\/uploads\/2019\/04\/szentkiraly1-200x133.jpg 200w, https:\/\/www.szekelykapuk.ro\/wp-content\/uploads\/2019\/04\/szentkiraly1-272x182.jpg 272w, https:\/\/www.szekelykapuk.ro\/wp-content\/uploads\/2019\/04\/szentkiraly1.jpg 1239w\" sizes=\"(max-width: 1024px) 100vw, 1024px\" \/><img decoding=\"async\" class=\"aligncenter wp-image-3542 size-full\" src=\"https:\/\/www.szekelykapuk.ro\/wp-content\/uploads\/2019\/04\/szentkiraly2.jpg\" alt=\"\" width=\"826\" height=\"620\" srcset=\"https:\/\/www.szekelykapuk.ro\/wp-content\/uploads\/2019\/04\/szentkiraly2.jpg 826w, https:\/\/www.szekelykapuk.ro\/wp-content\/uploads\/2019\/04\/szentkiraly2-300x225.jpg 300w, https:\/\/www.szekelykapuk.ro\/wp-content\/uploads\/2019\/04\/szentkiraly2-768x576.jpg 768w, https:\/\/www.szekelykapuk.ro\/wp-content\/uploads\/2019\/04\/szentkiraly2-86x64.jpg 86w, https:\/\/www.szekelykapuk.ro\/wp-content\/uploads\/2019\/04\/szentkiraly2-200x150.jpg 200w\" sizes=\"(max-width: 826px) 100vw, 826px\" \/><\/p>\n","protected":false},"excerpt":{"rendered":"<p>Cs\u00edkszentkir\u00e1ly 617.sz\u00e1m Fel\u00faj\u00edtva a Bethlen G\u00e1bor Alapkezel\u0151 Zrt. t\u00e1mogat\u00e1s\u00e1val, 2016-ban.<\/p>\n","protected":false},"author":1,"featured_media":0,"parent":0,"menu_order":0,"comment_status":"closed","ping_status":"closed","template":"","meta":{"_bbp_topic_count":0,"_bbp_reply_count":0,"_bbp_total_topic_count":0,"_bbp_total_reply_count":0,"_bbp_voice_count":0,"_bbp_anonymous_reply_count":0,"_bbp_topic_count_hidden":0,"_bbp_reply_count_hidden":0,"_bbp_forum_subforum_count":0,"footnotes":""},"class_list":["post-3540","page","type-page","status-publish","hentry"],"_links":{"self":[{"href":"https:\/\/www.szekelykapuk.ro\/index.php\/wp-json\/wp\/v2\/pages\/3540","targetHints":{"allow":["GET"]}}],"collection":[{"href":"https:\/\/www.szekelykapuk.ro\/index.php\/wp-json\/wp\/v2\/pages"}],"about":[{"href":"https:\/\/www.szekelykapuk.ro\/index.php\/wp-json\/wp\/v2\/types\/page"}],"author":[{"embeddable":true,"href":"https:\/\/www.szekelykapuk.ro\/index.php\/wp-json\/wp\/v2\/users\/1"}],"replies":[{"embeddable":true,"href":"https:\/\/www.szekelykapuk.ro\/index.php\/wp-json\/wp\/v2\/comments?post=3540"}],"version-history":[{"count":1,"href":"https:\/\/www.szekelykapuk.ro\/index.php\/wp-json\/wp\/v2\/pages\/3540\/revisions"}],"predecessor-version":[{"id":3543,"href":"https:\/\/www.szekelykapuk.ro\/index.php\/wp-json\/wp\/v2\/pages\/3540\/revisions\/3543"}],"wp:attachment":[{"href":"https:\/\/www.szekelykapuk.ro\/index.php\/wp-json\/wp\/v2\/media?parent=3540"}],"curies":[{"name":"wp","href":"https:\/\/api.w.org\/{rel}","templated":true}]}}