{"id":3526,"date":"2019-04-01T06:04:56","date_gmt":"2019-04-01T06:04:56","guid":{"rendered":"https:\/\/www.szekelykapuk.ro\/?page_id=3526"},"modified":"2019-04-01T06:04:56","modified_gmt":"2019-04-01T06:04:56","slug":"16-2","status":"publish","type":"page","link":"https:\/\/www.szekelykapuk.ro\/index.php\/16-2\/","title":{"rendered":"16."},"content":{"rendered":"<p>A kapu Iv\u00f3ban tal\u00e1lhat\u00f3, 2008-ban \u00e9p\u00fclt. Felirata: \u0150seidnek szent hit\u00e9hez, nemzetednek gy\u00f6ker\u00e9hez, testv\u00e9r h\u0171tlen ne l\u00e9gy soha. K\u00e9sz\u00edtette J\u00f3zsef Gell\u00e9rt vargyasi farag\u00f3, Kov\u00e1szna megye.<br \/>\n<img fetchpriority=\"high\" decoding=\"async\" class=\"aligncenter wp-image-3527 size-full\" src=\"https:\/\/www.szekelykapuk.ro\/wp-content\/uploads\/2019\/04\/image1.jpeg\" alt=\"\" width=\"320\" height=\"240\" srcset=\"https:\/\/www.szekelykapuk.ro\/wp-content\/uploads\/2019\/04\/image1.jpeg 320w, https:\/\/www.szekelykapuk.ro\/wp-content\/uploads\/2019\/04\/image1-300x225.jpeg 300w, https:\/\/www.szekelykapuk.ro\/wp-content\/uploads\/2019\/04\/image1-86x64.jpeg 86w, https:\/\/www.szekelykapuk.ro\/wp-content\/uploads\/2019\/04\/image1-200x150.jpeg 200w\" sizes=\"(max-width: 320px) 100vw, 320px\" \/><img decoding=\"async\" class=\"aligncenter wp-image-3528 size-medium\" src=\"https:\/\/www.szekelykapuk.ro\/wp-content\/uploads\/2019\/04\/image2-300x225.jpeg\" alt=\"\" width=\"300\" height=\"225\" srcset=\"https:\/\/www.szekelykapuk.ro\/wp-content\/uploads\/2019\/04\/image2-300x225.jpeg 300w, https:\/\/www.szekelykapuk.ro\/wp-content\/uploads\/2019\/04\/image2-86x64.jpeg 86w, https:\/\/www.szekelykapuk.ro\/wp-content\/uploads\/2019\/04\/image2-200x150.jpeg 200w, https:\/\/www.szekelykapuk.ro\/wp-content\/uploads\/2019\/04\/image2.jpeg 320w\" sizes=\"(max-width: 300px) 100vw, 300px\" \/><\/p>\n","protected":false},"excerpt":{"rendered":"<p>A kapu Iv\u00f3ban tal\u00e1lhat\u00f3, 2008-ban \u00e9p\u00fclt. Felirata: \u0150seidnek szent hit\u00e9hez, nemzetednek gy\u00f6ker\u00e9hez, testv\u00e9r h\u0171tlen ne l\u00e9gy soha. K\u00e9sz\u00edtette J\u00f3zsef Gell\u00e9rt vargyasi farag\u00f3, Kov\u00e1szna megye.<\/p>\n","protected":false},"author":1,"featured_media":0,"parent":0,"menu_order":0,"comment_status":"closed","ping_status":"closed","template":"","meta":{"_bbp_topic_count":0,"_bbp_reply_count":0,"_bbp_total_topic_count":0,"_bbp_total_reply_count":0,"_bbp_voice_count":0,"_bbp_anonymous_reply_count":0,"_bbp_topic_count_hidden":0,"_bbp_reply_count_hidden":0,"_bbp_forum_subforum_count":0,"footnotes":""},"class_list":["post-3526","page","type-page","status-publish","hentry"],"_links":{"self":[{"href":"https:\/\/www.szekelykapuk.ro\/index.php\/wp-json\/wp\/v2\/pages\/3526","targetHints":{"allow":["GET"]}}],"collection":[{"href":"https:\/\/www.szekelykapuk.ro\/index.php\/wp-json\/wp\/v2\/pages"}],"about":[{"href":"https:\/\/www.szekelykapuk.ro\/index.php\/wp-json\/wp\/v2\/types\/page"}],"author":[{"embeddable":true,"href":"https:\/\/www.szekelykapuk.ro\/index.php\/wp-json\/wp\/v2\/users\/1"}],"replies":[{"embeddable":true,"href":"https:\/\/www.szekelykapuk.ro\/index.php\/wp-json\/wp\/v2\/comments?post=3526"}],"version-history":[{"count":2,"href":"https:\/\/www.szekelykapuk.ro\/index.php\/wp-json\/wp\/v2\/pages\/3526\/revisions"}],"predecessor-version":[{"id":3530,"href":"https:\/\/www.szekelykapuk.ro\/index.php\/wp-json\/wp\/v2\/pages\/3526\/revisions\/3530"}],"wp:attachment":[{"href":"https:\/\/www.szekelykapuk.ro\/index.php\/wp-json\/wp\/v2\/media?parent=3526"}],"curies":[{"name":"wp","href":"https:\/\/api.w.org\/{rel}","templated":true}]}}