{"id":3501,"date":"2019-03-26T08:23:22","date_gmt":"2019-03-26T08:23:22","guid":{"rendered":"https:\/\/www.szekelykapuk.ro\/?page_id=3501"},"modified":"2019-03-26T08:29:02","modified_gmt":"2019-03-26T08:29:02","slug":"13-2","status":"publish","type":"page","link":"https:\/\/www.szekelykapuk.ro\/index.php\/13-2\/","title":{"rendered":"13."},"content":{"rendered":"<div id=\"js_qk\" class=\"_5pbx userContent _3576\" data-ft=\"{&quot;tn&quot;:&quot;K&quot;}\">\n<p>Cs\u00edkszentkir\u00e1lyi\/bethlenfalvi Nagy-kapu. \u00c9p\u00fclt 1815-ben, fel\u00faj\u00edt\u00e1s \u00e9ve 2015.<br \/>\nFelirata: SIGNIA NOBILITARIA FAMILIAE NAGY DE BETL:FAL:<br \/>\n\/ EDIFICAVIT HANC PORTAM ANDREAS TOBAD 1815 27.<\/p>\n<\/div>\n<div class=\"_3x-2\" data-ft=\"{&quot;tn&quot;:&quot;H&quot;}\">\n<div data-ft=\"{&quot;tn&quot;:&quot;H&quot;}\">\n<div class=\"mtm\">\n<div class=\"_2a2q _65sr\">\n<div class=\"_17zx\"><\/div>\n<\/div>\n<\/div>\n<\/div>\n<\/div>\n<div class=\"better-gallery-container\"><div id=\"gallery-870822484\" class=\"better-gallery  better-gallery-img-publisher-lg\" data-gallery-id=\"870822484\"> <div class=\"fotorama\" data-nav=\"thumbs\" data-auto=\"false\" data-ratio=\"16\/7\"><div data-thumb=\"https:\/\/www.szekelykapuk.ro\/wp-content\/uploads\/2019\/03\/DSC_8205-150x150.jpg\">\n                        <a href=\"https:\/\/www.szekelykapuk.ro\/wp-content\/uploads\/2019\/03\/DSC_8205.jpg\" class=\"slide-link\" data-not-rel=\"true\">\n                            <img decoding=\"async\"  data-id=\"3502\" src=\"https:\/\/www.szekelykapuk.ro\/wp-content\/uploads\/2019\/03\/DSC_8205-750x430.jpg\">\n                        <\/a>\n                    <div class=\"slide-title-wrap\"><\/div><\/div><div data-thumb=\"https:\/\/www.szekelykapuk.ro\/wp-content\/uploads\/2019\/03\/IMG_20190315_073847-150x150.jpg\">\n                        <a href=\"https:\/\/www.szekelykapuk.ro\/wp-content\/uploads\/2019\/03\/IMG_20190315_073847.jpg\" class=\"slide-link\" data-not-rel=\"true\">\n                            <img decoding=\"async\"  data-id=\"3504\" src=\"https:\/\/www.szekelykapuk.ro\/wp-content\/uploads\/2019\/03\/IMG_20190315_073847-750x430.jpg\">\n                        <\/a>\n                    <div class=\"slide-title-wrap\"><span class=\"slide-title\">edf<\/span><\/div><\/div><div data-thumb=\"https:\/\/www.szekelykapuk.ro\/wp-content\/uploads\/2019\/03\/IMG_20190315_073854-150x150.jpg\">\n                        <a href=\"https:\/\/www.szekelykapuk.ro\/wp-content\/uploads\/2019\/03\/IMG_20190315_073854.jpg\" class=\"slide-link\" data-not-rel=\"true\">\n                            <img decoding=\"async\"  data-id=\"3505\" src=\"https:\/\/www.szekelykapuk.ro\/wp-content\/uploads\/2019\/03\/IMG_20190315_073854-750x430.jpg\">\n                        <\/a>\n                    <div class=\"slide-title-wrap\"><span class=\"slide-title\">edf<\/span><\/div><\/div><div data-thumb=\"https:\/\/www.szekelykapuk.ro\/wp-content\/uploads\/2019\/03\/IMG_20190315_073826-1-150x150.jpg\">\n                        <a href=\"https:\/\/www.szekelykapuk.ro\/wp-content\/uploads\/2019\/03\/IMG_20190315_073826-1.jpg\" class=\"slide-link\" data-not-rel=\"true\">\n                            <img decoding=\"async\"  data-id=\"3506\" src=\"https:\/\/www.szekelykapuk.ro\/wp-content\/uploads\/2019\/03\/IMG_20190315_073826-1-750x430.jpg\">\n                        <\/a>\n                    <div class=\"slide-title-wrap\"><span class=\"slide-title\">edf<\/span><\/div><\/div><div data-thumb=\"https:\/\/www.szekelykapuk.ro\/wp-content\/uploads\/2019\/03\/DSC_8211-150x150.jpg\">\n                        <a href=\"https:\/\/www.szekelykapuk.ro\/wp-content\/uploads\/2019\/03\/DSC_8211.jpg\" class=\"slide-link\" data-not-rel=\"true\">\n                            <img decoding=\"async\"  data-id=\"3503\" src=\"https:\/\/www.szekelykapuk.ro\/wp-content\/uploads\/2019\/03\/DSC_8211-750x430.jpg\">\n                        <\/a>\n                    <div class=\"slide-title-wrap\"><\/div><\/div><\/div><div class=\"gallery-title clearfix\">    <span class=\"prev\"><i class=\"fa fa-angle-left\"><\/i> El\u0151z\u0151<\/span>\n                    <span class=\"count\"><i class=\"current\">1<\/i> A <i class=\"total\">5<\/i><\/span>\n                    <span class=\"next\">K\u00f6vetkez\u0151 <i class=\"fa fa-angle-right\"><\/i><\/span>\n                <\/div><\/div><script>var prt_gal_img_870822484 = [\"https:\\\/\\\/www.szekelykapuk.ro\\\/wp-content\\\/uploads\\\/2019\\\/03\\\/DSC_8205.jpg\",\"https:\\\/\\\/www.szekelykapuk.ro\\\/wp-content\\\/uploads\\\/2019\\\/03\\\/IMG_20190315_073847.jpg\",\"https:\\\/\\\/www.szekelykapuk.ro\\\/wp-content\\\/uploads\\\/2019\\\/03\\\/IMG_20190315_073854.jpg\",\"https:\\\/\\\/www.szekelykapuk.ro\\\/wp-content\\\/uploads\\\/2019\\\/03\\\/IMG_20190315_073826-1.jpg\",\"https:\\\/\\\/www.szekelykapuk.ro\\\/wp-content\\\/uploads\\\/2019\\\/03\\\/DSC_8211.jpg\"]; var prt_gal_cap_870822484 = [\"\",\"edf\",\"edf\",\"edf\",\"\"]; <\/script><\/div>\n","protected":false},"excerpt":{"rendered":"<p>Cs\u00edkszentkir\u00e1lyi\/bethlenfalvi Nagy-kapu. \u00c9p\u00fclt 1815-ben, fel\u00faj\u00edt\u00e1s \u00e9ve 2015. Felirata: SIGNIA NOBILITARIA FAMILIAE NAGY DE BETL:FAL: \/ EDIFICAVIT HANC PORTAM ANDREAS TOBAD 1815 27.<\/p>\n","protected":false},"author":1,"featured_media":0,"parent":0,"menu_order":0,"comment_status":"closed","ping_status":"closed","template":"","meta":{"_bbp_topic_count":0,"_bbp_reply_count":0,"_bbp_total_topic_count":0,"_bbp_total_reply_count":0,"_bbp_voice_count":0,"_bbp_anonymous_reply_count":0,"_bbp_topic_count_hidden":0,"_bbp_reply_count_hidden":0,"_bbp_forum_subforum_count":0,"footnotes":""},"class_list":["post-3501","page","type-page","status-publish","hentry"],"_links":{"self":[{"href":"https:\/\/www.szekelykapuk.ro\/index.php\/wp-json\/wp\/v2\/pages\/3501","targetHints":{"allow":["GET"]}}],"collection":[{"href":"https:\/\/www.szekelykapuk.ro\/index.php\/wp-json\/wp\/v2\/pages"}],"about":[{"href":"https:\/\/www.szekelykapuk.ro\/index.php\/wp-json\/wp\/v2\/types\/page"}],"author":[{"embeddable":true,"href":"https:\/\/www.szekelykapuk.ro\/index.php\/wp-json\/wp\/v2\/users\/1"}],"replies":[{"embeddable":true,"href":"https:\/\/www.szekelykapuk.ro\/index.php\/wp-json\/wp\/v2\/comments?post=3501"}],"version-history":[{"count":3,"href":"https:\/\/www.szekelykapuk.ro\/index.php\/wp-json\/wp\/v2\/pages\/3501\/revisions"}],"predecessor-version":[{"id":3510,"href":"https:\/\/www.szekelykapuk.ro\/index.php\/wp-json\/wp\/v2\/pages\/3501\/revisions\/3510"}],"wp:attachment":[{"href":"https:\/\/www.szekelykapuk.ro\/index.php\/wp-json\/wp\/v2\/media?parent=3501"}],"curies":[{"name":"wp","href":"https:\/\/api.w.org\/{rel}","templated":true}]}}