{"id":3482,"date":"2019-03-22T08:43:53","date_gmt":"2019-03-22T08:43:53","guid":{"rendered":"https:\/\/www.szekelykapuk.ro\/?page_id=3482"},"modified":"2019-03-22T08:48:32","modified_gmt":"2019-03-22T08:48:32","slug":"10-2","status":"publish","type":"page","link":"https:\/\/www.szekelykapuk.ro\/index.php\/10-2\/","title":{"rendered":"10."},"content":{"rendered":"<p><strong>Sz\u00e9kelykapu a Cs\u00edkszeredai Milenium templom m\u00f6g\u00f6tt tal\u00e1lhahat\u00f3<\/strong><\/p>\n<p><img fetchpriority=\"high\" decoding=\"async\" class=\"aligncenter wp-image-3483 size-large\" src=\"https:\/\/www.szekelykapuk.ro\/wp-content\/uploads\/2019\/03\/20190321_151339-1024x498.jpg\" alt=\"\" width=\"1024\" height=\"498\" srcset=\"https:\/\/www.szekelykapuk.ro\/wp-content\/uploads\/2019\/03\/20190321_151339-1024x498.jpg 1024w, https:\/\/www.szekelykapuk.ro\/wp-content\/uploads\/2019\/03\/20190321_151339-300x146.jpg 300w, https:\/\/www.szekelykapuk.ro\/wp-content\/uploads\/2019\/03\/20190321_151339-768x373.jpg 768w, https:\/\/www.szekelykapuk.ro\/wp-content\/uploads\/2019\/03\/20190321_151339-200x97.jpg 200w\" sizes=\"(max-width: 1024px) 100vw, 1024px\" \/><\/p>\n","protected":false},"excerpt":{"rendered":"<p>Sz\u00e9kelykapu a Cs\u00edkszeredai Milenium templom m\u00f6g\u00f6tt tal\u00e1lhahat\u00f3<\/p>\n","protected":false},"author":1,"featured_media":0,"parent":0,"menu_order":0,"comment_status":"closed","ping_status":"closed","template":"","meta":{"_bbp_topic_count":0,"_bbp_reply_count":0,"_bbp_total_topic_count":0,"_bbp_total_reply_count":0,"_bbp_voice_count":0,"_bbp_anonymous_reply_count":0,"_bbp_topic_count_hidden":0,"_bbp_reply_count_hidden":0,"_bbp_forum_subforum_count":0,"footnotes":""},"class_list":["post-3482","page","type-page","status-publish","hentry"],"_links":{"self":[{"href":"https:\/\/www.szekelykapuk.ro\/index.php\/wp-json\/wp\/v2\/pages\/3482","targetHints":{"allow":["GET"]}}],"collection":[{"href":"https:\/\/www.szekelykapuk.ro\/index.php\/wp-json\/wp\/v2\/pages"}],"about":[{"href":"https:\/\/www.szekelykapuk.ro\/index.php\/wp-json\/wp\/v2\/types\/page"}],"author":[{"embeddable":true,"href":"https:\/\/www.szekelykapuk.ro\/index.php\/wp-json\/wp\/v2\/users\/1"}],"replies":[{"embeddable":true,"href":"https:\/\/www.szekelykapuk.ro\/index.php\/wp-json\/wp\/v2\/comments?post=3482"}],"version-history":[{"count":2,"href":"https:\/\/www.szekelykapuk.ro\/index.php\/wp-json\/wp\/v2\/pages\/3482\/revisions"}],"predecessor-version":[{"id":3485,"href":"https:\/\/www.szekelykapuk.ro\/index.php\/wp-json\/wp\/v2\/pages\/3482\/revisions\/3485"}],"wp:attachment":[{"href":"https:\/\/www.szekelykapuk.ro\/index.php\/wp-json\/wp\/v2\/media?parent=3482"}],"curies":[{"name":"wp","href":"https:\/\/api.w.org\/{rel}","templated":true}]}}