{"id":3461,"date":"2019-03-19T13:02:13","date_gmt":"2019-03-19T13:02:13","guid":{"rendered":"https:\/\/www.szekelykapuk.ro\/?page_id=3461"},"modified":"2019-03-19T13:02:13","modified_gmt":"2019-03-19T13:02:13","slug":"9-2","status":"publish","type":"page","link":"https:\/\/www.szekelykapuk.ro\/index.php\/9-2\/","title":{"rendered":"9."},"content":{"rendered":"<p style=\"font-weight: 400;\">A kapu mostani helye: Cs\u00edkajn\u00e1d, F\u0151 \u00fat 109<\/p>\n<p style=\"font-weight: 400;\">\u00c9pit\u00e9s \u00e9ve: 2011(L\u00e1szl\u00f3 Imre fafarag\u00f3 mester<\/p>\n<div class=\"better-gallery-container\"><div id=\"gallery-961276302\" class=\"better-gallery  better-gallery-img-publisher-lg\" data-gallery-id=\"961276302\"> <div class=\"fotorama\" data-nav=\"thumbs\" data-auto=\"false\" data-ratio=\"16\/7\"><div data-thumb=\"https:\/\/www.szekelykapuk.ro\/wp-content\/uploads\/2019\/03\/SAM_1864-150x150.jpg\">\n                        <a href=\"https:\/\/www.szekelykapuk.ro\/wp-content\/uploads\/2019\/03\/SAM_1864.jpg\" class=\"slide-link\" data-not-rel=\"true\">\n                            <img decoding=\"async\"  data-id=\"3462\" src=\"https:\/\/www.szekelykapuk.ro\/wp-content\/uploads\/2019\/03\/SAM_1864-750x430.jpg\">\n                        <\/a>\n                    <div class=\"slide-title-wrap\"><\/div><\/div><div data-thumb=\"https:\/\/www.szekelykapuk.ro\/wp-content\/uploads\/2019\/03\/SAM_1861-150x150.jpg\">\n                        <a href=\"https:\/\/www.szekelykapuk.ro\/wp-content\/uploads\/2019\/03\/SAM_1861.jpg\" class=\"slide-link\" data-not-rel=\"true\">\n                            <img decoding=\"async\"  data-id=\"3463\" src=\"https:\/\/www.szekelykapuk.ro\/wp-content\/uploads\/2019\/03\/SAM_1861-750x430.jpg\">\n                        <\/a>\n                    <div class=\"slide-title-wrap\"><\/div><\/div><\/div><div class=\"gallery-title clearfix\">    <span class=\"prev\"><i class=\"fa fa-angle-left\"><\/i> El\u0151z\u0151<\/span>\n                    <span class=\"count\"><i class=\"current\">1<\/i> A <i class=\"total\">2<\/i><\/span>\n                    <span class=\"next\">K\u00f6vetkez\u0151 <i class=\"fa fa-angle-right\"><\/i><\/span>\n                <\/div><\/div><script>var prt_gal_img_961276302 = [\"https:\\\/\\\/www.szekelykapuk.ro\\\/wp-content\\\/uploads\\\/2019\\\/03\\\/SAM_1864.jpg\",\"https:\\\/\\\/www.szekelykapuk.ro\\\/wp-content\\\/uploads\\\/2019\\\/03\\\/SAM_1861.jpg\"]; var prt_gal_cap_961276302 = [\"\",\"\"]; <\/script><\/div>\n","protected":false},"excerpt":{"rendered":"<p>A kapu mostani helye: Cs\u00edkajn\u00e1d, F\u0151 \u00fat 109 \u00c9pit\u00e9s \u00e9ve: 2011(L\u00e1szl\u00f3 Imre fafarag\u00f3 mester<\/p>\n","protected":false},"author":1,"featured_media":0,"parent":0,"menu_order":0,"comment_status":"closed","ping_status":"closed","template":"","meta":{"_bbp_topic_count":0,"_bbp_reply_count":0,"_bbp_total_topic_count":0,"_bbp_total_reply_count":0,"_bbp_voice_count":0,"_bbp_anonymous_reply_count":0,"_bbp_topic_count_hidden":0,"_bbp_reply_count_hidden":0,"_bbp_forum_subforum_count":0,"footnotes":""},"class_list":["post-3461","page","type-page","status-publish","hentry"],"_links":{"self":[{"href":"https:\/\/www.szekelykapuk.ro\/index.php\/wp-json\/wp\/v2\/pages\/3461","targetHints":{"allow":["GET"]}}],"collection":[{"href":"https:\/\/www.szekelykapuk.ro\/index.php\/wp-json\/wp\/v2\/pages"}],"about":[{"href":"https:\/\/www.szekelykapuk.ro\/index.php\/wp-json\/wp\/v2\/types\/page"}],"author":[{"embeddable":true,"href":"https:\/\/www.szekelykapuk.ro\/index.php\/wp-json\/wp\/v2\/users\/1"}],"replies":[{"embeddable":true,"href":"https:\/\/www.szekelykapuk.ro\/index.php\/wp-json\/wp\/v2\/comments?post=3461"}],"version-history":[{"count":1,"href":"https:\/\/www.szekelykapuk.ro\/index.php\/wp-json\/wp\/v2\/pages\/3461\/revisions"}],"predecessor-version":[{"id":3464,"href":"https:\/\/www.szekelykapuk.ro\/index.php\/wp-json\/wp\/v2\/pages\/3461\/revisions\/3464"}],"wp:attachment":[{"href":"https:\/\/www.szekelykapuk.ro\/index.php\/wp-json\/wp\/v2\/media?parent=3461"}],"curies":[{"name":"wp","href":"https:\/\/api.w.org\/{rel}","templated":true}]}}