{"id":3455,"date":"2019-03-19T12:14:55","date_gmt":"2019-03-19T12:14:55","guid":{"rendered":"https:\/\/www.szekelykapuk.ro\/?page_id=3455"},"modified":"2019-03-21T08:41:51","modified_gmt":"2019-03-21T08:41:51","slug":"8-2","status":"publish","type":"page","link":"https:\/\/www.szekelykapuk.ro\/index.php\/8-2\/","title":{"rendered":"8."},"content":{"rendered":"<p style=\"font-weight: 400;\">A k\u00e9pen l\u00e1that\u00f3 kapu a marosh\u00e9v\u00edzi Bors csal\u00e1d port\u00e1ja. Rajta j\u00f3l kivehet\u0151ek a sz\u00e9p tulip\u00e1nos d\u00edsz\u00edt\u00e9sek, valamint a Czimbalmos \u00e9s a Bors csal\u00e1dok nemesi c\u00edmerei. A kaput a ditr\u00f3i n\u00e9hai Hompoth Dezs\u0151 k\u00e9sz\u00edtette 2003-ban.<\/p>\n<p><img fetchpriority=\"high\" decoding=\"async\" class=\"aligncenter wp-image-3456 size-full\" src=\"https:\/\/www.szekelykapuk.ro\/wp-content\/uploads\/2019\/03\/8.jpg\" alt=\"\" width=\"512\" height=\"454\" srcset=\"https:\/\/www.szekelykapuk.ro\/wp-content\/uploads\/2019\/03\/8.jpg 512w, https:\/\/www.szekelykapuk.ro\/wp-content\/uploads\/2019\/03\/8-300x266.jpg 300w, https:\/\/www.szekelykapuk.ro\/wp-content\/uploads\/2019\/03\/8-200x177.jpg 200w\" sizes=\"(max-width: 512px) 100vw, 512px\" \/><\/p>\n<p>Szarvas utca 32-es sz\u00e1m alatt tal\u00e1lhat\u00f3<\/p>\n<p><img decoding=\"async\" class=\"aligncenter wp-image-3476 size-large\" src=\"https:\/\/www.szekelykapuk.ro\/wp-content\/uploads\/2019\/03\/IMG_0615-768x1024.jpg\" alt=\"\" width=\"768\" height=\"1024\" srcset=\"https:\/\/www.szekelykapuk.ro\/wp-content\/uploads\/2019\/03\/IMG_0615-768x1024.jpg 768w, https:\/\/www.szekelykapuk.ro\/wp-content\/uploads\/2019\/03\/IMG_0615-225x300.jpg 225w, https:\/\/www.szekelykapuk.ro\/wp-content\/uploads\/2019\/03\/IMG_0615-150x200.jpg 150w\" sizes=\"(max-width: 768px) 100vw, 768px\" \/><img decoding=\"async\" class=\"aligncenter wp-image-3478 size-large\" src=\"https:\/\/www.szekelykapuk.ro\/wp-content\/uploads\/2019\/03\/IMG_0614-1-768x1024.jpg\" alt=\"\" width=\"768\" height=\"1024\" srcset=\"https:\/\/www.szekelykapuk.ro\/wp-content\/uploads\/2019\/03\/IMG_0614-1-768x1024.jpg 768w, https:\/\/www.szekelykapuk.ro\/wp-content\/uploads\/2019\/03\/IMG_0614-1-225x300.jpg 225w, https:\/\/www.szekelykapuk.ro\/wp-content\/uploads\/2019\/03\/IMG_0614-1-150x200.jpg 150w\" sizes=\"(max-width: 768px) 100vw, 768px\" \/><\/p>\n","protected":false},"excerpt":{"rendered":"<p>A k\u00e9pen l\u00e1that\u00f3 kapu a marosh\u00e9v\u00edzi Bors csal\u00e1d port\u00e1ja. Rajta j\u00f3l kivehet\u0151ek a sz\u00e9p tulip\u00e1nos d\u00edsz\u00edt\u00e9sek, valamint a Czimbalmos \u00e9s a Bors csal\u00e1dok nemesi c\u00edmerei. A kaput a ditr\u00f3i n\u00e9hai Hompoth Dezs\u0151 k\u00e9sz\u00edtette 2003-ban. Szarvas utca 32-es sz\u00e1m alatt tal\u00e1lhat\u00f3<\/p>\n","protected":false},"author":1,"featured_media":0,"parent":0,"menu_order":0,"comment_status":"closed","ping_status":"closed","template":"","meta":{"_bbp_topic_count":0,"_bbp_reply_count":0,"_bbp_total_topic_count":0,"_bbp_total_reply_count":0,"_bbp_voice_count":0,"_bbp_anonymous_reply_count":0,"_bbp_topic_count_hidden":0,"_bbp_reply_count_hidden":0,"_bbp_forum_subforum_count":0,"footnotes":""},"class_list":["post-3455","page","type-page","status-publish","hentry"],"_links":{"self":[{"href":"https:\/\/www.szekelykapuk.ro\/index.php\/wp-json\/wp\/v2\/pages\/3455","targetHints":{"allow":["GET"]}}],"collection":[{"href":"https:\/\/www.szekelykapuk.ro\/index.php\/wp-json\/wp\/v2\/pages"}],"about":[{"href":"https:\/\/www.szekelykapuk.ro\/index.php\/wp-json\/wp\/v2\/types\/page"}],"author":[{"embeddable":true,"href":"https:\/\/www.szekelykapuk.ro\/index.php\/wp-json\/wp\/v2\/users\/1"}],"replies":[{"embeddable":true,"href":"https:\/\/www.szekelykapuk.ro\/index.php\/wp-json\/wp\/v2\/comments?post=3455"}],"version-history":[{"count":4,"href":"https:\/\/www.szekelykapuk.ro\/index.php\/wp-json\/wp\/v2\/pages\/3455\/revisions"}],"predecessor-version":[{"id":3481,"href":"https:\/\/www.szekelykapuk.ro\/index.php\/wp-json\/wp\/v2\/pages\/3455\/revisions\/3481"}],"wp:attachment":[{"href":"https:\/\/www.szekelykapuk.ro\/index.php\/wp-json\/wp\/v2\/media?parent=3455"}],"curies":[{"name":"wp","href":"https:\/\/api.w.org\/{rel}","templated":true}]}}