{"id":3451,"date":"2019-03-19T12:09:44","date_gmt":"2019-03-19T12:09:44","guid":{"rendered":"https:\/\/www.szekelykapuk.ro\/?page_id=3451"},"modified":"2019-03-21T08:38:58","modified_gmt":"2019-03-21T08:38:58","slug":"7-2","status":"publish","type":"page","link":"https:\/\/www.szekelykapuk.ro\/index.php\/7-2\/","title":{"rendered":"7."},"content":{"rendered":"<p>A k\u00e9pen l\u00e1that\u00f3 kapu a marosh\u00e9v\u00edzi Sz\u00e9kely csal\u00e1d d\u00edszes bej\u00e1rati kapuja. A port\u00e1t 2011-ben k\u00e9sz\u00edtette a h\u00edres kopjafa \u00e9s kapu k\u00e9sz\u00edt\u0151, Bal\u00e1zs Antal. K\u00edv\u00fcl olvashat\u00f3: \u201eB\u00e9kess\u00e9g a bej\u00f6v\u0151nek, Anno Domini 2011\u201d, m\u00edg a bels\u0151 fel\u00e9n: \u201e\u00dcdv\u00f6ss\u00e9g a kimen\u0151nek\u201d.<\/p>\n<p><img fetchpriority=\"high\" decoding=\"async\" class=\"aligncenter wp-image-3452 size-full\" src=\"https:\/\/www.szekelykapuk.ro\/wp-content\/uploads\/2019\/03\/7.png\" alt=\"\" width=\"496\" height=\"448\" srcset=\"https:\/\/www.szekelykapuk.ro\/wp-content\/uploads\/2019\/03\/7.png 496w, https:\/\/www.szekelykapuk.ro\/wp-content\/uploads\/2019\/03\/7-300x271.png 300w, https:\/\/www.szekelykapuk.ro\/wp-content\/uploads\/2019\/03\/7-200x181.png 200w\" sizes=\"(max-width: 496px) 100vw, 496px\" \/><\/p>\n<p>Tavasz utc\u00e1ban 8-as h\u00e1zsz\u00e1mn\u00e1l tal\u00e1lhat\u00f3 a kapu<\/p>\n<p><img decoding=\"async\" class=\"aligncenter wp-image-3475 size-large\" src=\"https:\/\/www.szekelykapuk.ro\/wp-content\/uploads\/2019\/03\/IMG_0614-768x1024.jpg\" alt=\"\" width=\"768\" height=\"1024\" srcset=\"https:\/\/www.szekelykapuk.ro\/wp-content\/uploads\/2019\/03\/IMG_0614-768x1024.jpg 768w, https:\/\/www.szekelykapuk.ro\/wp-content\/uploads\/2019\/03\/IMG_0614-225x300.jpg 225w, https:\/\/www.szekelykapuk.ro\/wp-content\/uploads\/2019\/03\/IMG_0614-150x200.jpg 150w\" sizes=\"(max-width: 768px) 100vw, 768px\" \/><img decoding=\"async\" class=\"aligncenter wp-image-3476 size-large\" src=\"https:\/\/www.szekelykapuk.ro\/wp-content\/uploads\/2019\/03\/IMG_0615-768x1024.jpg\" alt=\"\" width=\"768\" height=\"1024\" srcset=\"https:\/\/www.szekelykapuk.ro\/wp-content\/uploads\/2019\/03\/IMG_0615-768x1024.jpg 768w, https:\/\/www.szekelykapuk.ro\/wp-content\/uploads\/2019\/03\/IMG_0615-225x300.jpg 225w, https:\/\/www.szekelykapuk.ro\/wp-content\/uploads\/2019\/03\/IMG_0615-150x200.jpg 150w\" sizes=\"(max-width: 768px) 100vw, 768px\" \/><\/p>\n","protected":false},"excerpt":{"rendered":"<p>A k\u00e9pen l\u00e1that\u00f3 kapu a marosh\u00e9v\u00edzi Sz\u00e9kely csal\u00e1d d\u00edszes bej\u00e1rati kapuja. A port\u00e1t 2011-ben k\u00e9sz\u00edtette a h\u00edres kopjafa \u00e9s kapu k\u00e9sz\u00edt\u0151, Bal\u00e1zs Antal. K\u00edv\u00fcl olvashat\u00f3: \u201eB\u00e9kess\u00e9g a bej\u00f6v\u0151nek, Anno Domini 2011\u201d, m\u00edg a bels\u0151 fel\u00e9n: \u201e\u00dcdv\u00f6ss\u00e9g a kimen\u0151nek\u201d. Tavasz utc\u00e1ban 8-as h\u00e1zsz\u00e1mn\u00e1l tal\u00e1lhat\u00f3 a kapu<\/p>\n","protected":false},"author":1,"featured_media":0,"parent":0,"menu_order":0,"comment_status":"closed","ping_status":"closed","template":"","meta":{"_bbp_topic_count":0,"_bbp_reply_count":0,"_bbp_total_topic_count":0,"_bbp_total_reply_count":0,"_bbp_voice_count":0,"_bbp_anonymous_reply_count":0,"_bbp_topic_count_hidden":0,"_bbp_reply_count_hidden":0,"_bbp_forum_subforum_count":0,"footnotes":""},"class_list":["post-3451","page","type-page","status-publish","hentry"],"_links":{"self":[{"href":"https:\/\/www.szekelykapuk.ro\/index.php\/wp-json\/wp\/v2\/pages\/3451","targetHints":{"allow":["GET"]}}],"collection":[{"href":"https:\/\/www.szekelykapuk.ro\/index.php\/wp-json\/wp\/v2\/pages"}],"about":[{"href":"https:\/\/www.szekelykapuk.ro\/index.php\/wp-json\/wp\/v2\/types\/page"}],"author":[{"embeddable":true,"href":"https:\/\/www.szekelykapuk.ro\/index.php\/wp-json\/wp\/v2\/users\/1"}],"replies":[{"embeddable":true,"href":"https:\/\/www.szekelykapuk.ro\/index.php\/wp-json\/wp\/v2\/comments?post=3451"}],"version-history":[{"count":3,"href":"https:\/\/www.szekelykapuk.ro\/index.php\/wp-json\/wp\/v2\/pages\/3451\/revisions"}],"predecessor-version":[{"id":3477,"href":"https:\/\/www.szekelykapuk.ro\/index.php\/wp-json\/wp\/v2\/pages\/3451\/revisions\/3477"}],"wp:attachment":[{"href":"https:\/\/www.szekelykapuk.ro\/index.php\/wp-json\/wp\/v2\/media?parent=3451"}],"curies":[{"name":"wp","href":"https:\/\/api.w.org\/{rel}","templated":true}]}}