{"id":3425,"date":"2019-03-18T12:02:39","date_gmt":"2019-03-18T12:02:39","guid":{"rendered":"https:\/\/www.szekelykapuk.ro\/?page_id=3425"},"modified":"2019-03-18T12:09:40","modified_gmt":"2019-03-18T12:09:40","slug":"4-3","status":"publish","type":"page","link":"https:\/\/www.szekelykapuk.ro\/index.php\/4-3\/","title":{"rendered":"4."},"content":{"rendered":"<p style=\"font-weight: 400;\"><strong>A kapu Sz\u00e9pv\u00edzen tal\u00e1lhat\u00f3, a Templom utc\u00e1ban.\u00a0\u00c9p\u00edt\u00e9s \u00e9ve: 1831, Alcs\u00edkon.\u00a0<\/strong><\/p>\n<p style=\"font-weight: 400;\"><strong>2012-ben negyedszer lett fel\u00e1ll\u00edtva, Szak\u00e1cs Gyula farag\u00f3mester restaur\u00e1lta.<\/strong><\/p>\n<div class=\"better-gallery-container\"><div id=\"gallery-798097627\" class=\"better-gallery  better-gallery-img-publisher-lg\" data-gallery-id=\"798097627\"> <div class=\"fotorama\" data-nav=\"thumbs\" data-auto=\"false\" data-ratio=\"16\/7\"><div data-thumb=\"https:\/\/www.szekelykapuk.ro\/wp-content\/uploads\/2019\/03\/394263_368655753209204_1765551821_n-150x150.jpg\">\n                        <a href=\"https:\/\/www.szekelykapuk.ro\/wp-content\/uploads\/2019\/03\/394263_368655753209204_1765551821_n.jpg\" class=\"slide-link\" data-not-rel=\"true\">\n                            <img decoding=\"async\"  data-id=\"3426\" src=\"https:\/\/www.szekelykapuk.ro\/wp-content\/uploads\/2019\/03\/394263_368655753209204_1765551821_n-750x430.jpg\">\n                        <\/a>\n                    <div class=\"slide-title-wrap\"><\/div><\/div><div data-thumb=\"https:\/\/www.szekelykapuk.ro\/wp-content\/uploads\/2019\/03\/546376_372770162797763_602057110_n-150x150.jpg\">\n                        <a href=\"https:\/\/www.szekelykapuk.ro\/wp-content\/uploads\/2019\/03\/546376_372770162797763_602057110_n.jpg\" class=\"slide-link\" data-not-rel=\"true\">\n                            <img decoding=\"async\"  data-id=\"3427\" src=\"https:\/\/www.szekelykapuk.ro\/wp-content\/uploads\/2019\/03\/546376_372770162797763_602057110_n-750x430.jpg\">\n                        <\/a>\n                    <div class=\"slide-title-wrap\"><\/div><\/div><div data-thumb=\"https:\/\/www.szekelykapuk.ro\/wp-content\/uploads\/2019\/03\/IMG_1053-150x150.jpg\">\n                        <a href=\"https:\/\/www.szekelykapuk.ro\/wp-content\/uploads\/2019\/03\/IMG_1053.jpg\" class=\"slide-link\" data-not-rel=\"true\">\n                            <img decoding=\"async\"  data-id=\"3428\" src=\"https:\/\/www.szekelykapuk.ro\/wp-content\/uploads\/2019\/03\/IMG_1053-750x430.jpg\">\n                        <\/a>\n                    <div class=\"slide-title-wrap\"><\/div><\/div><div data-thumb=\"https:\/\/www.szekelykapuk.ro\/wp-content\/uploads\/2019\/03\/18949011_1600919843276175_15519133_o-150x150.jpg\">\n                        <a href=\"https:\/\/www.szekelykapuk.ro\/wp-content\/uploads\/2019\/03\/18949011_1600919843276175_15519133_o.jpg\" class=\"slide-link\" data-not-rel=\"true\">\n                            <img decoding=\"async\"  data-id=\"3429\" src=\"https:\/\/www.szekelykapuk.ro\/wp-content\/uploads\/2019\/03\/18949011_1600919843276175_15519133_o-750x430.jpg\">\n                        <\/a>\n                    <div class=\"slide-title-wrap\"><\/div><\/div><div data-thumb=\"https:\/\/www.szekelykapuk.ro\/wp-content\/uploads\/2019\/03\/IMG_1055-150x150.jpg\">\n                        <a href=\"https:\/\/www.szekelykapuk.ro\/wp-content\/uploads\/2019\/03\/IMG_1055.jpg\" class=\"slide-link\" data-not-rel=\"true\">\n                            <img decoding=\"async\"  data-id=\"3430\" src=\"https:\/\/www.szekelykapuk.ro\/wp-content\/uploads\/2019\/03\/IMG_1055-750x430.jpg\">\n                        <\/a>\n                    <div class=\"slide-title-wrap\"><\/div><\/div><\/div><div class=\"gallery-title clearfix\">    <span class=\"prev\"><i class=\"fa fa-angle-left\"><\/i> El\u0151z\u0151<\/span>\n                    <span class=\"count\"><i class=\"current\">1<\/i> A <i class=\"total\">5<\/i><\/span>\n                    <span class=\"next\">K\u00f6vetkez\u0151 <i class=\"fa fa-angle-right\"><\/i><\/span>\n                <\/div><\/div><script>var prt_gal_img_798097627 = [\"https:\\\/\\\/www.szekelykapuk.ro\\\/wp-content\\\/uploads\\\/2019\\\/03\\\/394263_368655753209204_1765551821_n.jpg\",\"https:\\\/\\\/www.szekelykapuk.ro\\\/wp-content\\\/uploads\\\/2019\\\/03\\\/546376_372770162797763_602057110_n.jpg\",\"https:\\\/\\\/www.szekelykapuk.ro\\\/wp-content\\\/uploads\\\/2019\\\/03\\\/IMG_1053.jpg\",\"https:\\\/\\\/www.szekelykapuk.ro\\\/wp-content\\\/uploads\\\/2019\\\/03\\\/18949011_1600919843276175_15519133_o.jpg\",\"https:\\\/\\\/www.szekelykapuk.ro\\\/wp-content\\\/uploads\\\/2019\\\/03\\\/IMG_1055.jpg\"]; var prt_gal_cap_798097627 = [\"\",\"\",\"\",\"\",\"\"]; <\/script><\/div>\n","protected":false},"excerpt":{"rendered":"<p>A kapu Sz\u00e9pv\u00edzen tal\u00e1lhat\u00f3, a Templom utc\u00e1ban.\u00a0\u00c9p\u00edt\u00e9s \u00e9ve: 1831, Alcs\u00edkon.\u00a0 2012-ben negyedszer lett fel\u00e1ll\u00edtva, Szak\u00e1cs Gyula farag\u00f3mester restaur\u00e1lta.<\/p>\n","protected":false},"author":1,"featured_media":0,"parent":0,"menu_order":0,"comment_status":"closed","ping_status":"closed","template":"","meta":{"_bbp_topic_count":0,"_bbp_reply_count":0,"_bbp_total_topic_count":0,"_bbp_total_reply_count":0,"_bbp_voice_count":0,"_bbp_anonymous_reply_count":0,"_bbp_topic_count_hidden":0,"_bbp_reply_count_hidden":0,"_bbp_forum_subforum_count":0,"footnotes":""},"class_list":["post-3425","page","type-page","status-publish","hentry"],"_links":{"self":[{"href":"https:\/\/www.szekelykapuk.ro\/index.php\/wp-json\/wp\/v2\/pages\/3425","targetHints":{"allow":["GET"]}}],"collection":[{"href":"https:\/\/www.szekelykapuk.ro\/index.php\/wp-json\/wp\/v2\/pages"}],"about":[{"href":"https:\/\/www.szekelykapuk.ro\/index.php\/wp-json\/wp\/v2\/types\/page"}],"author":[{"embeddable":true,"href":"https:\/\/www.szekelykapuk.ro\/index.php\/wp-json\/wp\/v2\/users\/1"}],"replies":[{"embeddable":true,"href":"https:\/\/www.szekelykapuk.ro\/index.php\/wp-json\/wp\/v2\/comments?post=3425"}],"version-history":[{"count":4,"href":"https:\/\/www.szekelykapuk.ro\/index.php\/wp-json\/wp\/v2\/pages\/3425\/revisions"}],"predecessor-version":[{"id":3436,"href":"https:\/\/www.szekelykapuk.ro\/index.php\/wp-json\/wp\/v2\/pages\/3425\/revisions\/3436"}],"wp:attachment":[{"href":"https:\/\/www.szekelykapuk.ro\/index.php\/wp-json\/wp\/v2\/media?parent=3425"}],"curies":[{"name":"wp","href":"https:\/\/api.w.org\/{rel}","templated":true}]}}