{"id":3398,"date":"2019-03-18T07:55:40","date_gmt":"2019-03-18T07:55:40","guid":{"rendered":"https:\/\/www.szekelykapuk.ro\/?page_id=3398"},"modified":"2019-03-18T08:01:28","modified_gmt":"2019-03-18T08:01:28","slug":"1-2","status":"publish","type":"page","link":"https:\/\/www.szekelykapuk.ro\/index.php\/szekelykapu-tar\/1-2\/","title":{"rendered":"1."},"content":{"rendered":"<p><em><strong>Cs\u00edkszereda, \u00e9p\u00fclt 2016-ban. \u00c9rdekess\u00e9ge, hogy a kapul\u00e1bakat r\u00f6gz\u00edt\u0151 k\u00f6vek 100 \u00e9vesn\u00e9l r\u00e9gebbiek.<\/strong><\/em><\/p>\n<div id='gallery-1' class='gallery galleryid-3398 gallery-columns-2 gallery-size-medium'><figure class='gallery-item'>\n\t\t\t<div class='gallery-icon portrait'>\n\t\t\t\t<a href='https:\/\/www.szekelykapuk.ro\/wp-content\/uploads\/2019\/03\/1-a.jpg'><img fetchpriority=\"high\" decoding=\"async\" width=\"225\" height=\"300\" src=\"https:\/\/www.szekelykapuk.ro\/wp-content\/uploads\/2019\/03\/1-a-225x300.jpg\" class=\"attachment-medium size-medium\" alt=\"\" srcset=\"https:\/\/www.szekelykapuk.ro\/wp-content\/uploads\/2019\/03\/1-a-225x300.jpg 225w, https:\/\/www.szekelykapuk.ro\/wp-content\/uploads\/2019\/03\/1-a-150x200.jpg 150w, https:\/\/www.szekelykapuk.ro\/wp-content\/uploads\/2019\/03\/1-a.jpg 480w\" sizes=\"(max-width: 225px) 100vw, 225px\" \/><\/a>\n\t\t\t<\/div><\/figure><figure class='gallery-item'>\n\t\t\t<div class='gallery-icon portrait'>\n\t\t\t\t<a href='https:\/\/www.szekelykapuk.ro\/wp-content\/uploads\/2019\/03\/1-foto.jpg'><img decoding=\"async\" width=\"225\" height=\"300\" src=\"https:\/\/www.szekelykapuk.ro\/wp-content\/uploads\/2019\/03\/1-foto-225x300.jpg\" class=\"attachment-medium size-medium\" alt=\"\" srcset=\"https:\/\/www.szekelykapuk.ro\/wp-content\/uploads\/2019\/03\/1-foto-225x300.jpg 225w, https:\/\/www.szekelykapuk.ro\/wp-content\/uploads\/2019\/03\/1-foto-150x200.jpg 150w, https:\/\/www.szekelykapuk.ro\/wp-content\/uploads\/2019\/03\/1-foto.jpg 480w\" sizes=\"(max-width: 225px) 100vw, 225px\" \/><\/a>\n\t\t\t<\/div><\/figure>\n\t\t<\/div>\n\n<p>&nbsp;<\/p>\n","protected":false},"excerpt":{"rendered":"<p>Cs\u00edkszereda, \u00e9p\u00fclt 2016-ban. \u00c9rdekess\u00e9ge, hogy a kapul\u00e1bakat r\u00f6gz\u00edt\u0151 k\u00f6vek 100 \u00e9vesn\u00e9l r\u00e9gebbiek. &nbsp;<\/p>\n","protected":false},"author":1,"featured_media":0,"parent":9,"menu_order":0,"comment_status":"closed","ping_status":"closed","template":"","meta":{"_bbp_topic_count":0,"_bbp_reply_count":0,"_bbp_total_topic_count":0,"_bbp_total_reply_count":0,"_bbp_voice_count":0,"_bbp_anonymous_reply_count":0,"_bbp_topic_count_hidden":0,"_bbp_reply_count_hidden":0,"_bbp_forum_subforum_count":0,"footnotes":""},"class_list":["post-3398","page","type-page","status-publish","hentry"],"_links":{"self":[{"href":"https:\/\/www.szekelykapuk.ro\/index.php\/wp-json\/wp\/v2\/pages\/3398","targetHints":{"allow":["GET"]}}],"collection":[{"href":"https:\/\/www.szekelykapuk.ro\/index.php\/wp-json\/wp\/v2\/pages"}],"about":[{"href":"https:\/\/www.szekelykapuk.ro\/index.php\/wp-json\/wp\/v2\/types\/page"}],"author":[{"embeddable":true,"href":"https:\/\/www.szekelykapuk.ro\/index.php\/wp-json\/wp\/v2\/users\/1"}],"replies":[{"embeddable":true,"href":"https:\/\/www.szekelykapuk.ro\/index.php\/wp-json\/wp\/v2\/comments?post=3398"}],"version-history":[{"count":3,"href":"https:\/\/www.szekelykapuk.ro\/index.php\/wp-json\/wp\/v2\/pages\/3398\/revisions"}],"predecessor-version":[{"id":3404,"href":"https:\/\/www.szekelykapuk.ro\/index.php\/wp-json\/wp\/v2\/pages\/3398\/revisions\/3404"}],"up":[{"embeddable":true,"href":"https:\/\/www.szekelykapuk.ro\/index.php\/wp-json\/wp\/v2\/pages\/9"}],"wp:attachment":[{"href":"https:\/\/www.szekelykapuk.ro\/index.php\/wp-json\/wp\/v2\/media?parent=3398"}],"curies":[{"name":"wp","href":"https:\/\/api.w.org\/{rel}","templated":true}]}}