{"id":24,"date":"2018-09-17T06:14:15","date_gmt":"2018-09-17T06:14:15","guid":{"rendered":"https:\/\/www.szekelykapuk.ro\/?page_id=24"},"modified":"2019-03-18T08:21:26","modified_gmt":"2019-03-18T08:21:26","slug":"kapcsolat","status":"publish","type":"page","link":"https:\/\/www.szekelykapuk.ro\/index.php\/kapcsolat\/","title":{"rendered":"KAPCSOLAT"},"content":{"rendered":"<p><strong>Hargita Megy\u00e9\u00e9rt Egyes\u00fclet<\/strong><\/p>\n<p><a href=\"https:\/\/maps.google.com\/?q=Szabads%C3%A1g+t%C3%A9r+5.+Sz%C3%A1m,+422&amp;entry=gmail&amp;source=g\">Szabads\u00e1g t\u00e9r 5. Sz\u00e1m, 422<\/a>-es iroda<u><\/u><u><\/u><\/p>\n<p>530140 \u2013 Cs\u00edkszereda, Hargita megye, Rom\u00e1nia<u><\/u><u><\/u><\/p>\n<p>Tel.:\u00a0<a href=\"tel:+40%20266%20207%20700\" target=\"_blank\" rel=\"noopener noreferrer\">+40266-207 700<\/a><u><\/u><u><\/u><\/p>\n<p>Fax:\u00a0<a href=\"tel:+40%20266%20207%20703\" target=\"_blank\" rel=\"noopener noreferrer\">+40266-207 703<\/a><u><\/u><u><\/u><\/p>\n<p>Mobil:\u00a0<span lang=\"RO\"><a href=\"tel:+40%20734%20994%20367\" target=\"_blank\" rel=\"noopener noreferrer\">+40734994367<\/a><u><\/u><u><\/u><\/span><\/p>\n<p>E-mail c\u00edm:\u00a0<a href=\"mailto:hme@hargitamegye.ro\" target=\"_blank\" rel=\"noopener noreferrer\">hme@hargitamegye.ro<\/a><u><\/u><u><\/u><\/p>\n<p>Web:\u00a0<a href=\"http:\/\/hargitamegyeert.ro\/hu\" target=\"_blank\" rel=\"noopener noreferrer\" data-saferedirecturl=\"https:\/\/www.google.com\/url?hl=hu&amp;q=http:\/\/hargitamegyeert.ro\/hu&amp;source=gmail&amp;ust=1505820226390000&amp;usg=AFQjCNHPAHEsBkv6Er_DtsGGKfrAl36oNw\">hargitamegyeert.ro\/hu<\/a><u><\/u><u><\/u><\/p>\n<p>Facebook:\u00a0<a href=\"https:\/\/www.facebook.com\/Hargita-Megy%C3%A9%C3%A9rt-Egyes%C3%BCletAsocia%C8%9Bia-Pentru-Jude%C8%9Bul-Harghita-537029676439744\/\">Hargita Megy\u00e9\u00e9rt Egyes\u00fclet\/Asocia\u021bia Pentru Jude\u021bul Harghita<\/a><\/p>\n<p><a href=\"http:\/\/www.szekelykapuk.ro\">www.szekelykapuk.ro\u00a0<\/a><\/p>\n","protected":false},"excerpt":{"rendered":"<p>Hargita Megy\u00e9\u00e9rt Egyes\u00fclet Szabads\u00e1g t\u00e9r 5. Sz\u00e1m, 422-es iroda 530140 \u2013 Cs\u00edkszereda, Hargita megye, Rom\u00e1nia Tel.:\u00a0+40266-207 700 Fax:\u00a0+40266-207 703 Mobil:\u00a0+40734994367 E-mail c\u00edm:\u00a0hme@hargitamegye.ro Web:\u00a0hargitamegyeert.ro\/hu Facebook:\u00a0Hargita Megy\u00e9\u00e9rt Egyes\u00fclet\/Asocia\u021bia Pentru Jude\u021bul Harghita www.szekelykapuk.ro\u00a0<\/p>\n","protected":false},"author":1,"featured_media":0,"parent":0,"menu_order":0,"comment_status":"closed","ping_status":"closed","template":"","meta":{"_bbp_topic_count":0,"_bbp_reply_count":0,"_bbp_total_topic_count":0,"_bbp_total_reply_count":0,"_bbp_voice_count":0,"_bbp_anonymous_reply_count":0,"_bbp_topic_count_hidden":0,"_bbp_reply_count_hidden":0,"_bbp_forum_subforum_count":0,"footnotes":""},"class_list":["post-24","page","type-page","status-publish","hentry"],"_links":{"self":[{"href":"https:\/\/www.szekelykapuk.ro\/index.php\/wp-json\/wp\/v2\/pages\/24","targetHints":{"allow":["GET"]}}],"collection":[{"href":"https:\/\/www.szekelykapuk.ro\/index.php\/wp-json\/wp\/v2\/pages"}],"about":[{"href":"https:\/\/www.szekelykapuk.ro\/index.php\/wp-json\/wp\/v2\/types\/page"}],"author":[{"embeddable":true,"href":"https:\/\/www.szekelykapuk.ro\/index.php\/wp-json\/wp\/v2\/users\/1"}],"replies":[{"embeddable":true,"href":"https:\/\/www.szekelykapuk.ro\/index.php\/wp-json\/wp\/v2\/comments?post=24"}],"version-history":[{"count":3,"href":"https:\/\/www.szekelykapuk.ro\/index.php\/wp-json\/wp\/v2\/pages\/24\/revisions"}],"predecessor-version":[{"id":3413,"href":"https:\/\/www.szekelykapuk.ro\/index.php\/wp-json\/wp\/v2\/pages\/24\/revisions\/3413"}],"wp:attachment":[{"href":"https:\/\/www.szekelykapuk.ro\/index.php\/wp-json\/wp\/v2\/media?parent=24"}],"curies":[{"name":"wp","href":"https:\/\/api.w.org\/{rel}","templated":true}]}}